{"id":5699,"date":"2020-09-25T17:22:37","date_gmt":"2020-09-25T20:22:37","guid":{"rendered":"https:\/\/www.livrariadocampus.com.br\/?post_type=product&#038;p=5699"},"modified":"2023-06-12T14:23:05","modified_gmt":"2023-06-12T17:23:05","slug":"fisiologia-2018-por-margarida-de-mello-aires","status":"publish","type":"product","link":"https:\/\/livrariadocampus.com.br\/loja\/produto\/fisiologia-2018-por-margarida-de-mello-aires\/","title":{"rendered":"Fisiologia  2018 por Margarida de Mello Aires"},"content":{"rendered":"<p>De autoria da Professora Margarida Aires, este livro apresenta o conte\u00fado nacional de Fisiologia mais completo da \u00e1rea. Destinado tanto aos estudantes de gradua\u00e7\u00e3o como aos de p\u00f3s-gradua\u00e7\u00e3o, fornece um ensino formativo, em que os mecanismos fisiol\u00f3gicos s\u00e3o apresentados e discutidos para serem compreendidos e aplicados na futura vida profissional desses alunos. A abrang\u00eancia do texto \u00e9 adequada ao tempo que os estudantes disp\u00f5em para o estudo. Para acompanhar os avan\u00e7os da \u00e1rea, esta quinta edi\u00e7\u00e3o foi totalmente revisada e atualizada. Novos editores foram escolhidos por sua compet\u00eancia cient\u00edfica e did\u00e1tica, para que os alunos sempre recebam informa\u00e7\u00f5es imediatas sobre as<\/p>\n","protected":false},"excerpt":{"rendered":"<p>De autoria da Professora Margarida Aires, este livro apresenta o conte\u00fado nacional de Fisiologia mais completo da \u00e1rea. Destinado tanto aos estudantes de gradua\u00e7\u00e3o como aos de p\u00f3s-gradua\u00e7\u00e3o, fornece um ensino formativo, em que os mecanismos fisiol\u00f3gicos s\u00e3o apresentados e discutidos para serem compreendidos e aplicados na futura vida profissional desses alunos. A abrang\u00eancia do&hellip;&nbsp;<a href=\"https:\/\/livrariadocampus.com.br\/loja\/produto\/fisiologia-2018-por-margarida-de-mello-aires\/\" class=\"\" rel=\"bookmark\">Continue a ler &raquo;<span class=\"screen-reader-text\">Fisiologia  2018 por Margarida de Mello Aires<\/span><\/a><\/p>\n","protected":false},"featured_media":5700,"template":"","meta":{"neve_meta_sidebar":"","neve_meta_container":"","neve_meta_enable_content_width":"off","neve_meta_content_width":0,"neve_meta_title_alignment":"","neve_meta_author_avatar":"","neve_post_elements_order":"","neve_meta_disable_header":"","neve_meta_disable_footer":"","neve_meta_disable_title":"","_joinchat":[]},"product_brand":[],"product_cat":[104,97,210],"product_tag":[],"class_list":{"0":"post-5699","1":"product","2":"type-product","3":"status-publish","4":"has-post-thumbnail","6":"product_cat-clinica-medica-semiologia","7":"product_cat-fisiologia","8":"product_cat-fisiopatologia","10":"first","11":"instock","12":"sale","13":"shipping-taxable","14":"purchasable","15":"product-type-simple"},"jetpack_sharing_enabled":true,"_links":{"self":[{"href":"https:\/\/livrariadocampus.com.br\/loja\/wp-json\/wp\/v2\/product\/5699","targetHints":{"allow":["GET"]}}],"collection":[{"href":"https:\/\/livrariadocampus.com.br\/loja\/wp-json\/wp\/v2\/product"}],"about":[{"href":"https:\/\/livrariadocampus.com.br\/loja\/wp-json\/wp\/v2\/types\/product"}],"wp:featuredmedia":[{"embeddable":true,"href":"https:\/\/livrariadocampus.com.br\/loja\/wp-json\/wp\/v2\/media\/5700"}],"wp:attachment":[{"href":"https:\/\/livrariadocampus.com.br\/loja\/wp-json\/wp\/v2\/media?parent=5699"}],"wp:term":[{"taxonomy":"product_brand","embeddable":true,"href":"https:\/\/livrariadocampus.com.br\/loja\/wp-json\/wp\/v2\/product_brand?post=5699"},{"taxonomy":"product_cat","embeddable":true,"href":"https:\/\/livrariadocampus.com.br\/loja\/wp-json\/wp\/v2\/product_cat?post=5699"},{"taxonomy":"product_tag","embeddable":true,"href":"https:\/\/livrariadocampus.com.br\/loja\/wp-json\/wp\/v2\/product_tag?post=5699"}],"curies":[{"name":"wp","href":"https:\/\/api.w.org\/{rel}","templated":true}]}}