{"id":5692,"date":"2020-09-25T17:12:20","date_gmt":"2020-09-25T20:12:20","guid":{"rendered":"https:\/\/www.livrariadocampus.com.br\/?post_type=product&#038;p=5692"},"modified":"2024-02-29T11:04:13","modified_gmt":"2024-02-29T14:04:13","slug":"anatomia-orientada-para-a-clinica-2019-por-arthur-f-dalley-moore-promocao","status":"publish","type":"product","link":"https:\/\/livrariadocampus.com.br\/loja\/produto\/anatomia-orientada-para-a-clinica-2019-por-arthur-f-dalley-moore-promocao\/","title":{"rendered":"Anatomia Orientada para a Cl\u00ednica  2019 por Arthur F. Dalley Moore promo\u00e7\u00e3o"},"content":{"rendered":"<p>O livro-texto de Anatomia mais conhecido do mundo chega a sua 8\u00aa edi\u00e7\u00e3o ainda melhor! Aclamado em todo o mundo por sua cobertura abrangente, pela clareza do seu texto e pela precis\u00e3o das suas ilustra\u00e7\u00f5es, Moore | Anatomia Orientada para a Cl\u00ednica oferece aos estudantes da \u00e1rea da sa\u00fade a mais consistente e acess\u00edvel abordagem para o aprendizado da anatomia. Com diversas atualiza\u00e7\u00f5es e novos assuntos, a nova edi\u00e7\u00e3o mant\u00e9m o rigor cient\u00edfico das informa\u00e7\u00f5es do seu respeitado texto. As atualiza\u00e7\u00f5es refletem os avan\u00e7os na aplica\u00e7\u00e3o cl\u00ednica da Anatomia, bem como nas tecnologias de imagem, enfatizando os pontos da disciplina que o estudante precisa dominar. Principais diferenciais Recursos pedag\u00f3gicos que facilitam o aprendizado, como os boxes de correla\u00e7\u00f5es cl\u00ednicas e resumos dos elementos mais importantes abordados em cada cap\u00edtulo Rico em imagens e ilustra\u00e7\u00f5es que demonstram a correla\u00e7\u00e3o entre a anatomia e os achados no exame f\u00edsico, facilitando o diagn\u00f3stico Edi\u00e7\u00e3o totalmente atualizada e acrescida de texto e imagens Material suplementar online: quest\u00f5es de m\u00faltipla escolha e estudos de caso.<\/p>\n","protected":false},"excerpt":{"rendered":"<p>O livro-texto de Anatomia mais conhecido do mundo chega a sua 8\u00aa edi\u00e7\u00e3o ainda melhor! Aclamado em todo o mundo por sua cobertura abrangente, pela clareza do seu texto e pela precis\u00e3o das suas ilustra\u00e7\u00f5es, Moore | Anatomia Orientada para a Cl\u00ednica oferece aos estudantes da \u00e1rea da sa\u00fade a mais consistente e acess\u00edvel abordagem&hellip;&nbsp;<a href=\"https:\/\/livrariadocampus.com.br\/loja\/produto\/anatomia-orientada-para-a-clinica-2019-por-arthur-f-dalley-moore-promocao\/\" class=\"\" rel=\"bookmark\">Continue a ler &raquo;<span class=\"screen-reader-text\">Anatomia Orientada para a Cl\u00ednica  2019 por Arthur F. Dalley Moore promo\u00e7\u00e3o<\/span><\/a><\/p>\n","protected":false},"featured_media":5696,"template":"","meta":{"neve_meta_sidebar":"","neve_meta_container":"","neve_meta_enable_content_width":"off","neve_meta_content_width":0,"neve_meta_title_alignment":"","neve_meta_author_avatar":"","neve_post_elements_order":"","neve_meta_disable_header":"","neve_meta_disable_footer":"","neve_meta_disable_title":"","_joinchat":[]},"product_brand":[],"product_cat":[171,126],"product_tag":[],"class_list":{"0":"post-5692","1":"product","2":"type-product","3":"status-publish","4":"has-post-thumbnail","6":"product_cat-anato-embrio-histo-bucal","7":"product_cat-anatomia-embriologia-histologi","9":"first","10":"instock","11":"sale","12":"shipping-taxable","13":"purchasable","14":"product-type-simple"},"jetpack_sharing_enabled":true,"_links":{"self":[{"href":"https:\/\/livrariadocampus.com.br\/loja\/wp-json\/wp\/v2\/product\/5692","targetHints":{"allow":["GET"]}}],"collection":[{"href":"https:\/\/livrariadocampus.com.br\/loja\/wp-json\/wp\/v2\/product"}],"about":[{"href":"https:\/\/livrariadocampus.com.br\/loja\/wp-json\/wp\/v2\/types\/product"}],"wp:featuredmedia":[{"embeddable":true,"href":"https:\/\/livrariadocampus.com.br\/loja\/wp-json\/wp\/v2\/media\/5696"}],"wp:attachment":[{"href":"https:\/\/livrariadocampus.com.br\/loja\/wp-json\/wp\/v2\/media?parent=5692"}],"wp:term":[{"taxonomy":"product_brand","embeddable":true,"href":"https:\/\/livrariadocampus.com.br\/loja\/wp-json\/wp\/v2\/product_brand?post=5692"},{"taxonomy":"product_cat","embeddable":true,"href":"https:\/\/livrariadocampus.com.br\/loja\/wp-json\/wp\/v2\/product_cat?post=5692"},{"taxonomy":"product_tag","embeddable":true,"href":"https:\/\/livrariadocampus.com.br\/loja\/wp-json\/wp\/v2\/product_tag?post=5692"}],"curies":[{"name":"wp","href":"https:\/\/api.w.org\/{rel}","templated":true}]}}