{"id":5686,"date":"2020-09-25T16:55:59","date_gmt":"2020-09-25T19:55:59","guid":{"rendered":"https:\/\/www.livrariadocampus.com.br\/?post_type=product&#038;p=5686"},"modified":"2024-01-17T11:49:26","modified_gmt":"2024-01-17T14:49:26","slug":"introducao-a-genetica-por-richard-c-lewontin-autor-sean-b-carroll-autor-anthony-j-f-griffiths","status":"publish","type":"product","link":"https:\/\/livrariadocampus.com.br\/loja\/produto\/introducao-a-genetica-por-richard-c-lewontin-autor-sean-b-carroll-autor-anthony-j-f-griffiths\/","title":{"rendered":"Introdu\u00e7\u00e3o \u00e0 Gen\u00e9tica  por Richard C. Lewontin (Autor), Sean B. Carroll (Autor), Anthony J. F. Griffiths"},"content":{"rendered":"<p>Desde a primeira edi\u00e7\u00e3o, publicada em 1974, Introdu\u00e7\u00e3o \u00e0 Gen\u00e9tica enfatiza a for\u00e7a e a efic\u00e1cia da abordagem gen\u00e9tica na pesquisa biol\u00f3gica e suas aplica\u00e7\u00f5es. Em suas muitas edi\u00e7\u00f5es, ampliou-se continuamente a abrang\u00eancia do texto, \u00e0 medida que a for\u00e7a da an\u00e1lise gen\u00e9tica tradicional se estendeu com a introdu\u00e7\u00e3o da tecnologia do DNA recombinante e em seguida da gen\u00f4mica. Na 11\u00aa edi\u00e7\u00e3o, damos continuidade a essa tradi\u00e7\u00e3o e mostramos de que maneira o surgimento desse tipo de an\u00e1lise foi inspirador nas pesquisas em biologia, agricultura e sa\u00fade humana. O Labrador Retriever, escolhido como arte de capa nesta edi\u00e7\u00e3o, \u00e9 uma das ra\u00e7as de c\u00e3es mais populares dentre as mais de 300 existentes, e vem sendo objeto de in\u00fameras pesquisas gen\u00e9ticas sobre a cor da pelagem, por exemplo. A gen\u00e9tica canina \u00e9 de interesse geral por v\u00e1rios motivos. O grande n\u00famero de ra\u00e7as demonstra uma ampla varia\u00e7\u00e3o de fen\u00f3tipos, inclusive com rela\u00e7\u00e3o a tamanho, cor, complei\u00e7\u00e3o, velocidade, comportamento, al\u00e9m da predisposi\u00e7\u00e3o a certas doen\u00e7as. Essa diversidade, selecionada pelos criadores para usos espec\u00ed cos dos c\u00e3es, \u00e9 um verdadeiro tesouro gen\u00e9tico, uma vez que, por meio do estudo dos genomas de ra\u00e7as diferentes, podese identificar marcadores gen\u00f4micos que ressaltam os genes como respons\u00e1veis pelas varia\u00e7\u00f5es. Essa \u00e9 uma quest\u00e3o interessante n\u00e3o apenas para o estudo da fun\u00e7\u00e3o biol\u00f3gica como um todo, mas para a medicina veterin\u00e1ria e, por extrapola\u00e7\u00e3o, para a medicina de seres humanos. Labradores Retriever apresentam comportamento relativamente calmo em compara\u00e7\u00e3o com os Border Collie, por exemplo. Isso revela como o seu genoma se mostra importante, entre outras raz\u00f5es, para o estudo da gen\u00e9tica comportamental.<\/p>\n","protected":false},"excerpt":{"rendered":"<p>Desde a primeira edi\u00e7\u00e3o, publicada em 1974, Introdu\u00e7\u00e3o \u00e0 Gen\u00e9tica enfatiza a for\u00e7a e a efic\u00e1cia da abordagem gen\u00e9tica na pesquisa biol\u00f3gica e suas aplica\u00e7\u00f5es. Em suas muitas edi\u00e7\u00f5es, ampliou-se continuamente a abrang\u00eancia do texto, \u00e0 medida que a for\u00e7a da an\u00e1lise gen\u00e9tica tradicional se estendeu com a introdu\u00e7\u00e3o da tecnologia do DNA recombinante e&hellip;&nbsp;<a href=\"https:\/\/livrariadocampus.com.br\/loja\/produto\/introducao-a-genetica-por-richard-c-lewontin-autor-sean-b-carroll-autor-anthony-j-f-griffiths\/\" class=\"\" rel=\"bookmark\">Continue a ler &raquo;<span class=\"screen-reader-text\">Introdu\u00e7\u00e3o \u00e0 Gen\u00e9tica  por Richard C. Lewontin (Autor), Sean B. Carroll (Autor), Anthony J. F. Griffiths<\/span><\/a><\/p>\n","protected":false},"featured_media":5687,"template":"","meta":{"neve_meta_sidebar":"","neve_meta_container":"","neve_meta_enable_content_width":"off","neve_meta_content_width":0,"neve_meta_title_alignment":"","neve_meta_author_avatar":"","neve_post_elements_order":"","neve_meta_disable_header":"","neve_meta_disable_footer":"","neve_meta_disable_title":"","_joinchat":[]},"product_brand":[],"product_cat":[209],"product_tag":[],"class_list":{"0":"post-5686","1":"product","2":"type-product","3":"status-publish","4":"has-post-thumbnail","6":"product_cat-genetica","8":"first","9":"instock","10":"shipping-taxable","11":"purchasable","12":"product-type-simple"},"jetpack_sharing_enabled":true,"_links":{"self":[{"href":"https:\/\/livrariadocampus.com.br\/loja\/wp-json\/wp\/v2\/product\/5686","targetHints":{"allow":["GET"]}}],"collection":[{"href":"https:\/\/livrariadocampus.com.br\/loja\/wp-json\/wp\/v2\/product"}],"about":[{"href":"https:\/\/livrariadocampus.com.br\/loja\/wp-json\/wp\/v2\/types\/product"}],"wp:featuredmedia":[{"embeddable":true,"href":"https:\/\/livrariadocampus.com.br\/loja\/wp-json\/wp\/v2\/media\/5687"}],"wp:attachment":[{"href":"https:\/\/livrariadocampus.com.br\/loja\/wp-json\/wp\/v2\/media?parent=5686"}],"wp:term":[{"taxonomy":"product_brand","embeddable":true,"href":"https:\/\/livrariadocampus.com.br\/loja\/wp-json\/wp\/v2\/product_brand?post=5686"},{"taxonomy":"product_cat","embeddable":true,"href":"https:\/\/livrariadocampus.com.br\/loja\/wp-json\/wp\/v2\/product_cat?post=5686"},{"taxonomy":"product_tag","embeddable":true,"href":"https:\/\/livrariadocampus.com.br\/loja\/wp-json\/wp\/v2\/product_tag?post=5686"}],"curies":[{"name":"wp","href":"https:\/\/api.w.org\/{rel}","templated":true}]}}