{"id":5683,"date":"2020-09-25T16:06:38","date_gmt":"2020-09-25T19:06:38","guid":{"rendered":"https:\/\/www.livrariadocampus.com.br\/?post_type=product&#038;p=5683"},"modified":"2023-06-12T14:26:12","modified_gmt":"2023-06-12T17:26:12","slug":"genetica-molecular-basica-dos-genes-aos-genomas-2017-por-carlos-f-m-menck-autor-marie-anne-van-sluys","status":"publish","type":"product","link":"https:\/\/livrariadocampus.com.br\/loja\/produto\/genetica-molecular-basica-dos-genes-aos-genomas-2017-por-carlos-f-m-menck-autor-marie-anne-van-sluys\/","title":{"rendered":"Gen\u00e9tica Molecular B\u00e1sica: Dos Genes aos Genomas  2017 por Carlos F. M. Menck (Autor), Marie-Anne Van Sluys"},"content":{"rendered":"<p>Existem excelentes obras de Gen\u00e9tica Molecular, principalmente de autores norte-americanos e europeus. Contudo, h\u00e1 uma lacuna de informa\u00e7\u00f5es que sejam diretamente relevantes ao Brasil.\u00a0 Escrita por pesquisadores brasileiros atuantes, Gen\u00e9tica Molecular B\u00e1sica | Dos Genes aos Genomas oferece uma vis\u00e3o clara, objetiva e atualizada de cada assunto apresentado, desde a descoberta da mol\u00e9cula de DNA at\u00e9 os avan\u00e7os de maior impacto social, como c\u00e9lulas-tronco e terapia g\u00eanica. A leitura agrad\u00e1vel dos 25 cap\u00edtulos que comp\u00f5em esta obra torna estimulante o aprendizado dos temas.\u00a0 Indicada principalmente a alunos da gradua\u00e7\u00e3o nas diferentes \u00e1reas de Ci\u00eancias da Vida, esta obra \u00e9 \u00fatil tamb\u00e9m a todos aqueles que desejam se aprofundar nos conceitos e nas aplica\u00e7\u00f5es da biologia molecular.<\/p>\n","protected":false},"excerpt":{"rendered":"<p>Existem excelentes obras de Gen\u00e9tica Molecular, principalmente de autores norte-americanos e europeus. Contudo, h\u00e1 uma lacuna de informa\u00e7\u00f5es que sejam diretamente relevantes ao Brasil.\u00a0 Escrita por pesquisadores brasileiros atuantes, Gen\u00e9tica Molecular B\u00e1sica | Dos Genes aos Genomas oferece uma vis\u00e3o clara, objetiva e atualizada de cada assunto apresentado, desde a descoberta da mol\u00e9cula de DNA&hellip;&nbsp;<a href=\"https:\/\/livrariadocampus.com.br\/loja\/produto\/genetica-molecular-basica-dos-genes-aos-genomas-2017-por-carlos-f-m-menck-autor-marie-anne-van-sluys\/\" class=\"\" rel=\"bookmark\">Continue a ler &raquo;<span class=\"screen-reader-text\">Gen\u00e9tica Molecular B\u00e1sica: Dos Genes aos Genomas  2017 por Carlos F. M. Menck (Autor), Marie-Anne Van Sluys<\/span><\/a><\/p>\n","protected":false},"featured_media":5684,"template":"","meta":{"neve_meta_sidebar":"","neve_meta_container":"","neve_meta_enable_content_width":"off","neve_meta_content_width":0,"neve_meta_title_alignment":"","neve_meta_author_avatar":"","neve_post_elements_order":"","neve_meta_disable_header":"","neve_meta_disable_footer":"","neve_meta_disable_title":"","_joinchat":[]},"product_brand":[],"product_cat":[209,145],"product_tag":[],"class_list":{"0":"post-5683","1":"product","2":"type-product","3":"status-publish","4":"has-post-thumbnail","6":"product_cat-genetica","7":"product_cat-ginecologia-obstetricia-mastol","9":"first","10":"outofstock","11":"shipping-taxable","12":"product-type-simple"},"jetpack_sharing_enabled":true,"_links":{"self":[{"href":"https:\/\/livrariadocampus.com.br\/loja\/wp-json\/wp\/v2\/product\/5683","targetHints":{"allow":["GET"]}}],"collection":[{"href":"https:\/\/livrariadocampus.com.br\/loja\/wp-json\/wp\/v2\/product"}],"about":[{"href":"https:\/\/livrariadocampus.com.br\/loja\/wp-json\/wp\/v2\/types\/product"}],"wp:featuredmedia":[{"embeddable":true,"href":"https:\/\/livrariadocampus.com.br\/loja\/wp-json\/wp\/v2\/media\/5684"}],"wp:attachment":[{"href":"https:\/\/livrariadocampus.com.br\/loja\/wp-json\/wp\/v2\/media?parent=5683"}],"wp:term":[{"taxonomy":"product_brand","embeddable":true,"href":"https:\/\/livrariadocampus.com.br\/loja\/wp-json\/wp\/v2\/product_brand?post=5683"},{"taxonomy":"product_cat","embeddable":true,"href":"https:\/\/livrariadocampus.com.br\/loja\/wp-json\/wp\/v2\/product_cat?post=5683"},{"taxonomy":"product_tag","embeddable":true,"href":"https:\/\/livrariadocampus.com.br\/loja\/wp-json\/wp\/v2\/product_tag?post=5683"}],"curies":[{"name":"wp","href":"https:\/\/api.w.org\/{rel}","templated":true}]}}