{"id":5676,"date":"2020-09-25T15:51:56","date_gmt":"2020-09-25T18:51:56","guid":{"rendered":"https:\/\/www.livrariadocampus.com.br\/?post_type=product&#038;p=5676"},"modified":"2023-06-12T14:27:38","modified_gmt":"2023-06-12T17:27:38","slug":"fundamentos-de-genetica-2017-por-snustad-autor","status":"publish","type":"product","link":"https:\/\/livrariadocampus.com.br\/loja\/produto\/fundamentos-de-genetica-2017-por-snustad-autor\/","title":{"rendered":"Fundamentos de Gen\u00e9tica  2017 por  SNUSTAD (Autor)"},"content":{"rendered":"<p>A s\u00e9tima edi\u00e7\u00e3o de Snustad | Fundamentos de Gen\u00e9tica foi profundamente atualizada para incorporar pesquisas e m\u00e9todos cient\u00edficos que avan\u00e7am rapidamente na \u00e1rea da Gen\u00e9tica. Seu conte\u00fado preserva, contudo, os quatro pilares que alicer\u00e7am as edi\u00e7\u00f5es anteriores e mant\u00eam o foco nos princ\u00edpios b\u00e1sicos da gen\u00e9tica, no processo cient\u00edfico, na gen\u00e9tica humana e no desenvolvimento de habilidades de reflex\u00e3o por meio da an\u00e1lise de dados experimentais e problemas. A organiza\u00e7\u00e3o desta edi\u00e7\u00e3o tamb\u00e9m passou por reestrutura\u00e7\u00e3o para tornar a obra mais vers\u00e1til e compacta \u2013 o texto impresso foi dividido em 20 cap\u00edtulos, e 4 cap\u00edtulos adicionais est\u00e3o dispon\u00edveis on-line \u2013 para atender \u00e0 demanda dos diversos cursos que adotam o livro, possibilitando estudar os t\u00f3picos em diferentes ordens e formatos. Entre as principais caracter\u00edsticas elaboradas para complementar o texto e facilitar o aprendizado, destacam-se imagens e ilustra\u00e7\u00f5es, se\u00e7\u00f5es de exerc\u00edcio, bem como quadros e boxes distribu\u00eddos por toda a obra. Outro diferencial \u00e9 o material suplementar on-line, que, al\u00e9m dos cap\u00edtulos adicionais, conta com ap\u00eandices, quest\u00f5es de m\u00faltipla escolha e boxes que refor\u00e7am ou expandem habilidades, t\u00e9cnicas e conceitos descritos no livro impresso.<\/p>\n","protected":false},"excerpt":{"rendered":"<p>A s\u00e9tima edi\u00e7\u00e3o de Snustad | Fundamentos de Gen\u00e9tica foi profundamente atualizada para incorporar pesquisas e m\u00e9todos cient\u00edficos que avan\u00e7am rapidamente na \u00e1rea da Gen\u00e9tica. Seu conte\u00fado preserva, contudo, os quatro pilares que alicer\u00e7am as edi\u00e7\u00f5es anteriores e mant\u00eam o foco nos princ\u00edpios b\u00e1sicos da gen\u00e9tica, no processo cient\u00edfico, na gen\u00e9tica humana e no desenvolvimento&hellip;&nbsp;<a href=\"https:\/\/livrariadocampus.com.br\/loja\/produto\/fundamentos-de-genetica-2017-por-snustad-autor\/\" class=\"\" rel=\"bookmark\">Continue a ler &raquo;<span class=\"screen-reader-text\">Fundamentos de Gen\u00e9tica  2017 por  SNUSTAD (Autor)<\/span><\/a><\/p>\n","protected":false},"featured_media":5680,"template":"","meta":{"neve_meta_sidebar":"","neve_meta_container":"","neve_meta_enable_content_width":"off","neve_meta_content_width":0,"neve_meta_title_alignment":"","neve_meta_author_avatar":"","neve_post_elements_order":"","neve_meta_disable_header":"","neve_meta_disable_footer":"","neve_meta_disable_title":"","_joinchat":[]},"product_brand":[],"product_cat":[209,145],"product_tag":[],"class_list":{"0":"post-5676","1":"product","2":"type-product","3":"status-publish","4":"has-post-thumbnail","6":"product_cat-genetica","7":"product_cat-ginecologia-obstetricia-mastol","9":"first","10":"instock","11":"sale","12":"shipping-taxable","13":"purchasable","14":"product-type-simple"},"jetpack_sharing_enabled":true,"_links":{"self":[{"href":"https:\/\/livrariadocampus.com.br\/loja\/wp-json\/wp\/v2\/product\/5676","targetHints":{"allow":["GET"]}}],"collection":[{"href":"https:\/\/livrariadocampus.com.br\/loja\/wp-json\/wp\/v2\/product"}],"about":[{"href":"https:\/\/livrariadocampus.com.br\/loja\/wp-json\/wp\/v2\/types\/product"}],"wp:featuredmedia":[{"embeddable":true,"href":"https:\/\/livrariadocampus.com.br\/loja\/wp-json\/wp\/v2\/media\/5680"}],"wp:attachment":[{"href":"https:\/\/livrariadocampus.com.br\/loja\/wp-json\/wp\/v2\/media?parent=5676"}],"wp:term":[{"taxonomy":"product_brand","embeddable":true,"href":"https:\/\/livrariadocampus.com.br\/loja\/wp-json\/wp\/v2\/product_brand?post=5676"},{"taxonomy":"product_cat","embeddable":true,"href":"https:\/\/livrariadocampus.com.br\/loja\/wp-json\/wp\/v2\/product_cat?post=5676"},{"taxonomy":"product_tag","embeddable":true,"href":"https:\/\/livrariadocampus.com.br\/loja\/wp-json\/wp\/v2\/product_tag?post=5676"}],"curies":[{"name":"wp","href":"https:\/\/api.w.org\/{rel}","templated":true}]}}