{"id":5671,"date":"2020-09-25T15:35:49","date_gmt":"2020-09-25T18:35:49","guid":{"rendered":"https:\/\/www.livrariadocampus.com.br\/?post_type=product&#038;p=5671"},"modified":"2023-06-12T14:29:47","modified_gmt":"2023-06-12T17:29:47","slug":"genetica-na-pratica-pediatrica-2019","status":"publish","type":"product","link":"https:\/\/livrariadocampus.com.br\/loja\/produto\/genetica-na-pratica-pediatrica-2019\/","title":{"rendered":"Gen\u00e9tica na pr\u00e1tica pedi\u00e1trica  2019"},"content":{"rendered":"<p>A segunda edi\u00e7\u00e3o do livro \u201cGen\u00e9tica na pr\u00e1tica pedi\u00e1trica\u201d foi amplamente revista, atualizada e ampliada. Com linguagem clara, procura desmistificar a no\u00e7\u00e3o de que a gen\u00e9tica \u00e9 assunto impenetr\u00e1vel. Apresentando princ\u00edpios b\u00e1sicos desde a avalia\u00e7\u00e3o ao aconselhamento gen\u00e9tico e valendo-se de uma se\u00e7\u00e3o sobre ferramentas diagn\u00f3sticas, descreve as principais doen\u00e7as gen\u00e9ticas, em uma pr\u00e1tica classifica\u00e7\u00e3o por cap\u00edtulos, incluindo erros inatos do metabolismo, transplante de medula \u00f3ssea e terapia g\u00eanica.<\/p>\n","protected":false},"excerpt":{"rendered":"<p>A segunda edi\u00e7\u00e3o do livro \u201cGen\u00e9tica na pr\u00e1tica pedi\u00e1trica\u201d foi amplamente revista, atualizada e ampliada. Com linguagem clara, procura desmistificar a no\u00e7\u00e3o de que a gen\u00e9tica \u00e9 assunto impenetr\u00e1vel. Apresentando princ\u00edpios b\u00e1sicos desde a avalia\u00e7\u00e3o ao aconselhamento gen\u00e9tico e valendo-se de uma se\u00e7\u00e3o sobre ferramentas diagn\u00f3sticas, descreve as principais doen\u00e7as gen\u00e9ticas, em uma pr\u00e1tica classifica\u00e7\u00e3o&hellip;&nbsp;<a href=\"https:\/\/livrariadocampus.com.br\/loja\/produto\/genetica-na-pratica-pediatrica-2019\/\" class=\"\" rel=\"bookmark\">Continue a ler &raquo;<span class=\"screen-reader-text\">Gen\u00e9tica na pr\u00e1tica pedi\u00e1trica  2019<\/span><\/a><\/p>\n","protected":false},"featured_media":5673,"template":"","meta":{"neve_meta_sidebar":"","neve_meta_container":"","neve_meta_enable_content_width":"off","neve_meta_content_width":0,"neve_meta_title_alignment":"","neve_meta_author_avatar":"","neve_post_elements_order":"","neve_meta_disable_header":"","neve_meta_disable_footer":"","neve_meta_disable_title":"","_joinchat":[]},"product_brand":[],"product_cat":[209,25,76],"product_tag":[],"class_list":{"0":"post-5671","1":"product","2":"type-product","3":"status-publish","4":"has-post-thumbnail","6":"product_cat-genetica","7":"product_cat-lancamentos","8":"product_cat-pediatria-neonatologia-pediatria-neonatologia","10":"first","11":"outofstock","12":"shipping-taxable","13":"product-type-simple"},"jetpack_sharing_enabled":true,"_links":{"self":[{"href":"https:\/\/livrariadocampus.com.br\/loja\/wp-json\/wp\/v2\/product\/5671","targetHints":{"allow":["GET"]}}],"collection":[{"href":"https:\/\/livrariadocampus.com.br\/loja\/wp-json\/wp\/v2\/product"}],"about":[{"href":"https:\/\/livrariadocampus.com.br\/loja\/wp-json\/wp\/v2\/types\/product"}],"wp:featuredmedia":[{"embeddable":true,"href":"https:\/\/livrariadocampus.com.br\/loja\/wp-json\/wp\/v2\/media\/5673"}],"wp:attachment":[{"href":"https:\/\/livrariadocampus.com.br\/loja\/wp-json\/wp\/v2\/media?parent=5671"}],"wp:term":[{"taxonomy":"product_brand","embeddable":true,"href":"https:\/\/livrariadocampus.com.br\/loja\/wp-json\/wp\/v2\/product_brand?post=5671"},{"taxonomy":"product_cat","embeddable":true,"href":"https:\/\/livrariadocampus.com.br\/loja\/wp-json\/wp\/v2\/product_cat?post=5671"},{"taxonomy":"product_tag","embeddable":true,"href":"https:\/\/livrariadocampus.com.br\/loja\/wp-json\/wp\/v2\/product_tag?post=5671"}],"curies":[{"name":"wp","href":"https:\/\/api.w.org\/{rel}","templated":true}]}}