{"id":5663,"date":"2020-09-25T15:11:28","date_gmt":"2020-09-25T18:11:28","guid":{"rendered":"https:\/\/www.livrariadocampus.com.br\/?post_type=product&#038;p=5663"},"modified":"2024-09-23T15:50:04","modified_gmt":"2024-09-23T18:50:04","slug":"nutrologia-2018-por-artur-figueiredo-delgado-autor","status":"publish","type":"product","link":"https:\/\/livrariadocampus.com.br\/loja\/produto\/nutrologia-2018-por-artur-figueiredo-delgado-autor\/","title":{"rendered":"Nutrologia 2018 por Artur Figueiredo Delgado (Autor)"},"content":{"rendered":"<p>O livro traz o que h\u00e1 de mais atual na nutrologia pedi\u00e1trica. Todos os cap\u00edtulos foram escritos por profissionais que sempre se dedicaram, e ainda se dedicam, a acompanhar as mais recentes novidades e atualiza\u00e7\u00f5es de temas voltados para a nutri\u00e7\u00e3o da crian\u00e7a e do adolescente. Desde a nutrologia geral, importante para as diferentes \u00e1reas de atua\u00e7\u00e3o pedi\u00e1trica, at\u00e9 as cl\u00ednicas mais espec\u00edficas, por exemplo a neonatologia e a terapia intensiva, est\u00e3o inclu\u00eddas no livro. A obra destina-se n\u00e3o somente aos pediatras gerais, como tamb\u00e9m a profissionais e alunos de gradua\u00e7\u00e3o que tenham interesse pela nutrologia cl\u00ednica pedi\u00e1trica.<\/p>\n","protected":false},"excerpt":{"rendered":"<p>O livro traz o que h\u00e1 de mais atual na nutrologia pedi\u00e1trica. Todos os cap\u00edtulos foram escritos por profissionais que sempre se dedicaram, e ainda se dedicam, a acompanhar as mais recentes novidades e atualiza\u00e7\u00f5es de temas voltados para a nutri\u00e7\u00e3o da crian\u00e7a e do adolescente. Desde a nutrologia geral, importante para as diferentes \u00e1reas&hellip;&nbsp;<a href=\"https:\/\/livrariadocampus.com.br\/loja\/produto\/nutrologia-2018-por-artur-figueiredo-delgado-autor\/\" class=\"\" rel=\"bookmark\">Continue a ler &raquo;<span class=\"screen-reader-text\">Nutrologia 2018 por Artur Figueiredo Delgado (Autor)<\/span><\/a><\/p>\n","protected":false},"featured_media":5665,"template":"","meta":{"neve_meta_sidebar":"","neve_meta_container":"","neve_meta_enable_content_width":"off","neve_meta_content_width":0,"neve_meta_title_alignment":"","neve_meta_author_avatar":"","neve_post_elements_order":"","neve_meta_disable_header":"","neve_meta_disable_footer":"","neve_meta_disable_title":"","_joinchat":[]},"product_brand":[],"product_cat":[25,182,76],"product_tag":[],"class_list":{"0":"post-5663","1":"product","2":"type-product","3":"status-publish","4":"has-post-thumbnail","6":"product_cat-lancamentos","7":"product_cat-pediatria-neonatologia","8":"product_cat-pediatria-neonatologia-pediatria-neonatologia","10":"first","11":"instock","12":"shipping-taxable","13":"purchasable","14":"product-type-simple"},"jetpack_sharing_enabled":true,"_links":{"self":[{"href":"https:\/\/livrariadocampus.com.br\/loja\/wp-json\/wp\/v2\/product\/5663","targetHints":{"allow":["GET"]}}],"collection":[{"href":"https:\/\/livrariadocampus.com.br\/loja\/wp-json\/wp\/v2\/product"}],"about":[{"href":"https:\/\/livrariadocampus.com.br\/loja\/wp-json\/wp\/v2\/types\/product"}],"wp:featuredmedia":[{"embeddable":true,"href":"https:\/\/livrariadocampus.com.br\/loja\/wp-json\/wp\/v2\/media\/5665"}],"wp:attachment":[{"href":"https:\/\/livrariadocampus.com.br\/loja\/wp-json\/wp\/v2\/media?parent=5663"}],"wp:term":[{"taxonomy":"product_brand","embeddable":true,"href":"https:\/\/livrariadocampus.com.br\/loja\/wp-json\/wp\/v2\/product_brand?post=5663"},{"taxonomy":"product_cat","embeddable":true,"href":"https:\/\/livrariadocampus.com.br\/loja\/wp-json\/wp\/v2\/product_cat?post=5663"},{"taxonomy":"product_tag","embeddable":true,"href":"https:\/\/livrariadocampus.com.br\/loja\/wp-json\/wp\/v2\/product_tag?post=5663"}],"curies":[{"name":"wp","href":"https:\/\/api.w.org\/{rel}","templated":true}]}}