{"id":5647,"date":"2020-09-22T17:51:40","date_gmt":"2020-09-22T20:51:40","guid":{"rendered":"https:\/\/www.livrariadocampus.com.br\/?post_type=product&#038;p=5647"},"modified":"2022-05-12T12:01:26","modified_gmt":"2022-05-12T15:01:26","slug":"ordem-de-infusao-de-medicamentos-antineoplasicos-2aed-2020","status":"publish","type":"product","link":"https:\/\/livrariadocampus.com.br\/loja\/produto\/ordem-de-infusao-de-medicamentos-antineoplasicos-2aed-2020\/","title":{"rendered":"ORDEM DE INFUS\u00c3O DE MEDICAMENTOS ANTINEOPLASICOS 2\u00aaED 2020"},"content":{"rendered":"<div id=\"main-wrapper\">\n<div class=\"main-content bg-product-detail product-detail\">\n<div class=\"wrapper\">\n<div id=\"product-description\" class=\"product-tab\">\n<div class=\"product-description-text\">A literatura m\u00e9dica vem se ampliando ao longo das \u00faltimas d\u00e9cadas, gerando um acumulado de evid\u00eancias nunca antes imaginado. Em paralelo ao surgimento das respostas, novas perguntas emergem, necessitando de sistematiza\u00e7\u00f5es e discuss\u00f5es. Nesse contexto, in\u00famero protocolos e varia\u00e7\u00f5es tem surgido, com inclus\u00e3o de novos medicamentos e varia\u00e7\u00f5es visando a diminui\u00e7\u00e3o da toxicidade e otimiza\u00e7\u00e3o da resposta terap\u00eautica. Por\u00e9m, muitos desses protocolos n\u00e3o possuem evid\u00eancias claras da ordem em que os medicamentos devem ser administrados. Para responder \u00e0 essa demanda o livro Ordem de Infus\u00e3o de Medicamentos Antineopl\u00e1sicos realiza o levantamento sistem\u00e1tico de informa\u00e7\u00f5es a respeito da ordem de infus\u00e3o de diversos protocolos antineopl\u00e1sicos, objetivando o apoio aos servi\u00e7os oncol\u00f3gicos para institui\u00e7\u00e3o de rotinas. O livro apresenta uma discuss\u00e3o a respeito das principais teorias e pensamentos que podem influenciar a ordem de infus\u00e3o, com a institui\u00e7\u00e3o de um racioc\u00ednio que privilegia as teorias com maior n\u00edvel de evid\u00eancias, permitindo que o leitor possa compreender a problem\u00e1tica de cada protocolo, bem como verificar as evid\u00eancias utilizadas. A segunda edi\u00e7\u00e3o conta com a revis\u00e3o de todos os protocolos que constam na primeira edi\u00e7\u00e3o, bem como com a inclus\u00e3o de novos esquemas, praticamente dobrando a quantidade de protocolos contemplados, al\u00e9m de incentivar a sistematiza\u00e7\u00e3o de evid\u00eancias por parte dos servi\u00e7os e a realiza\u00e7\u00e3o de pesquisas que auxiliem na amplia\u00e7\u00e3o do conhecimento atual.<\/div>\n<\/div>\n<\/div>\n<div class=\"wrapper\"><\/div>\n<\/div>\n<footer class=\"site-footer small--text-center p-r-0\">\n<div class=\"grid\">\n<div class=\"footer-info\">\n<div class=\"wrapper\">\n<div class=\"grid--full footerDiv\">\n<div class=\"grid-item large--three-twelfths\"><img decoding=\"async\" src=\"https:\/\/www.atheneu.com.br\/images\/logoFooter.png\" \/><\/div>\n<div class=\"grid-item large--two-twelfths large--text-left footerDivs\"><\/div>\n<\/div>\n<\/div>\n<\/div>\n<\/div>\n<\/footer>\n<\/div>\n<div id=\"cookieConsent\"><\/div>\n","protected":false},"excerpt":{"rendered":"<p>A literatura m\u00e9dica vem se ampliando ao longo das \u00faltimas d\u00e9cadas, gerando um acumulado de evid\u00eancias nunca antes imaginado. Em paralelo ao surgimento das respostas, novas perguntas emergem, necessitando de sistematiza\u00e7\u00f5es e discuss\u00f5es. Nesse contexto, in\u00famero protocolos e varia\u00e7\u00f5es tem surgido, com inclus\u00e3o de novos medicamentos e varia\u00e7\u00f5es visando a diminui\u00e7\u00e3o da toxicidade e otimiza\u00e7\u00e3o&hellip;&nbsp;<a href=\"https:\/\/livrariadocampus.com.br\/loja\/produto\/ordem-de-infusao-de-medicamentos-antineoplasicos-2aed-2020\/\" class=\"\" rel=\"bookmark\">Continue a ler &raquo;<span class=\"screen-reader-text\">ORDEM DE INFUS\u00c3O DE MEDICAMENTOS ANTINEOPLASICOS 2\u00aaED 2020<\/span><\/a><\/p>\n","protected":false},"featured_media":5648,"template":"","meta":{"neve_meta_sidebar":"","neve_meta_container":"","neve_meta_enable_content_width":"off","neve_meta_content_width":0,"neve_meta_title_alignment":"","neve_meta_author_avatar":"","neve_post_elements_order":"","neve_meta_disable_header":"","neve_meta_disable_footer":"","neve_meta_disable_title":"","_joinchat":[]},"product_brand":[],"product_cat":[104,184,143],"product_tag":[],"class_list":{"0":"post-5647","1":"product","2":"type-product","3":"status-publish","4":"has-post-thumbnail","6":"product_cat-clinica-medica-semiologia","7":"product_cat-disfuncao-temporomandibular","8":"product_cat-hematologia-oncologia","10":"first","11":"instock","12":"shipping-taxable","13":"purchasable","14":"product-type-simple"},"jetpack_sharing_enabled":true,"_links":{"self":[{"href":"https:\/\/livrariadocampus.com.br\/loja\/wp-json\/wp\/v2\/product\/5647","targetHints":{"allow":["GET"]}}],"collection":[{"href":"https:\/\/livrariadocampus.com.br\/loja\/wp-json\/wp\/v2\/product"}],"about":[{"href":"https:\/\/livrariadocampus.com.br\/loja\/wp-json\/wp\/v2\/types\/product"}],"wp:featuredmedia":[{"embeddable":true,"href":"https:\/\/livrariadocampus.com.br\/loja\/wp-json\/wp\/v2\/media\/5648"}],"wp:attachment":[{"href":"https:\/\/livrariadocampus.com.br\/loja\/wp-json\/wp\/v2\/media?parent=5647"}],"wp:term":[{"taxonomy":"product_brand","embeddable":true,"href":"https:\/\/livrariadocampus.com.br\/loja\/wp-json\/wp\/v2\/product_brand?post=5647"},{"taxonomy":"product_cat","embeddable":true,"href":"https:\/\/livrariadocampus.com.br\/loja\/wp-json\/wp\/v2\/product_cat?post=5647"},{"taxonomy":"product_tag","embeddable":true,"href":"https:\/\/livrariadocampus.com.br\/loja\/wp-json\/wp\/v2\/product_tag?post=5647"}],"curies":[{"name":"wp","href":"https:\/\/api.w.org\/{rel}","templated":true}]}}