{"id":5637,"date":"2020-09-22T17:15:56","date_gmt":"2020-09-22T20:15:56","guid":{"rendered":"https:\/\/www.livrariadocampus.com.br\/?post_type=product&#038;p=5637"},"modified":"2024-09-23T15:34:39","modified_gmt":"2024-09-23T18:34:39","slug":"sindromes-neurologicas-acronimos-e-eponimos-2018-por-wilson-luiz-sanvito-autor","status":"publish","type":"product","link":"https:\/\/livrariadocampus.com.br\/loja\/produto\/sindromes-neurologicas-acronimos-e-eponimos-2018-por-wilson-luiz-sanvito-autor\/","title":{"rendered":"S\u00edndromes Neurol\u00f3gicas: Acr\u00f4nimos e Ep\u00f4nimos 2018 por Wilson Luiz Sanvito (Autor)"},"content":{"rendered":"<p>&#8220;S\u00edndromes Neurol\u00f3gicas &#8211; Acr\u00f4nimos e Ep\u00f4nimos&#8221;, ora em sua 4\u00aa edi\u00e7\u00e3o, agora revista e ampliada, continua o seu percurso informativo e esclarecedor ao levar \u00e0 comunidade m\u00e9dica, particularmente neurol\u00f3gica, a defini\u00e7\u00e3o e o conceito de 506 acr\u00f4nimos e ep\u00f4nimos. E isso se explica por ser a Neurologia \u00e1rea da Medicina, na qual seguramente encontra-se o seu maior n\u00famero.Com efeito, certas s\u00edndromes neurol\u00f3gicas s\u00e3o designadas por diferentes nomes pr\u00f3prios, na depend\u00eancia do pa\u00eds em que se consideram, o que, por si mesmo, gera confus\u00e3o nos estudantes e ne\u00f3fitos da Neurologia.O presente livro \u00e9 tentativa de disciplinar o seu uso por meio de efetiva colabora\u00e7\u00e3o para o conhecimento das s\u00edndromes.Com o prop\u00f3sito de dirimir d\u00favidas entre os estudiosos da Neurologia, incluiu-se nomes de regi\u00f5es geogr\u00e1ficas (ba\u00eda de Minamoto, ilha de Tangier, comunodade de Lyme), de doentes (Hartnup) e de cria\u00e7\u00f5es liter\u00e1rias (Alice no Pa\u00eds das Maravilhas). Incluiu-se tamb\u00e9m siglas j\u00e1 consagradas na literatura m\u00e9dica: ADEM, CASADIL, POEMS, etc.); e algumas doen\u00e7as sist\u00eamicas (Hodgkin, Kahler, etc.) ao se considerar a import\u00e2ncia de suas repercuss\u00f5es neurol\u00f3gicas. &#8220;S\u00edndromes Neurol\u00f3gicas &#8211; Acr\u00f4nimos e Ep\u00f4nimos&#8221;, 4\u00aa edi\u00e7\u00e3o, \u00e9 livro que servir\u00e1 de consulta para todo neurologista, neurocirurgi\u00e3o, cl\u00ednico, residentes em Neurologia, Neurocirurgia e Cl\u00ednica M\u00e9dica, estudiosos e historiadores de Neurologia.<\/p>\n","protected":false},"excerpt":{"rendered":"<p>&#8220;S\u00edndromes Neurol\u00f3gicas &#8211; Acr\u00f4nimos e Ep\u00f4nimos&#8221;, ora em sua 4\u00aa edi\u00e7\u00e3o, agora revista e ampliada, continua o seu percurso informativo e esclarecedor ao levar \u00e0 comunidade m\u00e9dica, particularmente neurol\u00f3gica, a defini\u00e7\u00e3o e o conceito de 506 acr\u00f4nimos e ep\u00f4nimos. E isso se explica por ser a Neurologia \u00e1rea da Medicina, na qual seguramente encontra-se o&hellip;&nbsp;<a href=\"https:\/\/livrariadocampus.com.br\/loja\/produto\/sindromes-neurologicas-acronimos-e-eponimos-2018-por-wilson-luiz-sanvito-autor\/\" class=\"\" rel=\"bookmark\">Continue a ler &raquo;<span class=\"screen-reader-text\">S\u00edndromes Neurol\u00f3gicas: Acr\u00f4nimos e Ep\u00f4nimos 2018 por Wilson Luiz Sanvito (Autor)<\/span><\/a><\/p>\n","protected":false},"featured_media":5639,"template":"","meta":{"neve_meta_sidebar":"","neve_meta_container":"","neve_meta_enable_content_width":"off","neve_meta_content_width":0,"neve_meta_title_alignment":"","neve_meta_author_avatar":"","neve_post_elements_order":"","neve_meta_disable_header":"","neve_meta_disable_footer":"","neve_meta_disable_title":"","_joinchat":[]},"product_brand":[],"product_cat":[111,64],"product_tag":[],"class_list":{"0":"post-5637","1":"product","2":"type-product","3":"status-publish","4":"has-post-thumbnail","6":"product_cat-neurologia","7":"product_cat-neuroogia-e-neurocirurgia","9":"first","10":"instock","11":"shipping-taxable","12":"purchasable","13":"product-type-simple"},"jetpack_sharing_enabled":true,"_links":{"self":[{"href":"https:\/\/livrariadocampus.com.br\/loja\/wp-json\/wp\/v2\/product\/5637","targetHints":{"allow":["GET"]}}],"collection":[{"href":"https:\/\/livrariadocampus.com.br\/loja\/wp-json\/wp\/v2\/product"}],"about":[{"href":"https:\/\/livrariadocampus.com.br\/loja\/wp-json\/wp\/v2\/types\/product"}],"wp:featuredmedia":[{"embeddable":true,"href":"https:\/\/livrariadocampus.com.br\/loja\/wp-json\/wp\/v2\/media\/5639"}],"wp:attachment":[{"href":"https:\/\/livrariadocampus.com.br\/loja\/wp-json\/wp\/v2\/media?parent=5637"}],"wp:term":[{"taxonomy":"product_brand","embeddable":true,"href":"https:\/\/livrariadocampus.com.br\/loja\/wp-json\/wp\/v2\/product_brand?post=5637"},{"taxonomy":"product_cat","embeddable":true,"href":"https:\/\/livrariadocampus.com.br\/loja\/wp-json\/wp\/v2\/product_cat?post=5637"},{"taxonomy":"product_tag","embeddable":true,"href":"https:\/\/livrariadocampus.com.br\/loja\/wp-json\/wp\/v2\/product_tag?post=5637"}],"curies":[{"name":"wp","href":"https:\/\/api.w.org\/{rel}","templated":true}]}}