{"id":5633,"date":"2020-09-22T17:02:52","date_gmt":"2020-09-22T20:02:52","guid":{"rendered":"https:\/\/www.livrariadocampus.com.br\/?post_type=product&#038;p=5633"},"modified":"2023-06-12T14:34:08","modified_gmt":"2023-06-12T17:34:08","slug":"nutricao-no-envelhecer-portugues-capa-comum-2020-por-andrea-abdala-frank-autor","status":"publish","type":"product","link":"https:\/\/livrariadocampus.com.br\/loja\/produto\/nutricao-no-envelhecer-portugues-capa-comum-2020-por-andrea-abdala-frank-autor\/","title":{"rendered":"Nutri\u00e7\u00e3o no Envelhecer (Portugu\u00eas) Capa comum \u2013  2020 por Andr\u00e9a Abdala Frank (Autor)"},"content":{"rendered":"<p>Envelhecer com sa\u00fade perpassa pelo aspecto de nutrir a vida, assim o presente trabalho &#8211; Nutri\u00e7\u00e3o no Envelhecer -, ora em sua 3\u00aa edi\u00e7\u00e3o, prop\u00f5e uma abordagem multidisciplinar e pr\u00e1tica que permitem a sua aplica\u00e7\u00e3o di\u00e1ria nos cuidados com o idoso. Mas tamb\u00e9m leva a uma reflex\u00e3o do ser idoso e de como isso se define al\u00e9m dos limites conceituais te\u00f3ricos.<br \/>\nAo se preocupar em discutir assuntos como educa\u00e7\u00e3o nutricional, pr\u00e1ticas educativas, qualidade de vida e atividade f\u00edsica, o livro abrange uma gama de possibilidades de atua\u00e7\u00e3o profissional com esse p\u00fablico que vem aumentando de forma expressiva.<\/p>\n","protected":false},"excerpt":{"rendered":"<p>Envelhecer com sa\u00fade perpassa pelo aspecto de nutrir a vida, assim o presente trabalho &#8211; Nutri\u00e7\u00e3o no Envelhecer -, ora em sua 3\u00aa edi\u00e7\u00e3o, prop\u00f5e uma abordagem multidisciplinar e pr\u00e1tica que permitem a sua aplica\u00e7\u00e3o di\u00e1ria nos cuidados com o idoso. Mas tamb\u00e9m leva a uma reflex\u00e3o do ser idoso e de como isso se&hellip;&nbsp;<a href=\"https:\/\/livrariadocampus.com.br\/loja\/produto\/nutricao-no-envelhecer-portugues-capa-comum-2020-por-andrea-abdala-frank-autor\/\" class=\"\" rel=\"bookmark\">Continue a ler &raquo;<span class=\"screen-reader-text\">Nutri\u00e7\u00e3o no Envelhecer (Portugu\u00eas) Capa comum \u2013  2020 por Andr\u00e9a Abdala Frank (Autor)<\/span><\/a><\/p>\n","protected":false},"featured_media":5634,"template":"","meta":{"neve_meta_sidebar":"","neve_meta_container":"","neve_meta_enable_content_width":"off","neve_meta_content_width":0,"neve_meta_title_alignment":"","neve_meta_author_avatar":"","neve_post_elements_order":"","neve_meta_disable_header":"","neve_meta_disable_footer":"","neve_meta_disable_title":"","_joinchat":[]},"product_brand":[],"product_cat":[189,25,154],"product_tag":[],"class_list":{"0":"post-5633","1":"product","2":"type-product","3":"status-publish","4":"has-post-thumbnail","6":"product_cat-geriatria-gerontologia","7":"product_cat-lancamentos","8":"product_cat-nutricao-e-tecnologia-de-alime","10":"first","11":"instock","12":"sale","13":"shipping-taxable","14":"purchasable","15":"product-type-simple"},"jetpack_sharing_enabled":true,"_links":{"self":[{"href":"https:\/\/livrariadocampus.com.br\/loja\/wp-json\/wp\/v2\/product\/5633","targetHints":{"allow":["GET"]}}],"collection":[{"href":"https:\/\/livrariadocampus.com.br\/loja\/wp-json\/wp\/v2\/product"}],"about":[{"href":"https:\/\/livrariadocampus.com.br\/loja\/wp-json\/wp\/v2\/types\/product"}],"wp:featuredmedia":[{"embeddable":true,"href":"https:\/\/livrariadocampus.com.br\/loja\/wp-json\/wp\/v2\/media\/5634"}],"wp:attachment":[{"href":"https:\/\/livrariadocampus.com.br\/loja\/wp-json\/wp\/v2\/media?parent=5633"}],"wp:term":[{"taxonomy":"product_brand","embeddable":true,"href":"https:\/\/livrariadocampus.com.br\/loja\/wp-json\/wp\/v2\/product_brand?post=5633"},{"taxonomy":"product_cat","embeddable":true,"href":"https:\/\/livrariadocampus.com.br\/loja\/wp-json\/wp\/v2\/product_cat?post=5633"},{"taxonomy":"product_tag","embeddable":true,"href":"https:\/\/livrariadocampus.com.br\/loja\/wp-json\/wp\/v2\/product_tag?post=5633"}],"curies":[{"name":"wp","href":"https:\/\/api.w.org\/{rel}","templated":true}]}}