{"id":5626,"date":"2020-09-22T13:07:48","date_gmt":"2020-09-22T16:07:48","guid":{"rendered":"https:\/\/www.livrariadocampus.com.br\/?post_type=product&#038;p=5626"},"modified":"2023-06-12T14:34:31","modified_gmt":"2023-06-12T17:34:31","slug":"cancer-de-reto-fundamentos-do-tratamento-multidisciplinar-rodrigo-gomes-da-silva-2017","status":"publish","type":"product","link":"https:\/\/livrariadocampus.com.br\/loja\/produto\/cancer-de-reto-fundamentos-do-tratamento-multidisciplinar-rodrigo-gomes-da-silva-2017\/","title":{"rendered":"C\u00e2ncer de reto &#8211; fundamentos do tratamento multidisciplinar RODRIGO GOMES  DA SILVA  2017"},"content":{"rendered":"<p>C\u00e2ncer de Reto &#8211; Fundamentos do Tratamento Multidisciplinar procura responder ao maior desafio da Coloproctologia atual, ao se considerar as peculiaridades com que se apresenta, n\u00e3o s\u00f3 para os especialistas, como tamb\u00e9m para os pacientes. Para debater esse tema e oferecer sugest\u00f5es, foi criada uma for\u00e7a-tarefa de especialistas no Brasil, Estados Unidos e Europa. Pretende-se, assim, definir o estado da arte no tratamento dessa afec\u00e7\u00e3o. O c\u00e2ncer de reto \u00e9, sem sombra de d\u00favida, o tema que cria maior expectativa em todos os congressos, o que adv\u00e9m de discuss\u00f5es sobre as variadas possibilidades terap\u00eauticas e o risco de o paciente passar a ter um estoma definitivo, impactando sua qualidade de vida. Este livro \u00e9 o &#8220;padr\u00e3o-ouro&#8221; para preven\u00e7\u00e3o, manejo e tratamento cir\u00fargico do c\u00e2ncer de reto. Sua for\u00e7a-tarefa autoral est\u00e1 formada por Cirurgi\u00f5es, Oncologistas, Radioterapeutas, Radiologistas, Patologistas, Enfermeiros com especializa\u00e7\u00e3o em Oncologia e Psic\u00f3logos. C\u00e2ncer de Reto &#8211; Fundamentos do Tratamento Multidisciplinar apresenta 3 Editores, 2 Editores-Associados, 80 Colaboradores, 4 partes, 44 cap\u00edtulos, num total de 520 p\u00e1ginas. O livro est\u00e1 dirigido para todos os profissionais de Sa\u00fade envolvidos com a preven\u00e7\u00e3o e o tratamento dessa doen\u00e7a, com \u00eanfase em especial aos Coloproctologistas, residentes em Cirurgia do Aparelho Digestivo e Oncologia Cl\u00ednica e Cir\u00fargica.<\/p>\n","protected":false},"excerpt":{"rendered":"<p>C\u00e2ncer de Reto &#8211; Fundamentos do Tratamento Multidisciplinar procura responder ao maior desafio da Coloproctologia atual, ao se considerar as peculiaridades com que se apresenta, n\u00e3o s\u00f3 para os especialistas, como tamb\u00e9m para os pacientes. Para debater esse tema e oferecer sugest\u00f5es, foi criada uma for\u00e7a-tarefa de especialistas no Brasil, Estados Unidos e Europa. Pretende-se,&hellip;&nbsp;<a href=\"https:\/\/livrariadocampus.com.br\/loja\/produto\/cancer-de-reto-fundamentos-do-tratamento-multidisciplinar-rodrigo-gomes-da-silva-2017\/\" class=\"\" rel=\"bookmark\">Continue a ler &raquo;<span class=\"screen-reader-text\">C\u00e2ncer de reto &#8211; fundamentos do tratamento multidisciplinar RODRIGO GOMES  DA SILVA  2017<\/span><\/a><\/p>\n","protected":false},"featured_media":5632,"template":"","meta":{"neve_meta_sidebar":"","neve_meta_container":"","neve_meta_enable_content_width":"off","neve_meta_content_width":0,"neve_meta_title_alignment":"","neve_meta_author_avatar":"","neve_post_elements_order":"","neve_meta_disable_header":"","neve_meta_disable_footer":"","neve_meta_disable_title":"","_joinchat":[]},"product_brand":[],"product_cat":[176,67,25],"product_tag":[],"class_list":{"0":"post-5626","1":"product","2":"type-product","3":"status-publish","4":"has-post-thumbnail","6":"product_cat-cirurgia","7":"product_cat-gastroenterologia-clinica","8":"product_cat-lancamentos","10":"first","11":"instock","12":"sale","13":"shipping-taxable","14":"purchasable","15":"product-type-simple"},"jetpack_sharing_enabled":true,"_links":{"self":[{"href":"https:\/\/livrariadocampus.com.br\/loja\/wp-json\/wp\/v2\/product\/5626","targetHints":{"allow":["GET"]}}],"collection":[{"href":"https:\/\/livrariadocampus.com.br\/loja\/wp-json\/wp\/v2\/product"}],"about":[{"href":"https:\/\/livrariadocampus.com.br\/loja\/wp-json\/wp\/v2\/types\/product"}],"wp:featuredmedia":[{"embeddable":true,"href":"https:\/\/livrariadocampus.com.br\/loja\/wp-json\/wp\/v2\/media\/5632"}],"wp:attachment":[{"href":"https:\/\/livrariadocampus.com.br\/loja\/wp-json\/wp\/v2\/media?parent=5626"}],"wp:term":[{"taxonomy":"product_brand","embeddable":true,"href":"https:\/\/livrariadocampus.com.br\/loja\/wp-json\/wp\/v2\/product_brand?post=5626"},{"taxonomy":"product_cat","embeddable":true,"href":"https:\/\/livrariadocampus.com.br\/loja\/wp-json\/wp\/v2\/product_cat?post=5626"},{"taxonomy":"product_tag","embeddable":true,"href":"https:\/\/livrariadocampus.com.br\/loja\/wp-json\/wp\/v2\/product_tag?post=5626"}],"curies":[{"name":"wp","href":"https:\/\/api.w.org\/{rel}","templated":true}]}}