{"id":5623,"date":"2020-09-22T12:32:40","date_gmt":"2020-09-22T15:32:40","guid":{"rendered":"https:\/\/www.livrariadocampus.com.br\/?post_type=product&#038;p=5623"},"modified":"2023-06-12T14:34:54","modified_gmt":"2023-06-12T17:34:54","slug":"ross-histologia-texto-e-atlas-correlacoes-com-biologia-celular-e-molecular-por-wojciech-pawlina-autor-michael-h-ross","status":"publish","type":"product","link":"https:\/\/livrariadocampus.com.br\/loja\/produto\/ross-histologia-texto-e-atlas-correlacoes-com-biologia-celular-e-molecular-por-wojciech-pawlina-autor-michael-h-ross\/","title":{"rendered":"Ross Histologia Texto e Atlas-Correla\u00e7\u00f5es com Biologia Celular e Molecular por Wojciech Pawlina (Autor), Michael H. Ross"},"content":{"rendered":"<p>Did\u00e1tica e abrangente, esta obra consagrada correlaciona a histologia com\u00a0a biologia celular e a molecular por meio de um valioso conte\u00fado que combina\u00a0texto e atlas, indispens\u00e1vel a todos os estudantes das ci\u00eancias da sa\u00fade. Aprimorada e atualizada, esta s\u00e9tima edi\u00e7\u00e3o mant\u00e9m as bem-sucedidas\u00a0caracter\u00edsticas das edi\u00e7\u00f5es anteriores, como a clareza e a concis\u00e3o na\u00a0apresenta\u00e7\u00e3o dos temas, al\u00e9m de contar com uma s\u00e9rie de novidades, elaboradas\u00a0especialmente para facilitar ainda mais o aprendizado e tornar as informa\u00e7\u00f5es mais diretas. Principais caracter\u00edsticas\u2022 Texto totalmente revisado e atualizado\u2022 Nova se\u00e7\u00e3o, Revis\u00e3o, ao final dos cap\u00edtulos\u2022 Tabelas de resumo, entre as quais a de revis\u00e3o das caracter\u00edsticas dos \u00f3rg\u00e3os linf\u00e1ticos\u2022 Acr\u00e9scimo dos boxes Correla\u00e7\u00e3o Cl\u00ednica e Considera\u00e7\u00f5es Funcionais, que cont\u00eam informa\u00e7\u00f5es\u00a0cl\u00ednicas relacionadas com sinais e sintomas, fotomicrografias de tecidos ou \u00f3rg\u00e3os doentes,\u00a0descri\u00e7\u00f5es histopatol\u00f3gicas e tratamento de doen\u00e7as espec\u00edficas\u2022 Novas figuras, fotomicrografias digitais em alta resolu\u00e7\u00e3o e diversas ilustra\u00e7\u00f5es redesenhadas\u00a0para aumentar a clareza e o foco conceitual\u2022 Pranchas atualizadas e com novos d\u00edstic<\/p>\n","protected":false},"excerpt":{"rendered":"<p>Did\u00e1tica e abrangente, esta obra consagrada correlaciona a histologia com\u00a0a biologia celular e a molecular por meio de um valioso conte\u00fado que combina\u00a0texto e atlas, indispens\u00e1vel a todos os estudantes das ci\u00eancias da sa\u00fade. Aprimorada e atualizada, esta s\u00e9tima edi\u00e7\u00e3o mant\u00e9m as bem-sucedidas\u00a0caracter\u00edsticas das edi\u00e7\u00f5es anteriores, como a clareza e a concis\u00e3o na\u00a0apresenta\u00e7\u00e3o dos temas,&hellip;&nbsp;<a href=\"https:\/\/livrariadocampus.com.br\/loja\/produto\/ross-histologia-texto-e-atlas-correlacoes-com-biologia-celular-e-molecular-por-wojciech-pawlina-autor-michael-h-ross\/\" class=\"\" rel=\"bookmark\">Continue a ler &raquo;<span class=\"screen-reader-text\">Ross Histologia Texto e Atlas-Correla\u00e7\u00f5es com Biologia Celular e Molecular por Wojciech Pawlina (Autor), Michael H. Ross<\/span><\/a><\/p>\n","protected":false},"featured_media":5625,"template":"","meta":{"neve_meta_sidebar":"","neve_meta_container":"","neve_meta_enable_content_width":"off","neve_meta_content_width":0,"neve_meta_title_alignment":"","neve_meta_author_avatar":"","neve_post_elements_order":"","neve_meta_disable_header":"","neve_meta_disable_footer":"","neve_meta_disable_title":"","_joinchat":[]},"product_brand":[],"product_cat":[80,239,161,251,71],"product_tag":[],"class_list":{"0":"post-5623","1":"product","2":"type-product","3":"status-publish","4":"has-post-thumbnail","6":"product_cat-biologia","7":"product_cat-ciencias-exatas","8":"product_cat-ciencias-humanas","9":"product_cat-histologia-molecular","10":"product_cat-patalogia-geral","12":"first","13":"outofstock","14":"shipping-taxable","15":"product-type-simple"},"jetpack_sharing_enabled":true,"_links":{"self":[{"href":"https:\/\/livrariadocampus.com.br\/loja\/wp-json\/wp\/v2\/product\/5623","targetHints":{"allow":["GET"]}}],"collection":[{"href":"https:\/\/livrariadocampus.com.br\/loja\/wp-json\/wp\/v2\/product"}],"about":[{"href":"https:\/\/livrariadocampus.com.br\/loja\/wp-json\/wp\/v2\/types\/product"}],"wp:featuredmedia":[{"embeddable":true,"href":"https:\/\/livrariadocampus.com.br\/loja\/wp-json\/wp\/v2\/media\/5625"}],"wp:attachment":[{"href":"https:\/\/livrariadocampus.com.br\/loja\/wp-json\/wp\/v2\/media?parent=5623"}],"wp:term":[{"taxonomy":"product_brand","embeddable":true,"href":"https:\/\/livrariadocampus.com.br\/loja\/wp-json\/wp\/v2\/product_brand?post=5623"},{"taxonomy":"product_cat","embeddable":true,"href":"https:\/\/livrariadocampus.com.br\/loja\/wp-json\/wp\/v2\/product_cat?post=5623"},{"taxonomy":"product_tag","embeddable":true,"href":"https:\/\/livrariadocampus.com.br\/loja\/wp-json\/wp\/v2\/product_tag?post=5623"}],"curies":[{"name":"wp","href":"https:\/\/api.w.org\/{rel}","templated":true}]}}