{"id":5603,"date":"2020-09-21T14:32:36","date_gmt":"2020-09-21T17:32:36","guid":{"rendered":"https:\/\/www.livrariadocampus.com.br\/?post_type=product&#038;p=5603"},"modified":"2022-05-12T12:02:10","modified_gmt":"2022-05-12T15:02:10","slug":"farmacia-clinica-e-atencao-farmaceutica-contexto-atual-exames-laboratoriais-e-acompanhamento-farmacoterapia-paulo-caleb-junior-de-lima-santos-autor","status":"publish","type":"product","link":"https:\/\/livrariadocampus.com.br\/loja\/produto\/farmacia-clinica-e-atencao-farmaceutica-contexto-atual-exames-laboratoriais-e-acompanhamento-farmacoterapia-paulo-caleb-junior-de-lima-santos-autor\/","title":{"rendered":"Farm\u00e1cia cl\u00ednica e aten\u00e7\u00e3o farmac\u00eautica: Contexto Atual, Exames Laboratoriais e Acompanhamento Farmacoterapia Paulo Caleb J\u00fanior de Lima Santos (Autor)"},"content":{"rendered":"<p>Farm\u00e1cia cl\u00ednica e aten\u00e7\u00e3o farmac\u00eautica &#8211; contexto atual exames laboratoriais e acompanhamento farmacoterap\u00eautico 2\u00aa edi\u00e7\u00e3o revista atualizada e ampliada insere-se na recomenda\u00e7\u00e3o da organiza\u00e7\u00e3o mundial de sa\u00fade &#8211; OMS como pratica indispens\u00e1vel na rela\u00e7\u00e3o paciente medicamento (WHO 2000).<\/p>\n","protected":false},"excerpt":{"rendered":"<p>Farm\u00e1cia cl\u00ednica e aten\u00e7\u00e3o farmac\u00eautica &#8211; contexto atual exames laboratoriais e acompanhamento farmacoterap\u00eautico 2\u00aa edi\u00e7\u00e3o revista atualizada e ampliada insere-se na recomenda\u00e7\u00e3o da organiza\u00e7\u00e3o mundial de sa\u00fade &#8211; OMS como pratica indispens\u00e1vel na rela\u00e7\u00e3o paciente medicamento (WHO 2000).<\/p>\n","protected":false},"featured_media":5604,"template":"","meta":{"neve_meta_sidebar":"","neve_meta_container":"","neve_meta_enable_content_width":"off","neve_meta_content_width":0,"neve_meta_title_alignment":"","neve_meta_author_avatar":"","neve_post_elements_order":"","neve_meta_disable_header":"","neve_meta_disable_footer":"","neve_meta_disable_title":"","_joinchat":[]},"product_brand":[],"product_cat":[104,89],"product_tag":[],"class_list":{"0":"post-5603","1":"product","2":"type-product","3":"status-publish","4":"has-post-thumbnail","6":"product_cat-clinica-medica-semiologia","7":"product_cat-farmacologia","9":"first","10":"instock","11":"shipping-taxable","12":"purchasable","13":"product-type-simple"},"jetpack_sharing_enabled":true,"_links":{"self":[{"href":"https:\/\/livrariadocampus.com.br\/loja\/wp-json\/wp\/v2\/product\/5603","targetHints":{"allow":["GET"]}}],"collection":[{"href":"https:\/\/livrariadocampus.com.br\/loja\/wp-json\/wp\/v2\/product"}],"about":[{"href":"https:\/\/livrariadocampus.com.br\/loja\/wp-json\/wp\/v2\/types\/product"}],"wp:featuredmedia":[{"embeddable":true,"href":"https:\/\/livrariadocampus.com.br\/loja\/wp-json\/wp\/v2\/media\/5604"}],"wp:attachment":[{"href":"https:\/\/livrariadocampus.com.br\/loja\/wp-json\/wp\/v2\/media?parent=5603"}],"wp:term":[{"taxonomy":"product_brand","embeddable":true,"href":"https:\/\/livrariadocampus.com.br\/loja\/wp-json\/wp\/v2\/product_brand?post=5603"},{"taxonomy":"product_cat","embeddable":true,"href":"https:\/\/livrariadocampus.com.br\/loja\/wp-json\/wp\/v2\/product_cat?post=5603"},{"taxonomy":"product_tag","embeddable":true,"href":"https:\/\/livrariadocampus.com.br\/loja\/wp-json\/wp\/v2\/product_tag?post=5603"}],"curies":[{"name":"wp","href":"https:\/\/api.w.org\/{rel}","templated":true}]}}