{"id":5599,"date":"2020-09-21T13:03:18","date_gmt":"2020-09-21T16:03:18","guid":{"rendered":"https:\/\/www.livrariadocampus.com.br\/?post_type=product&#038;p=5599"},"modified":"2024-03-26T13:01:48","modified_gmt":"2024-03-26T16:01:48","slug":"guia-de-bolso-de-neurologia-2018-por-thiago-cardoso-vale-autor-jose-luiz-pedroso-autor-orlando-graziani","status":"publish","type":"product","link":"https:\/\/livrariadocampus.com.br\/loja\/produto\/guia-de-bolso-de-neurologia-2018-por-thiago-cardoso-vale-autor-jose-luiz-pedroso-autor-orlando-graziani\/","title":{"rendered":"Guia de Bolso de Neurologia  2018 por Thiago Cardoso Vale (Autor), Jos\u00e9 Luiz Pedroso (Autor), Orlando Graziani"},"content":{"rendered":"<p>Guia de Bolso de Neurologia apresenta, como bem indica o seu t\u00edtulo, os mais importantes conhecimentos de Neurologia sob did\u00e1tica objetiva, pr\u00e1tica e concisa, com ensinamentos lineares e inteligentes. As doen\u00e7as neurol\u00f3gicas mais comuns s\u00e3o apresentadas em par\u00e1grafos curtos, boa itemiza\u00e7\u00e3o, amparadas no generoso numero de quadros e tabelas, o que facilita a elabora\u00e7\u00e3o do racioc\u00ednio diagnostico ao leitor, al\u00e9m de tra\u00e7ar metas terap\u00eauticas de forma imediata.<br \/>\nGuia de Bolso de Neonatologia apresenta 3 Editores, 67 Colaboradores, 12 Se\u00e7\u00f5es, 69 Cap\u00edtulos, num total de 736 p\u00e1ginas. Seu p\u00fablico-leitor \u00e9 formado por Neurologistas, Neuropsiquiatras, Cl\u00ednicos, residentes em neurologia, Neuropsiquiatria e Cl\u00ednica M\u00e9dica.<\/p>\n","protected":false},"excerpt":{"rendered":"<p>Guia de Bolso de Neurologia apresenta, como bem indica o seu t\u00edtulo, os mais importantes conhecimentos de Neurologia sob did\u00e1tica objetiva, pr\u00e1tica e concisa, com ensinamentos lineares e inteligentes. As doen\u00e7as neurol\u00f3gicas mais comuns s\u00e3o apresentadas em par\u00e1grafos curtos, boa itemiza\u00e7\u00e3o, amparadas no generoso numero de quadros e tabelas, o que facilita a elabora\u00e7\u00e3o do&hellip;&nbsp;<a href=\"https:\/\/livrariadocampus.com.br\/loja\/produto\/guia-de-bolso-de-neurologia-2018-por-thiago-cardoso-vale-autor-jose-luiz-pedroso-autor-orlando-graziani\/\" class=\"\" rel=\"bookmark\">Continue a ler &raquo;<span class=\"screen-reader-text\">Guia de Bolso de Neurologia  2018 por Thiago Cardoso Vale (Autor), Jos\u00e9 Luiz Pedroso (Autor), Orlando Graziani<\/span><\/a><\/p>\n","protected":false},"featured_media":5600,"template":"","meta":{"neve_meta_sidebar":"","neve_meta_container":"","neve_meta_enable_content_width":"off","neve_meta_content_width":0,"neve_meta_title_alignment":"","neve_meta_author_avatar":"","neve_post_elements_order":"","neve_meta_disable_header":"","neve_meta_disable_footer":"","neve_meta_disable_title":"","_joinchat":[]},"product_brand":[],"product_cat":[104,64],"product_tag":[],"class_list":{"0":"post-5599","1":"product","2":"type-product","3":"status-publish","4":"has-post-thumbnail","6":"product_cat-clinica-medica-semiologia","7":"product_cat-neuroogia-e-neurocirurgia","9":"first","10":"instock","11":"shipping-taxable","12":"purchasable","13":"product-type-simple"},"jetpack_sharing_enabled":true,"_links":{"self":[{"href":"https:\/\/livrariadocampus.com.br\/loja\/wp-json\/wp\/v2\/product\/5599","targetHints":{"allow":["GET"]}}],"collection":[{"href":"https:\/\/livrariadocampus.com.br\/loja\/wp-json\/wp\/v2\/product"}],"about":[{"href":"https:\/\/livrariadocampus.com.br\/loja\/wp-json\/wp\/v2\/types\/product"}],"wp:featuredmedia":[{"embeddable":true,"href":"https:\/\/livrariadocampus.com.br\/loja\/wp-json\/wp\/v2\/media\/5600"}],"wp:attachment":[{"href":"https:\/\/livrariadocampus.com.br\/loja\/wp-json\/wp\/v2\/media?parent=5599"}],"wp:term":[{"taxonomy":"product_brand","embeddable":true,"href":"https:\/\/livrariadocampus.com.br\/loja\/wp-json\/wp\/v2\/product_brand?post=5599"},{"taxonomy":"product_cat","embeddable":true,"href":"https:\/\/livrariadocampus.com.br\/loja\/wp-json\/wp\/v2\/product_cat?post=5599"},{"taxonomy":"product_tag","embeddable":true,"href":"https:\/\/livrariadocampus.com.br\/loja\/wp-json\/wp\/v2\/product_tag?post=5599"}],"curies":[{"name":"wp","href":"https:\/\/api.w.org\/{rel}","templated":true}]}}