{"id":5597,"date":"2020-09-21T12:49:52","date_gmt":"2020-09-21T15:49:52","guid":{"rendered":"https:\/\/www.livrariadocampus.com.br\/?post_type=product&#038;p=5597"},"modified":"2023-06-12T15:24:09","modified_gmt":"2023-06-12T18:24:09","slug":"medicina-de-familia-e-comunidade-2017-por-jose-benedito-ramos-valladao-junior-autor","status":"publish","type":"product","link":"https:\/\/livrariadocampus.com.br\/loja\/produto\/medicina-de-familia-e-comunidade-2017-por-jose-benedito-ramos-valladao-junior-autor\/","title":{"rendered":"Medicina de fam\u00edlia e comunidade 2017 por Jos\u00e9 Benedito Ramos Vallad\u00e3o J\u00fanior (Autor),"},"content":{"rendered":"<p>A S\u00e9rie Manual de M\u00e9dico Residente do Hospital das Cl\u00ednicas da Faculdade de Medicina da Universidade de S\u00e3o Paulo &#8211; HCFMUSP tem por objetivo difundir os conhecimentos da pr\u00e1tica e assist\u00eancia m\u00e9dica, altamente qualificadas, ora desenvolvidas no complexo HCFMUSP. Por sinal, o maior da Am\u00e9rica Latina. No complexo HCFMUSP s\u00e3o oferecidos um centro m\u00e9dico hospitalar amplo, bem estruturado e moderno, com os melhores recursos diagn\u00f3sticos e terap\u00eauticos para o treinamento adequado dos residentes. Assinala-se os residentes contarem permanentemente com m\u00e9dicos preceptores exclusivos, m\u00e9dicos-assistentes e docentes altamente capacitados para o ensino da medicina em seu vi\u00e9s pr\u00e1tico. A base da resid\u00eancia m\u00e9dica. A S\u00e9rie Manual de M\u00e9dico Residente do Hospital das Cl\u00ednicas da Faculdade de Medicina da Universidade de S\u00e3o Paulo &#8211; HCFMUSP ser\u00e1 \u00fatil n\u00e3o apenas para os residentes do pr\u00f3prio HC, como ser\u00e1 validada e seguida por outros centros acad\u00eamicos e de forma\u00e7\u00e3o profissional de medicina nas diversas regi\u00f5es do Brasil. Atualmente os programas de resid\u00eancia m\u00e9dica dessa institui\u00e7\u00e3o abrangem quase todas especialidades e \u00e1rea de atua\u00e7\u00e3o m\u00e9dica. Totaliza cerca de 1.600 m\u00e9dicos em treinamento. ____________________ O presente volume Medicina de Fam\u00edlia e Comunidade descreve a atua\u00e7\u00e3o do m\u00e9dico de fam\u00edlia e comunidade. E o que precisa saber sobre a boa execu\u00e7\u00e3o de seu trabalho. Est\u00e1 estruturado em tr\u00eas se\u00e7\u00f5es distintas: &#8211; 1. Temas Centrais &#8211; trata da gest\u00e3o cl\u00ednica, habilidade de comunica\u00e7\u00e3o, registro cl\u00ednico-ambulatorial e epidemiologia e racioc\u00ednio cl\u00ednico, &#8211; 2. Pessoas, suas Condi\u00e7\u00f5es de Sa\u00fade e as Complexas Intera\u00e7\u00f5es &#8211; s\u00e3o casos cl\u00ednicos complexos apresentados e discutidos. Seguem sempre o racioc\u00ednio cl\u00ednico e a adequada conduta do m\u00e9dico de fam\u00edlia, &#8211; 3. Manual de Compet\u00eancias &#8211; s\u00e3o as principais atribui\u00e7\u00f5es e responsabilidades do m\u00e9dico de fam\u00edlia.<\/p>\n","protected":false},"excerpt":{"rendered":"<p>A S\u00e9rie Manual de M\u00e9dico Residente do Hospital das Cl\u00ednicas da Faculdade de Medicina da Universidade de S\u00e3o Paulo &#8211; HCFMUSP tem por objetivo difundir os conhecimentos da pr\u00e1tica e assist\u00eancia m\u00e9dica, altamente qualificadas, ora desenvolvidas no complexo HCFMUSP. Por sinal, o maior da Am\u00e9rica Latina. No complexo HCFMUSP s\u00e3o oferecidos um centro m\u00e9dico hospitalar&hellip;&nbsp;<a href=\"https:\/\/livrariadocampus.com.br\/loja\/produto\/medicina-de-familia-e-comunidade-2017-por-jose-benedito-ramos-valladao-junior-autor\/\" class=\"\" rel=\"bookmark\">Continue a ler &raquo;<span class=\"screen-reader-text\">Medicina de fam\u00edlia e comunidade 2017 por Jos\u00e9 Benedito Ramos Vallad\u00e3o J\u00fanior (Autor),<\/span><\/a><\/p>\n","protected":false},"featured_media":5598,"template":"","meta":{"neve_meta_sidebar":"","neve_meta_container":"","neve_meta_enable_content_width":"off","neve_meta_content_width":0,"neve_meta_title_alignment":"","neve_meta_author_avatar":"","neve_post_elements_order":"","neve_meta_disable_header":"","neve_meta_disable_footer":"","neve_meta_disable_title":"","_joinchat":[]},"product_brand":[],"product_cat":[58,104,60,243],"product_tag":[],"class_list":{"0":"post-5597","1":"product","2":"type-product","3":"status-publish","4":"has-post-thumbnail","6":"product_cat-clinica-medica","7":"product_cat-clinica-medica-semiologia","8":"product_cat-geriatria-e-gerotologia","9":"product_cat-seguranca-do-trabalho","11":"first","12":"outofstock","13":"shipping-taxable","14":"product-type-simple"},"jetpack_sharing_enabled":true,"_links":{"self":[{"href":"https:\/\/livrariadocampus.com.br\/loja\/wp-json\/wp\/v2\/product\/5597","targetHints":{"allow":["GET"]}}],"collection":[{"href":"https:\/\/livrariadocampus.com.br\/loja\/wp-json\/wp\/v2\/product"}],"about":[{"href":"https:\/\/livrariadocampus.com.br\/loja\/wp-json\/wp\/v2\/types\/product"}],"wp:featuredmedia":[{"embeddable":true,"href":"https:\/\/livrariadocampus.com.br\/loja\/wp-json\/wp\/v2\/media\/5598"}],"wp:attachment":[{"href":"https:\/\/livrariadocampus.com.br\/loja\/wp-json\/wp\/v2\/media?parent=5597"}],"wp:term":[{"taxonomy":"product_brand","embeddable":true,"href":"https:\/\/livrariadocampus.com.br\/loja\/wp-json\/wp\/v2\/product_brand?post=5597"},{"taxonomy":"product_cat","embeddable":true,"href":"https:\/\/livrariadocampus.com.br\/loja\/wp-json\/wp\/v2\/product_cat?post=5597"},{"taxonomy":"product_tag","embeddable":true,"href":"https:\/\/livrariadocampus.com.br\/loja\/wp-json\/wp\/v2\/product_tag?post=5597"}],"curies":[{"name":"wp","href":"https:\/\/api.w.org\/{rel}","templated":true}]}}