{"id":5591,"date":"2020-09-21T12:13:15","date_gmt":"2020-09-21T15:13:15","guid":{"rendered":"https:\/\/www.livrariadocampus.com.br\/?post_type=product&#038;p=5591"},"modified":"2023-06-12T15:24:45","modified_gmt":"2023-06-12T18:24:45","slug":"canabidiol-compendio-clinico-farmacologico-e-terapeutico-2020-por-mauro-geller-autor-lisa-oliveira-autor","status":"publish","type":"product","link":"https:\/\/livrariadocampus.com.br\/loja\/produto\/canabidiol-compendio-clinico-farmacologico-e-terapeutico-2020-por-mauro-geller-autor-lisa-oliveira-autor\/","title":{"rendered":"Canabidiol &#8211; Comp\u00eandio Cl\u00ednico-farmacol\u00f3gico e Terap\u00eautico 2020 por Mauro GELLER (Autor), Lisa OLIVEIRA (Autor)"},"content":{"rendered":"<p>Este comp\u00eandio oferece uma vis\u00e3o did\u00e1tica sobre relevantes aspectos da Cannabis, proporcionando ao leitor uma base cient\u00edfica para pesquisa, aplica\u00e7\u00f5es cl\u00ednicas e perspectivas terap\u00eauticas. Seu texto aborda desde a hist\u00f3ria, bot\u00e2nica, cultivo e extra\u00e7\u00e3o do canabidiol (CBD) at\u00e9 os dados cient\u00edficos, farmacocin\u00e9tica, farmacodin\u00e2mica, indica\u00e7\u00f5es cl\u00ednicas e a abordagem terap\u00eautica, apontando o CBD como promissor na terapia para diversas patologias.Reunindo conhecimento cient\u00edfico amplo, que continua a se desenvolver, mesmo que o tema suscite opini\u00f5es contradit\u00f3rias na sociedade, trata-se de literatura indispens\u00e1vel a todos os profissionais da Sa\u00fade que desejam se conectar \u00e0s novas tend\u00eancias e ampliar seus conhecimentos nessa \u00e1rea de atua\u00e7\u00e3o.<\/p>\n","protected":false},"excerpt":{"rendered":"<p>Este comp\u00eandio oferece uma vis\u00e3o did\u00e1tica sobre relevantes aspectos da Cannabis, proporcionando ao leitor uma base cient\u00edfica para pesquisa, aplica\u00e7\u00f5es cl\u00ednicas e perspectivas terap\u00eauticas. Seu texto aborda desde a hist\u00f3ria, bot\u00e2nica, cultivo e extra\u00e7\u00e3o do canabidiol (CBD) at\u00e9 os dados cient\u00edficos, farmacocin\u00e9tica, farmacodin\u00e2mica, indica\u00e7\u00f5es cl\u00ednicas e a abordagem terap\u00eautica, apontando o CBD como promissor na&hellip;&nbsp;<a href=\"https:\/\/livrariadocampus.com.br\/loja\/produto\/canabidiol-compendio-clinico-farmacologico-e-terapeutico-2020-por-mauro-geller-autor-lisa-oliveira-autor\/\" class=\"\" rel=\"bookmark\">Continue a ler &raquo;<span class=\"screen-reader-text\">Canabidiol &#8211; Comp\u00eandio Cl\u00ednico-farmacol\u00f3gico e Terap\u00eautico 2020 por Mauro GELLER (Autor), Lisa OLIVEIRA (Autor)<\/span><\/a><\/p>\n","protected":false},"featured_media":5592,"template":"","meta":{"neve_meta_sidebar":"","neve_meta_container":"","neve_meta_enable_content_width":"off","neve_meta_content_width":0,"neve_meta_title_alignment":"","neve_meta_author_avatar":"","neve_post_elements_order":"","neve_meta_disable_header":"","neve_meta_disable_footer":"","neve_meta_disable_title":"","_joinchat":[]},"product_brand":[],"product_cat":[70,58,104,89,25],"product_tag":[],"class_list":{"0":"post-5591","1":"product","2":"type-product","3":"status-publish","4":"has-post-thumbnail","6":"product_cat-anestesiologia","7":"product_cat-clinica-medica","8":"product_cat-clinica-medica-semiologia","9":"product_cat-farmacologia","10":"product_cat-lancamentos","12":"first","13":"instock","14":"shipping-taxable","15":"purchasable","16":"product-type-simple"},"jetpack_sharing_enabled":true,"_links":{"self":[{"href":"https:\/\/livrariadocampus.com.br\/loja\/wp-json\/wp\/v2\/product\/5591","targetHints":{"allow":["GET"]}}],"collection":[{"href":"https:\/\/livrariadocampus.com.br\/loja\/wp-json\/wp\/v2\/product"}],"about":[{"href":"https:\/\/livrariadocampus.com.br\/loja\/wp-json\/wp\/v2\/types\/product"}],"wp:featuredmedia":[{"embeddable":true,"href":"https:\/\/livrariadocampus.com.br\/loja\/wp-json\/wp\/v2\/media\/5592"}],"wp:attachment":[{"href":"https:\/\/livrariadocampus.com.br\/loja\/wp-json\/wp\/v2\/media?parent=5591"}],"wp:term":[{"taxonomy":"product_brand","embeddable":true,"href":"https:\/\/livrariadocampus.com.br\/loja\/wp-json\/wp\/v2\/product_brand?post=5591"},{"taxonomy":"product_cat","embeddable":true,"href":"https:\/\/livrariadocampus.com.br\/loja\/wp-json\/wp\/v2\/product_cat?post=5591"},{"taxonomy":"product_tag","embeddable":true,"href":"https:\/\/livrariadocampus.com.br\/loja\/wp-json\/wp\/v2\/product_tag?post=5591"}],"curies":[{"name":"wp","href":"https:\/\/api.w.org\/{rel}","templated":true}]}}