{"id":5565,"date":"2020-09-04T17:09:50","date_gmt":"2020-09-04T20:09:50","guid":{"rendered":"https:\/\/www.livrariadocampus.com.br\/?post_type=product&#038;p=5565"},"modified":"2023-06-12T15:25:38","modified_gmt":"2023-06-12T18:25:38","slug":"a-entrevista-psiquiatrica-na-pratica-clinica-de-acordo-com-o-dsm-5-portugues-capa-comum-2017-por-roger-a-mackinnon-autor","status":"publish","type":"product","link":"https:\/\/livrariadocampus.com.br\/loja\/produto\/a-entrevista-psiquiatrica-na-pratica-clinica-de-acordo-com-o-dsm-5-portugues-capa-comum-2017-por-roger-a-mackinnon-autor\/","title":{"rendered":"A Entrevista Psiqui\u00e1trica na Pr\u00e1tica Cl\u00ednica: De Acordo com o DSM-5 (Portugu\u00eas) Capa comum \u20132017 por Roger A. MacKinnon (Autor),"},"content":{"rendered":"<p>Esta nova edi\u00e7\u00e3o de A entrevista psiqui\u00e1trica na pr\u00e1tica cl\u00ednica aborda os avan\u00e7os ocorridos nos \u00faltimos nove anos na \u00e1rea, incluindo os novos crit\u00e9rios diagn\u00f3sticos do DSM-5, mantendo, no entanto, seu foco\u00a0no aprendizado sobre o paciente, em seus problemas, em suas doen\u00e7as e em sua vida. Inclui vinhetas cl\u00ednicas com base na experi\u00eancia dos autores e novo cap\u00edtulo sobre a entrevista com o paciente com transtorno dissociativo de identidade dissociativa.<\/p>\n","protected":false},"excerpt":{"rendered":"<p>Esta nova edi\u00e7\u00e3o de A entrevista psiqui\u00e1trica na pr\u00e1tica cl\u00ednica aborda os avan\u00e7os ocorridos nos \u00faltimos nove anos na \u00e1rea, incluindo os novos crit\u00e9rios diagn\u00f3sticos do DSM-5, mantendo, no entanto, seu foco\u00a0no aprendizado sobre o paciente, em seus problemas, em suas doen\u00e7as e em sua vida. Inclui vinhetas cl\u00ednicas com base na experi\u00eancia dos autores&hellip;&nbsp;<a href=\"https:\/\/livrariadocampus.com.br\/loja\/produto\/a-entrevista-psiquiatrica-na-pratica-clinica-de-acordo-com-o-dsm-5-portugues-capa-comum-2017-por-roger-a-mackinnon-autor\/\" class=\"\" rel=\"bookmark\">Continue a ler &raquo;<span class=\"screen-reader-text\">A Entrevista Psiqui\u00e1trica na Pr\u00e1tica Cl\u00ednica: De Acordo com o DSM-5 (Portugu\u00eas) Capa comum \u20132017 por Roger A. MacKinnon (Autor),<\/span><\/a><\/p>\n","protected":false},"featured_media":5566,"template":"","meta":{"neve_meta_sidebar":"","neve_meta_container":"","neve_meta_enable_content_width":"off","neve_meta_content_width":0,"neve_meta_title_alignment":"","neve_meta_author_avatar":"","neve_post_elements_order":"","neve_meta_disable_header":"","neve_meta_disable_footer":"","neve_meta_disable_title":"","_joinchat":[]},"product_brand":[],"product_cat":[77,73],"product_tag":[],"class_list":{"0":"post-5565","1":"product","2":"type-product","3":"status-publish","4":"has-post-thumbnail","6":"product_cat-psicoterapia","7":"product_cat-psiquiatria","9":"first","10":"instock","11":"sale","12":"shipping-taxable","13":"purchasable","14":"product-type-simple"},"jetpack_sharing_enabled":true,"_links":{"self":[{"href":"https:\/\/livrariadocampus.com.br\/loja\/wp-json\/wp\/v2\/product\/5565","targetHints":{"allow":["GET"]}}],"collection":[{"href":"https:\/\/livrariadocampus.com.br\/loja\/wp-json\/wp\/v2\/product"}],"about":[{"href":"https:\/\/livrariadocampus.com.br\/loja\/wp-json\/wp\/v2\/types\/product"}],"wp:featuredmedia":[{"embeddable":true,"href":"https:\/\/livrariadocampus.com.br\/loja\/wp-json\/wp\/v2\/media\/5566"}],"wp:attachment":[{"href":"https:\/\/livrariadocampus.com.br\/loja\/wp-json\/wp\/v2\/media?parent=5565"}],"wp:term":[{"taxonomy":"product_brand","embeddable":true,"href":"https:\/\/livrariadocampus.com.br\/loja\/wp-json\/wp\/v2\/product_brand?post=5565"},{"taxonomy":"product_cat","embeddable":true,"href":"https:\/\/livrariadocampus.com.br\/loja\/wp-json\/wp\/v2\/product_cat?post=5565"},{"taxonomy":"product_tag","embeddable":true,"href":"https:\/\/livrariadocampus.com.br\/loja\/wp-json\/wp\/v2\/product_tag?post=5565"}],"curies":[{"name":"wp","href":"https:\/\/api.w.org\/{rel}","templated":true}]}}