{"id":5563,"date":"2020-09-04T17:06:02","date_gmt":"2020-09-04T20:06:02","guid":{"rendered":"https:\/\/www.livrariadocampus.com.br\/?post_type=product&#038;p=5563"},"modified":"2023-06-13T10:47:07","modified_gmt":"2023-06-13T13:47:07","slug":"condutas-em-psiquiatria-consulta-rapida-portugues-capa-comum-por-ricardo-alberto-moreno","status":"publish","type":"product","link":"https:\/\/livrariadocampus.com.br\/loja\/produto\/condutas-em-psiquiatria-consulta-rapida-portugues-capa-comum-por-ricardo-alberto-moreno\/","title":{"rendered":"Condutas em Psiquiatria: Consulta R\u00e1pida (Portugu\u00eas) Capa comum  por Ricardo Alberto Moreno"},"content":{"rendered":"<p>Condutas em psiquiatria: consulta r\u00e1pida chega \u00e0 sua 2\u00aa edi\u00e7\u00e3o totalmente atualizado, contemplando os avan\u00e7os ocorridos na \u00e1rea na \u00faltima d\u00e9cada. Com formato acess\u00edvel e informa\u00e7\u00f5es concisas, aborda temas como psicofarmacologia geral, intera\u00e7\u00f5es farmacol\u00f3gicas e urg\u00eancias em psiquiatria, bem como os tratamentos usados em condi\u00e7\u00f5es especiais e em diferentes etapas da vida, constituindo-se em ferramenta indispens\u00e1vel para a pr\u00e1tica psiqui\u00e1trica, tanto no ambiente hospitalar como no consult\u00f3rio<\/p>\n","protected":false},"excerpt":{"rendered":"<p>Condutas em psiquiatria: consulta r\u00e1pida chega \u00e0 sua 2\u00aa edi\u00e7\u00e3o totalmente atualizado, contemplando os avan\u00e7os ocorridos na \u00e1rea na \u00faltima d\u00e9cada. Com formato acess\u00edvel e informa\u00e7\u00f5es concisas, aborda temas como psicofarmacologia geral, intera\u00e7\u00f5es farmacol\u00f3gicas e urg\u00eancias em psiquiatria, bem como os tratamentos usados em condi\u00e7\u00f5es especiais e em diferentes etapas da vida, constituindo-se em ferramenta&hellip;&nbsp;<a href=\"https:\/\/livrariadocampus.com.br\/loja\/produto\/condutas-em-psiquiatria-consulta-rapida-portugues-capa-comum-por-ricardo-alberto-moreno\/\" class=\"\" rel=\"bookmark\">Continue a ler &raquo;<span class=\"screen-reader-text\">Condutas em Psiquiatria: Consulta R\u00e1pida (Portugu\u00eas) Capa comum  por Ricardo Alberto Moreno<\/span><\/a><\/p>\n","protected":false},"featured_media":5564,"template":"","meta":{"neve_meta_sidebar":"","neve_meta_container":"","neve_meta_enable_content_width":"off","neve_meta_content_width":0,"neve_meta_title_alignment":"","neve_meta_author_avatar":"","neve_post_elements_order":"","neve_meta_disable_header":"","neve_meta_disable_footer":"","neve_meta_disable_title":"","_joinchat":[]},"product_brand":[],"product_cat":[77,73],"product_tag":[],"class_list":{"0":"post-5563","1":"product","2":"type-product","3":"status-publish","4":"has-post-thumbnail","6":"product_cat-psicoterapia","7":"product_cat-psiquiatria","9":"first","10":"outofstock","11":"shipping-taxable","12":"product-type-simple"},"jetpack_sharing_enabled":true,"_links":{"self":[{"href":"https:\/\/livrariadocampus.com.br\/loja\/wp-json\/wp\/v2\/product\/5563","targetHints":{"allow":["GET"]}}],"collection":[{"href":"https:\/\/livrariadocampus.com.br\/loja\/wp-json\/wp\/v2\/product"}],"about":[{"href":"https:\/\/livrariadocampus.com.br\/loja\/wp-json\/wp\/v2\/types\/product"}],"wp:featuredmedia":[{"embeddable":true,"href":"https:\/\/livrariadocampus.com.br\/loja\/wp-json\/wp\/v2\/media\/5564"}],"wp:attachment":[{"href":"https:\/\/livrariadocampus.com.br\/loja\/wp-json\/wp\/v2\/media?parent=5563"}],"wp:term":[{"taxonomy":"product_brand","embeddable":true,"href":"https:\/\/livrariadocampus.com.br\/loja\/wp-json\/wp\/v2\/product_brand?post=5563"},{"taxonomy":"product_cat","embeddable":true,"href":"https:\/\/livrariadocampus.com.br\/loja\/wp-json\/wp\/v2\/product_cat?post=5563"},{"taxonomy":"product_tag","embeddable":true,"href":"https:\/\/livrariadocampus.com.br\/loja\/wp-json\/wp\/v2\/product_tag?post=5563"}],"curies":[{"name":"wp","href":"https:\/\/api.w.org\/{rel}","templated":true}]}}