{"id":5561,"date":"2020-09-04T17:01:57","date_gmt":"2020-09-04T20:01:57","guid":{"rendered":"https:\/\/www.livrariadocampus.com.br\/?post_type=product&#038;p=5561"},"modified":"2023-06-12T15:25:55","modified_gmt":"2023-06-12T18:25:55","slug":"psicofarmacos-consulta-rapida-portugues-capa-comum-por-aristides-volpato-cordioli","status":"publish","type":"product","link":"https:\/\/livrariadocampus.com.br\/loja\/produto\/psicofarmacos-consulta-rapida-portugues-capa-comum-por-aristides-volpato-cordioli\/","title":{"rendered":"Psicof\u00e1rmacos: Consulta R\u00e1pida (Portugu\u00eas) Capa comum \u2013  por Aristides Volpato Cordioli"},"content":{"rendered":"<p>Psicof\u00e1rmacos: consulta r\u00e1pida, livro de refer\u00eancia junto aos psiquiatras brasileiros, chega \u00e0 sua 5a edi\u00e7\u00e3o totalmente revisado, mas mantendo o formato acess\u00edvel de suas edi\u00e7\u00f5es anteriores. Nesta obra, o leitor encontrar\u00e1: 142 subst\u00e2ncias, 13 novas e 129 atualizadas a partir da edi\u00e7\u00e3o anterior; Atualiza\u00e7\u00f5es sobre apresenta\u00e7\u00f5es comerciais, de gen\u00e9ricos, de similares e medicamentos de marca dispon\u00edveis no mercado brasileiro; Novos cap\u00edtulos sobre transtorno de ansiedade generalizada, transtornos de estresse agudo e p\u00f3s-traum\u00e1tico e transtornos por uso de subst\u00e2ncias; Encarte colorido com imagens de mais de cem apresenta\u00e7\u00f5es comerciais de psicof\u00e1rmacos brasileiros<\/p>\n","protected":false},"excerpt":{"rendered":"<p>Psicof\u00e1rmacos: consulta r\u00e1pida, livro de refer\u00eancia junto aos psiquiatras brasileiros, chega \u00e0 sua 5a edi\u00e7\u00e3o totalmente revisado, mas mantendo o formato acess\u00edvel de suas edi\u00e7\u00f5es anteriores. Nesta obra, o leitor encontrar\u00e1: 142 subst\u00e2ncias, 13 novas e 129 atualizadas a partir da edi\u00e7\u00e3o anterior; Atualiza\u00e7\u00f5es sobre apresenta\u00e7\u00f5es comerciais, de gen\u00e9ricos, de similares e medicamentos de marca&hellip;&nbsp;<a href=\"https:\/\/livrariadocampus.com.br\/loja\/produto\/psicofarmacos-consulta-rapida-portugues-capa-comum-por-aristides-volpato-cordioli\/\" class=\"\" rel=\"bookmark\">Continue a ler &raquo;<span class=\"screen-reader-text\">Psicof\u00e1rmacos: Consulta R\u00e1pida (Portugu\u00eas) Capa comum \u2013  por Aristides Volpato Cordioli<\/span><\/a><\/p>\n","protected":false},"featured_media":5562,"template":"","meta":{"neve_meta_sidebar":"","neve_meta_container":"","neve_meta_enable_content_width":"off","neve_meta_content_width":0,"neve_meta_title_alignment":"","neve_meta_author_avatar":"","neve_post_elements_order":"","neve_meta_disable_header":"","neve_meta_disable_footer":"","neve_meta_disable_title":"","_joinchat":[]},"product_brand":[],"product_cat":[77,73],"product_tag":[],"class_list":{"0":"post-5561","1":"product","2":"type-product","3":"status-publish","4":"has-post-thumbnail","6":"product_cat-psicoterapia","7":"product_cat-psiquiatria","9":"first","10":"outofstock","11":"shipping-taxable","12":"product-type-simple"},"jetpack_sharing_enabled":true,"_links":{"self":[{"href":"https:\/\/livrariadocampus.com.br\/loja\/wp-json\/wp\/v2\/product\/5561","targetHints":{"allow":["GET"]}}],"collection":[{"href":"https:\/\/livrariadocampus.com.br\/loja\/wp-json\/wp\/v2\/product"}],"about":[{"href":"https:\/\/livrariadocampus.com.br\/loja\/wp-json\/wp\/v2\/types\/product"}],"wp:featuredmedia":[{"embeddable":true,"href":"https:\/\/livrariadocampus.com.br\/loja\/wp-json\/wp\/v2\/media\/5562"}],"wp:attachment":[{"href":"https:\/\/livrariadocampus.com.br\/loja\/wp-json\/wp\/v2\/media?parent=5561"}],"wp:term":[{"taxonomy":"product_brand","embeddable":true,"href":"https:\/\/livrariadocampus.com.br\/loja\/wp-json\/wp\/v2\/product_brand?post=5561"},{"taxonomy":"product_cat","embeddable":true,"href":"https:\/\/livrariadocampus.com.br\/loja\/wp-json\/wp\/v2\/product_cat?post=5561"},{"taxonomy":"product_tag","embeddable":true,"href":"https:\/\/livrariadocampus.com.br\/loja\/wp-json\/wp\/v2\/product_tag?post=5561"}],"curies":[{"name":"wp","href":"https:\/\/api.w.org\/{rel}","templated":true}]}}