{"id":5557,"date":"2020-09-04T16:41:53","date_gmt":"2020-09-04T19:41:53","guid":{"rendered":"https:\/\/www.livrariadocampus.com.br\/?post_type=product&#038;p=5557"},"modified":"2023-06-12T15:26:36","modified_gmt":"2023-06-12T18:26:36","slug":"bioestatistica-portugues-capa-comum-2018-por-sonia-sonia-vieira-autor","status":"publish","type":"product","link":"https:\/\/livrariadocampus.com.br\/loja\/produto\/bioestatistica-portugues-capa-comum-2018-por-sonia-sonia-vieira-autor\/","title":{"rendered":"Bioestat\u00edstica (Portugu\u00eas) Capa comum \u2013  2018 por Sonia S\u00f4nia Vieira (Autor)"},"content":{"rendered":"<p>O livro Bioestat\u00edstica &#8211; T\u00f3picos Avan\u00e7ados \u00e9 mais uma obra indispens\u00e1vel de Sonia Vieira, que leva o leitora dominar os conceitos progressivamente, rever as pr\u00f3prias ideias e aperfei\u00e7oar a aprendizagem, sempre demodo agrad\u00e1vel. A compet\u00eancia e a capacidade da autora de transmitir ideias ficam demonstradas, neste livro, pela disposi\u00e7\u00e3o dos temas, pela sequ\u00eancia das ideias, pelo didatismo sem preju\u00edzo da profundidade na escolhados exemplos e dos exerc\u00edcios. Longe da aridez que se atribui (sem raz\u00e3o, ali\u00e1s) \u00e0 Bioestat\u00edstica, esta obra \u00e9 capaz de atingir tanto o iniciante como o expert na \u00e1rea. E este livro, como os outros da autora, caracteriza-se pela precis\u00e3o de linguagem, como conv\u00e9m ao cientista, eleg\u00e2ncia de forma, como conv\u00e9m ao professor e conte\u00fado instigante, como conv\u00e9m ao pesquisador. O livro Bioestat\u00edstica &#8211; T\u00f3picos Avan\u00e7ados explica como interpretar testes de hip\u00f3teses e como interpretar os intervalos de confian\u00e7a. Apresenta os testes n\u00e3o param\u00e9tricos, muito usados em artigos da \u00e1rea de sa\u00fade. E \u00e9 dada n\u00e3o apenas a maneira de proceder a tais testes, mas tamb\u00e9m a l\u00f3gica deles. A an\u00e1lise e a interpreta\u00e7\u00e3o de dados apresentados nas tabelas de conting\u00eancia s\u00e3o tratadas de maneira clara e did\u00e1tica. O livro apresenta, ainda, coeficientes de correla\u00e7\u00e3o, coeficientes de associa\u00e7\u00e3o e coeficiente de concord\u00e2ncia e trata a an\u00e1lise de exames para diagn\u00f3stico. \u00c9, portanto, leitura obrigat\u00f3ria para quem se inicia em pesquisa, para quem j\u00e1 \u00e9 pesquisador e para quem l\u00ea resultados das pesquisas. E mais importante: essa &#8220;obriga\u00e7\u00e3o&#8221; se revela um prazer intelectual, pois \u00e9 uma dessas publica\u00e7\u00f5es cuja leitura desperta, ao final, a ansiedade agrad\u00e1vel da espera por outro livro da autora<\/p>\n","protected":false},"excerpt":{"rendered":"<p>O livro Bioestat\u00edstica &#8211; T\u00f3picos Avan\u00e7ados \u00e9 mais uma obra indispens\u00e1vel de Sonia Vieira, que leva o leitora dominar os conceitos progressivamente, rever as pr\u00f3prias ideias e aperfei\u00e7oar a aprendizagem, sempre demodo agrad\u00e1vel. A compet\u00eancia e a capacidade da autora de transmitir ideias ficam demonstradas, neste livro, pela disposi\u00e7\u00e3o dos temas, pela sequ\u00eancia das ideias,&hellip;&nbsp;<a href=\"https:\/\/livrariadocampus.com.br\/loja\/produto\/bioestatistica-portugues-capa-comum-2018-por-sonia-sonia-vieira-autor\/\" class=\"\" rel=\"bookmark\">Continue a ler &raquo;<span class=\"screen-reader-text\">Bioestat\u00edstica (Portugu\u00eas) Capa comum \u2013  2018 por Sonia S\u00f4nia Vieira (Autor)<\/span><\/a><\/p>\n","protected":false},"featured_media":5558,"template":"","meta":{"neve_meta_sidebar":"","neve_meta_container":"","neve_meta_enable_content_width":"off","neve_meta_content_width":0,"neve_meta_title_alignment":"","neve_meta_author_avatar":"","neve_post_elements_order":"","neve_meta_disable_header":"","neve_meta_disable_footer":"","neve_meta_disable_title":"","_joinchat":[]},"product_brand":[],"product_cat":[130,106,95],"product_tag":[],"class_list":{"0":"post-5557","1":"product","2":"type-product","3":"status-publish","4":"has-post-thumbnail","6":"product_cat-bioestatistica","7":"product_cat-metodo-de-pesquisa","8":"product_cat-metodos-de-pesquisa","10":"first","11":"outofstock","12":"shipping-taxable","13":"product-type-simple"},"jetpack_sharing_enabled":true,"_links":{"self":[{"href":"https:\/\/livrariadocampus.com.br\/loja\/wp-json\/wp\/v2\/product\/5557","targetHints":{"allow":["GET"]}}],"collection":[{"href":"https:\/\/livrariadocampus.com.br\/loja\/wp-json\/wp\/v2\/product"}],"about":[{"href":"https:\/\/livrariadocampus.com.br\/loja\/wp-json\/wp\/v2\/types\/product"}],"wp:featuredmedia":[{"embeddable":true,"href":"https:\/\/livrariadocampus.com.br\/loja\/wp-json\/wp\/v2\/media\/5558"}],"wp:attachment":[{"href":"https:\/\/livrariadocampus.com.br\/loja\/wp-json\/wp\/v2\/media?parent=5557"}],"wp:term":[{"taxonomy":"product_brand","embeddable":true,"href":"https:\/\/livrariadocampus.com.br\/loja\/wp-json\/wp\/v2\/product_brand?post=5557"},{"taxonomy":"product_cat","embeddable":true,"href":"https:\/\/livrariadocampus.com.br\/loja\/wp-json\/wp\/v2\/product_cat?post=5557"},{"taxonomy":"product_tag","embeddable":true,"href":"https:\/\/livrariadocampus.com.br\/loja\/wp-json\/wp\/v2\/product_tag?post=5557"}],"curies":[{"name":"wp","href":"https:\/\/api.w.org\/{rel}","templated":true}]}}