{"id":5512,"date":"2020-08-25T13:52:44","date_gmt":"2020-08-25T16:52:44","guid":{"rendered":"https:\/\/www.livrariadocampus.com.br\/?post_type=product&#038;p=5512"},"modified":"2023-06-12T15:28:26","modified_gmt":"2023-06-12T18:28:26","slug":"como-realizar-ultrassonografia-na-endometriose-video-online-autor-stefano-guerriero-george-condous-juan-luis-alcazar","status":"publish","type":"product","link":"https:\/\/livrariadocampus.com.br\/loja\/produto\/como-realizar-ultrassonografia-na-endometriose-video-online-autor-stefano-guerriero-george-condous-juan-luis-alcazar\/","title":{"rendered":"COMO REALIZAR ULTRASSONOGRAFIA NA ENDOMETRIOSE + VIDEO ONLINE Autor: STEFANO GUERRIERO GEORGE CONDOUS JUAN LUIS ALCAZAR"},"content":{"rendered":"<p>Este livro estruturado e din\u00e2mico destaca, em etapas, uma abordagem sistem\u00e1tica com base em evid\u00eancias da avalia\u00e7\u00e3o ultrassonogr\u00e1fica da pelve feminina com suspeita de endometriose. Esse guia de \u201ccomo fazer\u201d direciona-se para aqueles com conhecimentos b\u00e1sicos em ultrassonografia que desejam desenvolver mais suas capacidades para realizar t\u00e9cnicas ultrassonogr\u00e1ficas relevantes na identifica\u00e7\u00e3o da endometriose.<\/p>\n<p>Esquemas detalhados, com suas imagens ultrassonogr\u00e1ficas de alta resolu\u00e7\u00e3o correspondentes, al\u00e9m de v\u00eddeos intuitivos, apoiam os leitores na expans\u00e3o de suas habilidades t\u00e9cnicas e preenchem os hiatos em seus conhecimentos da ultrassonografia na endometriose. O consenso do grupo de An\u00e1lise Internacional de Endometriose Profunda (IDEA) foi o resultado do trabalho de 29 autores de 5 continentes. Com a publica\u00e7\u00e3o do Como Realizar Ultrassonografia na Endometriose , os autores desejam proporcionar as bases para melhora da qualidade e equipara\u00e7\u00e3o de resultados da ultrassonografia em todo o mundo na endometriose.<\/p>\n<p>Este livro n\u00e3o apenas oferece aos ultrassonografistas e radiologistas um conhecimento valioso no campo da ultrassonografia na endometriose, mas tamb\u00e9m \u00e9 capaz de desenvolver suas habilidades pr\u00e1ticas na avalia\u00e7\u00e3o de mulheres com dor p\u00e9lvica cr\u00f4nica.<\/p>\n","protected":false},"excerpt":{"rendered":"<p>Este livro estruturado e din\u00e2mico destaca, em etapas, uma abordagem sistem\u00e1tica com base em evid\u00eancias da avalia\u00e7\u00e3o ultrassonogr\u00e1fica da pelve feminina com suspeita de endometriose. Esse guia de \u201ccomo fazer\u201d direciona-se para aqueles com conhecimentos b\u00e1sicos em ultrassonografia que desejam desenvolver mais suas capacidades para realizar t\u00e9cnicas ultrassonogr\u00e1ficas relevantes na identifica\u00e7\u00e3o da endometriose. Esquemas detalhados,&hellip;&nbsp;<a href=\"https:\/\/livrariadocampus.com.br\/loja\/produto\/como-realizar-ultrassonografia-na-endometriose-video-online-autor-stefano-guerriero-george-condous-juan-luis-alcazar\/\" class=\"\" rel=\"bookmark\">Continue a ler &raquo;<span class=\"screen-reader-text\">COMO REALIZAR ULTRASSONOGRAFIA NA ENDOMETRIOSE + VIDEO ONLINE Autor: STEFANO GUERRIERO GEORGE CONDOUS JUAN LUIS ALCAZAR<\/span><\/a><\/p>\n","protected":false},"featured_media":5513,"template":"","meta":{"neve_meta_sidebar":"","neve_meta_container":"","neve_meta_enable_content_width":"off","neve_meta_content_width":0,"neve_meta_title_alignment":"","neve_meta_author_avatar":"","neve_post_elements_order":"","neve_meta_disable_header":"","neve_meta_disable_footer":"","neve_meta_disable_title":"","_joinchat":[]},"product_brand":[],"product_cat":[15,24,145,25,206],"product_tag":[],"class_list":{"0":"post-5512","1":"product","2":"type-product","3":"status-publish","4":"has-post-thumbnail","6":"product_cat-outros","7":"product_cat-destaques","8":"product_cat-ginecologia-obstetricia-mastol","9":"product_cat-lancamentos","10":"product_cat-radiologia","12":"first","13":"outofstock","14":"shipping-taxable","15":"product-type-simple"},"jetpack_sharing_enabled":true,"_links":{"self":[{"href":"https:\/\/livrariadocampus.com.br\/loja\/wp-json\/wp\/v2\/product\/5512","targetHints":{"allow":["GET"]}}],"collection":[{"href":"https:\/\/livrariadocampus.com.br\/loja\/wp-json\/wp\/v2\/product"}],"about":[{"href":"https:\/\/livrariadocampus.com.br\/loja\/wp-json\/wp\/v2\/types\/product"}],"wp:featuredmedia":[{"embeddable":true,"href":"https:\/\/livrariadocampus.com.br\/loja\/wp-json\/wp\/v2\/media\/5513"}],"wp:attachment":[{"href":"https:\/\/livrariadocampus.com.br\/loja\/wp-json\/wp\/v2\/media?parent=5512"}],"wp:term":[{"taxonomy":"product_brand","embeddable":true,"href":"https:\/\/livrariadocampus.com.br\/loja\/wp-json\/wp\/v2\/product_brand?post=5512"},{"taxonomy":"product_cat","embeddable":true,"href":"https:\/\/livrariadocampus.com.br\/loja\/wp-json\/wp\/v2\/product_cat?post=5512"},{"taxonomy":"product_tag","embeddable":true,"href":"https:\/\/livrariadocampus.com.br\/loja\/wp-json\/wp\/v2\/product_tag?post=5512"}],"curies":[{"name":"wp","href":"https:\/\/api.w.org\/{rel}","templated":true}]}}