{"id":5434,"date":"2020-08-17T15:23:14","date_gmt":"2020-08-17T18:23:14","guid":{"rendered":"https:\/\/www.livrariadocampus.com.br\/?post_type=product&#038;p=5434"},"modified":"2025-01-02T12:15:27","modified_gmt":"2025-01-02T15:15:27","slug":"bates-propedeutica-medica-portugues-capa-dura-2018","status":"publish","type":"product","link":"https:\/\/livrariadocampus.com.br\/loja\/produto\/bates-propedeutica-medica-portugues-capa-dura-2018\/","title":{"rendered":"Bates &#8211; Proped\u00eautica M\u00e9dica (Portugu\u00eas) Capa dura \u2013 2018"},"content":{"rendered":"<p>O conte\u00fado de excel\u00eancia para a pr\u00e1tica do exame f\u00edsico! Bates &#8211; Proped\u00eautica M\u00e9dica oferece orienta\u00e7\u00e3o, passo a passo, da entrevista com o paciente, bem como de seus exames f\u00edsicos. Utiliza, para isso, racioc\u00ednio cl\u00ednico, tomada de decis\u00f5es compartilhada e outras habilidades-chave de avalia\u00e7\u00e3o, todas baseadas em uma s\u00f3lida compreens\u00e3o das evid\u00eancias cl\u00ednicas. Nesta edi\u00e7\u00e3o, foi dada \u00eanfase \u00e0s condi\u00e7\u00f5es comuns ou importantes em vez de aspectos raros ou obscuros; contudo, foram inclu\u00eddos alguns achados incomuns que s\u00e3o cl\u00e1ssicos ou potencialmente fatais. Os leitores s\u00e3o incentivados a procurar as evid\u00eancias inclu\u00eddas nos cap\u00edtulos e a revisar atentamente as diretrizes cl\u00ednicas e as cita\u00e7\u00f5es da literatura. A obra traz t\u00e9cnicas passo a passo completamente ilustradas, que destacam a realiza\u00e7\u00e3o correta dos exames f\u00edsicos, com um formato em duas colunas f\u00e1cil de seguir, no qual as t\u00e9cnicas de exame apresentam-se do lado esquerdo enquanto as anormalidades (indicadas em vermelho) com diagn\u00f3stico diferencial encontram-se \u00e0 direita. O livro tamb\u00e9m cont\u00e9m uma unidade sobre popula\u00e7\u00f5es especiais, abrangendo etapas principais do ciclo de vida: da inf\u00e2ncia \u00e0 adolesc\u00eancia, al\u00e9m de gravidez e envelhecimento.<\/p>\n","protected":false},"excerpt":{"rendered":"<p>O conte\u00fado de excel\u00eancia para a pr\u00e1tica do exame f\u00edsico! Bates &#8211; Proped\u00eautica M\u00e9dica oferece orienta\u00e7\u00e3o, passo a passo, da entrevista com o paciente, bem como de seus exames f\u00edsicos. Utiliza, para isso, racioc\u00ednio cl\u00ednico, tomada de decis\u00f5es compartilhada e outras habilidades-chave de avalia\u00e7\u00e3o, todas baseadas em uma s\u00f3lida compreens\u00e3o das evid\u00eancias cl\u00ednicas. Nesta edi\u00e7\u00e3o,&hellip;&nbsp;<a href=\"https:\/\/livrariadocampus.com.br\/loja\/produto\/bates-propedeutica-medica-portugues-capa-dura-2018\/\" class=\"\" rel=\"bookmark\">Continue a ler &raquo;<span class=\"screen-reader-text\">Bates &#8211; Proped\u00eautica M\u00e9dica (Portugu\u00eas) Capa dura \u2013 2018<\/span><\/a><\/p>\n","protected":false},"featured_media":5435,"template":"","meta":{"neve_meta_sidebar":"","neve_meta_container":"","neve_meta_enable_content_width":"off","neve_meta_content_width":0,"neve_meta_title_alignment":"","neve_meta_author_avatar":"","neve_post_elements_order":"","neve_meta_disable_header":"","neve_meta_disable_footer":"","neve_meta_disable_title":"","_joinchat":[]},"product_brand":[],"product_cat":[15,58,24,52],"product_tag":[],"class_list":{"0":"post-5434","1":"product","2":"type-product","3":"status-publish","4":"has-post-thumbnail","6":"product_cat-outros","7":"product_cat-clinica-medica","8":"product_cat-destaques","9":"product_cat-medicina-do-trabalho","11":"first","12":"instock","13":"shipping-taxable","14":"purchasable","15":"product-type-simple"},"jetpack_sharing_enabled":true,"_links":{"self":[{"href":"https:\/\/livrariadocampus.com.br\/loja\/wp-json\/wp\/v2\/product\/5434","targetHints":{"allow":["GET"]}}],"collection":[{"href":"https:\/\/livrariadocampus.com.br\/loja\/wp-json\/wp\/v2\/product"}],"about":[{"href":"https:\/\/livrariadocampus.com.br\/loja\/wp-json\/wp\/v2\/types\/product"}],"wp:featuredmedia":[{"embeddable":true,"href":"https:\/\/livrariadocampus.com.br\/loja\/wp-json\/wp\/v2\/media\/5435"}],"wp:attachment":[{"href":"https:\/\/livrariadocampus.com.br\/loja\/wp-json\/wp\/v2\/media?parent=5434"}],"wp:term":[{"taxonomy":"product_brand","embeddable":true,"href":"https:\/\/livrariadocampus.com.br\/loja\/wp-json\/wp\/v2\/product_brand?post=5434"},{"taxonomy":"product_cat","embeddable":true,"href":"https:\/\/livrariadocampus.com.br\/loja\/wp-json\/wp\/v2\/product_cat?post=5434"},{"taxonomy":"product_tag","embeddable":true,"href":"https:\/\/livrariadocampus.com.br\/loja\/wp-json\/wp\/v2\/product_tag?post=5434"}],"curies":[{"name":"wp","href":"https:\/\/api.w.org\/{rel}","templated":true}]}}