{"id":5431,"date":"2020-08-17T14:13:58","date_gmt":"2020-08-17T17:13:58","guid":{"rendered":"https:\/\/www.livrariadocampus.com.br\/?post_type=product&#038;p=5431"},"modified":"2024-09-23T16:18:57","modified_gmt":"2024-09-23T19:18:57","slug":"pediatria-do-recem-nascido-ao-adolescente-2020-lancamento","status":"publish","type":"product","link":"https:\/\/livrariadocampus.com.br\/loja\/produto\/pediatria-do-recem-nascido-ao-adolescente-2020-lancamento\/","title":{"rendered":"PEDIATRIA DO REC\u00c9M-NASCIDO AO ADOLESCENTE  2020 LANCAMENTO PRONTA ENTREGA TODO  BRASIL"},"content":{"rendered":"<header class=\"site-header menuSmall\">\n<div class=\"wrapper\">\n<div class=\"grid--full\">\n<div class=\"grid-item large--two-twelfths text-center\"><\/div>\n<div class=\"grid-item large--ten-twelfths text-center paddingTop\">\n<div class=\"grid--full line\">\n<div class=\"grid-item large--two-twelfths secondHeader cart-toggle\">\n<div id=\"quick-cart\" class=\"header-cart-btn js-quick-cart\"><\/div>\n<\/div>\n<\/div>\n<\/div>\n<\/div>\n<\/div>\n<\/header>\n<div class=\"main-content bg-product-detail product-detail\">\n<div class=\"wrapper\">\n<div id=\"product-description\" class=\"product-tab\">\n<div class=\"product-description-text\">Pediatria &#8211; Do Rec\u00e9m-Nascido ao Adolescente \u00e9 livro que reflete a longa pr\u00e1tica docente e m\u00e9dico-assistencial do Corpo Cl\u00ednico do Departamento de Pediatria da Faculdade de Medicina de Botucatu, Universidade Estadual Paulista (FMB\/Unesp). O livro \u00e9 completo e abrangente. Aborda a Cl\u00ednica Pedi\u00e1trica como um todo e os principais aspectos da Pediatria Preventiva (Puericultura). Seus editores dividiram de modo did\u00e1tico o livro em tr\u00eas partes, que acompanham paralelamente as faixas et\u00e1rias do desenvolvimento e que tamb\u00e9m incluem as especialidades m\u00e9dicas. Formam-se, assim, 15 se\u00e7\u00f5es e 111 cap\u00edtulos. Seguem as partes e as faixas et\u00e1rias correspondentes e com suas se\u00e7\u00f5es: Parte I. FASES DA VIDA &#8211; Se\u00e7\u00f5es: (1) Per\u00edodo Neonatal, (2) Do Lactente ao Escolar, (3) Adolesc\u00eancia. Parte II. URG\u00caNCIA E EMERG\u00caNCIA Parte III. ESPECIALIDADES PEDI\u00c1TRICAS &#8211; Se\u00e7\u00f5es: (4) Alergia e Imunologia, (5) Cardiologia, (6) Dermatologia, (7) Endocrinologia, (8) Gastrenterologia, (9) Hematologia e Oncologia, (10) Medicina Intensiva, (11) Nefrologia, (12) Neuropsiquiatria, (13) Pneumologia, (14) Reumatologia, (15) Abordagem Interdisciplinar nas Doen\u00e7as Infantis: Cirurgia Pedi\u00e1trica, Oftalmologia, Otorrinolaringologia e Urologia. Pediatria &#8211; Do Rec\u00e9m-Nascido ao Adolescente apresenta 4 Editores e 109 Colaboradores. Seu p\u00fablico-alvo \u00e9 formado por Pediatras, Neonatologistas, Perinatologistas e Residentes em Pediatria, Neonatologia e Perinatologia.<\/div>\n<\/div>\n<\/div>\n<\/div>\n","protected":false},"excerpt":{"rendered":"<p>Pediatria &#8211; Do Rec\u00e9m-Nascido ao Adolescente \u00e9 livro que reflete a longa pr\u00e1tica docente e m\u00e9dico-assistencial do Corpo Cl\u00ednico do Departamento de Pediatria da Faculdade de Medicina de Botucatu, Universidade Estadual Paulista (FMB\/Unesp). O livro \u00e9 completo e abrangente. Aborda a Cl\u00ednica Pedi\u00e1trica como um todo e os principais aspectos da Pediatria Preventiva (Puericultura). Seus&hellip;&nbsp;<a href=\"https:\/\/livrariadocampus.com.br\/loja\/produto\/pediatria-do-recem-nascido-ao-adolescente-2020-lancamento\/\" class=\"\" rel=\"bookmark\">Continue a ler &raquo;<span class=\"screen-reader-text\">PEDIATRIA DO REC\u00c9M-NASCIDO AO ADOLESCENTE  2020 LANCAMENTO PRONTA ENTREGA TODO  BRASIL<\/span><\/a><\/p>\n","protected":false},"featured_media":5432,"template":"","meta":{"neve_meta_sidebar":"","neve_meta_container":"","neve_meta_enable_content_width":"off","neve_meta_content_width":0,"neve_meta_title_alignment":"","neve_meta_author_avatar":"","neve_post_elements_order":"","neve_meta_disable_header":"","neve_meta_disable_footer":"","neve_meta_disable_title":"","_joinchat":[]},"product_brand":[],"product_cat":[24,25,56,182],"product_tag":[],"class_list":{"0":"post-5431","1":"product","2":"type-product","3":"status-publish","4":"has-post-thumbnail","6":"product_cat-destaques","7":"product_cat-lancamentos","8":"product_cat-pediatria","9":"product_cat-pediatria-neonatologia","11":"first","12":"instock","13":"sold-individually","14":"shipping-taxable","15":"purchasable","16":"product-type-simple"},"jetpack_sharing_enabled":true,"_links":{"self":[{"href":"https:\/\/livrariadocampus.com.br\/loja\/wp-json\/wp\/v2\/product\/5431","targetHints":{"allow":["GET"]}}],"collection":[{"href":"https:\/\/livrariadocampus.com.br\/loja\/wp-json\/wp\/v2\/product"}],"about":[{"href":"https:\/\/livrariadocampus.com.br\/loja\/wp-json\/wp\/v2\/types\/product"}],"wp:featuredmedia":[{"embeddable":true,"href":"https:\/\/livrariadocampus.com.br\/loja\/wp-json\/wp\/v2\/media\/5432"}],"wp:attachment":[{"href":"https:\/\/livrariadocampus.com.br\/loja\/wp-json\/wp\/v2\/media?parent=5431"}],"wp:term":[{"taxonomy":"product_brand","embeddable":true,"href":"https:\/\/livrariadocampus.com.br\/loja\/wp-json\/wp\/v2\/product_brand?post=5431"},{"taxonomy":"product_cat","embeddable":true,"href":"https:\/\/livrariadocampus.com.br\/loja\/wp-json\/wp\/v2\/product_cat?post=5431"},{"taxonomy":"product_tag","embeddable":true,"href":"https:\/\/livrariadocampus.com.br\/loja\/wp-json\/wp\/v2\/product_tag?post=5431"}],"curies":[{"name":"wp","href":"https:\/\/api.w.org\/{rel}","templated":true}]}}