{"id":5426,"date":"2020-08-14T16:19:09","date_gmt":"2020-08-14T19:19:09","guid":{"rendered":"https:\/\/www.livrariadocampus.com.br\/?post_type=product&#038;p=5426"},"modified":"2023-06-12T15:35:02","modified_gmt":"2023-06-12T18:35:02","slug":"fraturas-em-adultos-de-rockwood-green-2-volumes-por-robert-w-bucholz-charles-m-court-brown","status":"publish","type":"product","link":"https:\/\/livrariadocampus.com.br\/loja\/produto\/fraturas-em-adultos-de-rockwood-green-2-volumes-por-robert-w-bucholz-charles-m-court-brown\/","title":{"rendered":"Fraturas em adultos de Rockwood &amp; Green, 2 volumes por Robert W. Bucholz, Charles M. Court-Brown,"},"content":{"rendered":"<p>Em sua 7\u00aa edi\u00e7\u00e3o totalmente revisada e atualizada, Fraturas em Adultos de Rockwood &amp; Green oferece um conte\u00fado completo sobre tratamentos ortop\u00e9dicos para as mais diversas les\u00f5es. Mais de 80 dos mais importantes profissionais da \u00e1rea apresentam uma abordagem abrangente de todas as les\u00f5es articulares e \u00f3sseas e discutem minuciosamente t\u00e9cnicas alternativas para o tratamento de cada les\u00e3o, al\u00e9m de apresentar seus m\u00e9todos preferidos. A obra come\u00e7a com a se\u00e7\u00e3o Princ\u00edpios Gerais, que inclui biomec\u00e2nica, classifica\u00e7\u00e3o, epidemiologia, princ\u00edpios de fixa\u00e7\u00e3o interna e externa, diagn\u00f3stico por imagem e resultados de pesquisas e estudos. As se\u00e7\u00f5es subsequentes focam as fraturas pela sua localiza\u00e7\u00e3o anat\u00f4mica (membro superior, coluna vertebral, membro inferior). Todos os cap\u00edtulos dessas se\u00e7\u00f5es trazem os seguintes t\u00f3picos: princ\u00edpios de tratamento, anatomia cir\u00fargica, op\u00e7\u00f5es atuais de tratamento, m\u00e9todo de tratamento preferido pelo autor, complica\u00e7\u00f5es e controv\u00e9rsia<\/p>\n","protected":false},"excerpt":{"rendered":"<p>Em sua 7\u00aa edi\u00e7\u00e3o totalmente revisada e atualizada, Fraturas em Adultos de Rockwood &amp; Green oferece um conte\u00fado completo sobre tratamentos ortop\u00e9dicos para as mais diversas les\u00f5es. Mais de 80 dos mais importantes profissionais da \u00e1rea apresentam uma abordagem abrangente de todas as les\u00f5es articulares e \u00f3sseas e discutem minuciosamente t\u00e9cnicas alternativas para o tratamento&hellip;&nbsp;<a href=\"https:\/\/livrariadocampus.com.br\/loja\/produto\/fraturas-em-adultos-de-rockwood-green-2-volumes-por-robert-w-bucholz-charles-m-court-brown\/\" class=\"\" rel=\"bookmark\">Continue a ler &raquo;<span class=\"screen-reader-text\">Fraturas em adultos de Rockwood &amp; Green, 2 volumes por Robert W. Bucholz, Charles M. Court-Brown,<\/span><\/a><\/p>\n","protected":false},"featured_media":5427,"template":"","meta":{"neve_meta_sidebar":"","neve_meta_container":"","neve_meta_enable_content_width":"off","neve_meta_content_width":0,"neve_meta_title_alignment":"","neve_meta_author_avatar":"","neve_post_elements_order":"","neve_meta_disable_header":"","neve_meta_disable_footer":"","neve_meta_disable_title":"","_joinchat":[]},"product_brand":[],"product_cat":[132],"product_tag":[],"class_list":{"0":"post-5426","1":"product","2":"type-product","3":"status-publish","4":"has-post-thumbnail","6":"product_cat-ortopedia-traumatologia","8":"first","9":"instock","10":"sale","11":"shipping-taxable","12":"purchasable","13":"product-type-simple"},"jetpack_sharing_enabled":true,"_links":{"self":[{"href":"https:\/\/livrariadocampus.com.br\/loja\/wp-json\/wp\/v2\/product\/5426","targetHints":{"allow":["GET"]}}],"collection":[{"href":"https:\/\/livrariadocampus.com.br\/loja\/wp-json\/wp\/v2\/product"}],"about":[{"href":"https:\/\/livrariadocampus.com.br\/loja\/wp-json\/wp\/v2\/types\/product"}],"wp:featuredmedia":[{"embeddable":true,"href":"https:\/\/livrariadocampus.com.br\/loja\/wp-json\/wp\/v2\/media\/5427"}],"wp:attachment":[{"href":"https:\/\/livrariadocampus.com.br\/loja\/wp-json\/wp\/v2\/media?parent=5426"}],"wp:term":[{"taxonomy":"product_brand","embeddable":true,"href":"https:\/\/livrariadocampus.com.br\/loja\/wp-json\/wp\/v2\/product_brand?post=5426"},{"taxonomy":"product_cat","embeddable":true,"href":"https:\/\/livrariadocampus.com.br\/loja\/wp-json\/wp\/v2\/product_cat?post=5426"},{"taxonomy":"product_tag","embeddable":true,"href":"https:\/\/livrariadocampus.com.br\/loja\/wp-json\/wp\/v2\/product_tag?post=5426"}],"curies":[{"name":"wp","href":"https:\/\/api.w.org\/{rel}","templated":true}]}}