{"id":5424,"date":"2020-08-14T16:13:32","date_gmt":"2020-08-14T19:13:32","guid":{"rendered":"https:\/\/www.livrariadocampus.com.br\/?post_type=product&#038;p=5424"},"modified":"2023-06-12T15:35:43","modified_gmt":"2023-06-12T18:35:43","slug":"netter-exame-clinico-ortopedico-portugues-por-joshua-cleland-autor","status":"publish","type":"product","link":"https:\/\/livrariadocampus.com.br\/loja\/produto\/netter-exame-clinico-ortopedico-portugues-por-joshua-cleland-autor\/","title":{"rendered":"Netter. Exame Cl\u00ednico Ortop\u00e9dico (Portugu\u00eas) por Joshua Cleland (Autor)"},"content":{"rendered":"<p>&#8220;Netter Exame Cl\u00ednico Ortop\u00e9dico: Uma Abordagem Baseada em Evid\u00eancia apresenta uma abordagem com tabelas de evid\u00eancias que facilitam os profissionais no momento da localiza\u00e7\u00e3o de evid\u00eancias relevantes da utilidade diagn\u00f3stica dos testes e medidas mais comumente utilizados.<\/p>\n<p>Dr. Joshua Cleland alinha o exame cl\u00ednico ortop\u00e9dico com os princ\u00edpios da medicina baseada em evid\u00eancia.<\/p>\n<p>Afinal, tudo o que um profissional quer \u00e9 saber se o resultado do teste aumenta ou diminui a probabilidade de um paciente em particular apresentar a condi\u00e7\u00e3o investigada.<\/p>\n<p>O prop\u00f3sito deste livro \u00e9 o de dar aos profissionais um rico reposit\u00f3rio de informa\u00e7\u00f5es sobre as defini\u00e7\u00f5es operacionais e propriedades diagn\u00f3sticas associadas para os testes e medidas mais importantes em uma estrutura que pode ser utilizada para orientar a tomada de decis\u00f5es na pr\u00e1tica cl\u00ednica ortop\u00e9dica. Esta informa\u00e7\u00e3o deve ser vista como a base para pesquisas atualizadas a procura das evid\u00eancias necess\u00e1rias.<\/p>\n<p>Netter Exame Cl\u00ednico Ortop\u00e9dico: Uma Abordagem Baseada em Evid\u00eancia \u00e9 um excelente suplemento para cursos de avalia\u00e7\u00e3o m\u00fasculo-esquel\u00e9ticas e um r\u00e1pido guia de refer\u00eancia para profissionais que necessitam determinar a relev\u00e2ncia dos v\u00e1rios componentes do exame cl\u00ednico. &#8220;<\/p>\n","protected":false},"excerpt":{"rendered":"<p>&#8220;Netter Exame Cl\u00ednico Ortop\u00e9dico: Uma Abordagem Baseada em Evid\u00eancia apresenta uma abordagem com tabelas de evid\u00eancias que facilitam os profissionais no momento da localiza\u00e7\u00e3o de evid\u00eancias relevantes da utilidade diagn\u00f3stica dos testes e medidas mais comumente utilizados. Dr. Joshua Cleland alinha o exame cl\u00ednico ortop\u00e9dico com os princ\u00edpios da medicina baseada em evid\u00eancia. Afinal, tudo&hellip;&nbsp;<a href=\"https:\/\/livrariadocampus.com.br\/loja\/produto\/netter-exame-clinico-ortopedico-portugues-por-joshua-cleland-autor\/\" class=\"\" rel=\"bookmark\">Continue a ler &raquo;<span class=\"screen-reader-text\">Netter. Exame Cl\u00ednico Ortop\u00e9dico (Portugu\u00eas) por Joshua Cleland (Autor)<\/span><\/a><\/p>\n","protected":false},"featured_media":5425,"template":"","meta":{"neve_meta_sidebar":"","neve_meta_container":"","neve_meta_enable_content_width":"off","neve_meta_content_width":0,"neve_meta_title_alignment":"","neve_meta_author_avatar":"","neve_post_elements_order":"","neve_meta_disable_header":"","neve_meta_disable_footer":"","neve_meta_disable_title":"","_joinchat":[]},"product_brand":[],"product_cat":[132],"product_tag":[],"class_list":{"0":"post-5424","1":"product","2":"type-product","3":"status-publish","4":"has-post-thumbnail","6":"product_cat-ortopedia-traumatologia","8":"first","9":"instock","10":"sale","11":"shipping-taxable","12":"purchasable","13":"product-type-simple"},"jetpack_sharing_enabled":true,"_links":{"self":[{"href":"https:\/\/livrariadocampus.com.br\/loja\/wp-json\/wp\/v2\/product\/5424","targetHints":{"allow":["GET"]}}],"collection":[{"href":"https:\/\/livrariadocampus.com.br\/loja\/wp-json\/wp\/v2\/product"}],"about":[{"href":"https:\/\/livrariadocampus.com.br\/loja\/wp-json\/wp\/v2\/types\/product"}],"wp:featuredmedia":[{"embeddable":true,"href":"https:\/\/livrariadocampus.com.br\/loja\/wp-json\/wp\/v2\/media\/5425"}],"wp:attachment":[{"href":"https:\/\/livrariadocampus.com.br\/loja\/wp-json\/wp\/v2\/media?parent=5424"}],"wp:term":[{"taxonomy":"product_brand","embeddable":true,"href":"https:\/\/livrariadocampus.com.br\/loja\/wp-json\/wp\/v2\/product_brand?post=5424"},{"taxonomy":"product_cat","embeddable":true,"href":"https:\/\/livrariadocampus.com.br\/loja\/wp-json\/wp\/v2\/product_cat?post=5424"},{"taxonomy":"product_tag","embeddable":true,"href":"https:\/\/livrariadocampus.com.br\/loja\/wp-json\/wp\/v2\/product_tag?post=5424"}],"curies":[{"name":"wp","href":"https:\/\/api.w.org\/{rel}","templated":true}]}}