{"id":5405,"date":"2020-08-12T15:06:16","date_gmt":"2020-08-12T18:06:16","guid":{"rendered":"https:\/\/www.livrariadocampus.com.br\/?post_type=product&#038;p=5405"},"modified":"2025-03-28T15:47:33","modified_gmt":"2025-03-28T18:47:33","slug":"yellowbook-fluxos-e-condutas-ginecologia-e-obstetricia","status":"publish","type":"product","link":"https:\/\/livrariadocampus.com.br\/loja\/produto\/yellowbook-fluxos-e-condutas-ginecologia-e-obstetricia\/","title":{"rendered":"Yellowbook &#8211; Fluxos E Condutas: Ginecologia E Obstetr\u00edcia"},"content":{"rendered":"<p>O livro Yellowbook &#8211; Fluxos e Condutas: Ginecologia e Obstetr\u00edcia traz acesso r\u00e1pido \u00e0s informa\u00e7\u00f5es necess\u00e1rias na rotina m\u00e9dica de um profissional de G.O., oferecendo a voc\u00ea seguran\u00e7a na tomada de decis\u00e3o. Este manual pr\u00e1tico \u00e9 um guia de conduta m\u00e9dica para casos de emerg\u00eancia e ambulat\u00f3rio, abordando os principais temas, procedimentos e prescri\u00e7\u00f5es do dia-a-dia do Ginecologista e Obstetra. Se voc\u00ea \u00e9 estudante, est\u00e1 no Internato, est\u00e1 se preparando para as provas de Resid\u00eancia ou est\u00e1 formado e deseja aprimorar a sua pr\u00e1tica em Ginecologia e Obstetr\u00edcia, o livro Yellowbook G.O. \u00e9 a escolha ideal. O Yellowbook se destaca pela abordagem sistematizada e objetiva, dando mais efic\u00e1cia e praticidade \u00e0 atua\u00e7\u00e3o m\u00e9dica. Tudo isso porque \u00e9 baseado nas melhores e mais recentes refer\u00eancias bibliogr\u00e1ficas. As condutas em forma de fluxos, assim como os bul\u00e1rios ao fim de cada cap\u00edtulo, dar\u00e3o a voc\u00ea exatamente as ferramentas que voc\u00ea precisa para conduzir bem os casos cl\u00ednicos e prescrever de forma r\u00e1pida e correta! Nesta edi\u00e7\u00e3o voc\u00ea encontrar\u00e1: Mais de 100 fluxogramas de condutas em G.O.; Integra\u00e7\u00e3o gratuita com o aplicativo Yellowbook; \u00cdndice remissivo, com o qual voc\u00ea ter\u00e1 acesso r\u00e1pido aos termos abordados no livro. Como o Yellowbook deve ser consultado? A grada\u00e7\u00e3o dos n\u00edveis de informa\u00e7\u00e3o em cores \u00e9 crucial. Essa hierarquia oferece a oportunidade, por exemplo, de transformar o Yellowbook em uma fonte de consulta r\u00e1pida da melhor conduta a ser adotada ou da dose adequada de uma subst\u00e2ncia e, al\u00e9m disso, uma boa fonte de revis\u00e3o ou introdu\u00e7\u00e3o de dezenas de temas na pr\u00e1tica cl\u00ednica dos ginecologistas e obstetras. Como funcionam os fluxogramas do Yellowbook? Os fluxogramas foram elaborados pensando em uma situa\u00e7\u00e3o passo a passo, ou seja, na assist\u00eancia sequencial e cont\u00ednua do m\u00e9dico diante do paciente. Portanto, n\u00e3o \u00e9 um mero resumo de informa\u00e7\u00f5es mas sim um fluxo a ser verdadeiramente utilizado.<\/p>\n","protected":false},"excerpt":{"rendered":"<p>O livro Yellowbook &#8211; Fluxos e Condutas: Ginecologia e Obstetr\u00edcia traz acesso r\u00e1pido \u00e0s informa\u00e7\u00f5es necess\u00e1rias na rotina m\u00e9dica de um profissional de G.O., oferecendo a voc\u00ea seguran\u00e7a na tomada de decis\u00e3o. Este manual pr\u00e1tico \u00e9 um guia de conduta m\u00e9dica para casos de emerg\u00eancia e ambulat\u00f3rio, abordando os principais temas, procedimentos e prescri\u00e7\u00f5es do&hellip;&nbsp;<a href=\"https:\/\/livrariadocampus.com.br\/loja\/produto\/yellowbook-fluxos-e-condutas-ginecologia-e-obstetricia\/\" class=\"\" rel=\"bookmark\">Continue a ler &raquo;<span class=\"screen-reader-text\">Yellowbook &#8211; Fluxos E Condutas: Ginecologia E Obstetr\u00edcia<\/span><\/a><\/p>\n","protected":false},"featured_media":5406,"template":"","meta":{"neve_meta_sidebar":"","neve_meta_container":"","neve_meta_enable_content_width":"off","neve_meta_content_width":0,"neve_meta_title_alignment":"","neve_meta_author_avatar":"","neve_post_elements_order":"","neve_meta_disable_header":"","neve_meta_disable_footer":"","neve_meta_disable_title":"","_joinchat":[]},"product_brand":[],"product_cat":[15,24,145],"product_tag":[],"class_list":{"0":"post-5405","1":"product","2":"type-product","3":"status-publish","4":"has-post-thumbnail","6":"product_cat-outros","7":"product_cat-destaques","8":"product_cat-ginecologia-obstetricia-mastol","10":"first","11":"instock","12":"shipping-taxable","13":"purchasable","14":"product-type-simple"},"jetpack_sharing_enabled":true,"_links":{"self":[{"href":"https:\/\/livrariadocampus.com.br\/loja\/wp-json\/wp\/v2\/product\/5405","targetHints":{"allow":["GET"]}}],"collection":[{"href":"https:\/\/livrariadocampus.com.br\/loja\/wp-json\/wp\/v2\/product"}],"about":[{"href":"https:\/\/livrariadocampus.com.br\/loja\/wp-json\/wp\/v2\/types\/product"}],"wp:featuredmedia":[{"embeddable":true,"href":"https:\/\/livrariadocampus.com.br\/loja\/wp-json\/wp\/v2\/media\/5406"}],"wp:attachment":[{"href":"https:\/\/livrariadocampus.com.br\/loja\/wp-json\/wp\/v2\/media?parent=5405"}],"wp:term":[{"taxonomy":"product_brand","embeddable":true,"href":"https:\/\/livrariadocampus.com.br\/loja\/wp-json\/wp\/v2\/product_brand?post=5405"},{"taxonomy":"product_cat","embeddable":true,"href":"https:\/\/livrariadocampus.com.br\/loja\/wp-json\/wp\/v2\/product_cat?post=5405"},{"taxonomy":"product_tag","embeddable":true,"href":"https:\/\/livrariadocampus.com.br\/loja\/wp-json\/wp\/v2\/product_tag?post=5405"}],"curies":[{"name":"wp","href":"https:\/\/api.w.org\/{rel}","templated":true}]}}