{"id":5400,"date":"2020-08-28T14:05:44","date_gmt":"2020-08-28T17:05:44","guid":{"rendered":"https:\/\/www.livrariadocampus.com.br\/?post_type=product&#038;p=5400"},"modified":"2023-06-12T15:27:13","modified_gmt":"2023-06-12T18:27:13","slug":"yellowbook-fluxos-e-condutas-emergencia-2019","status":"publish","type":"product","link":"https:\/\/livrariadocampus.com.br\/loja\/produto\/yellowbook-fluxos-e-condutas-emergencia-2019\/","title":{"rendered":"yellowbook &#8211; Fluxos e Condutas: Emerg\u00eancia  2019"},"content":{"rendered":"<p>O livro Yellowbook &#8211; Fluxos e Condutas: Emerg\u00eancia traz acesso r\u00e1pido \u00e0s informa\u00e7\u00f5es necess\u00e1rias na rotina m\u00e9dica, oferecendo a voc\u00ea seguran\u00e7a na tomada de decis\u00e3o diante das emerg\u00eancias m\u00e9dicas. A 2\u00aa Edi\u00e7\u00e3o do Yellowbook \u00e9 um guia de conduta m\u00e9dica para casos de emerg\u00eancia, abordando os principais temas, procedimentos e prescri\u00e7\u00f5es do dia-a-dia numa emerg\u00eancia. Ao contr\u00e1rio de outros guias superficiais, ele se destaca pela abordagem mais aprofundada e objetiva, dando mais efic\u00e1cia e<\/p>\n","protected":false},"excerpt":{"rendered":"<p>O livro Yellowbook &#8211; Fluxos e Condutas: Emerg\u00eancia traz acesso r\u00e1pido \u00e0s informa\u00e7\u00f5es necess\u00e1rias na rotina m\u00e9dica, oferecendo a voc\u00ea seguran\u00e7a na tomada de decis\u00e3o diante das emerg\u00eancias m\u00e9dicas. A 2\u00aa Edi\u00e7\u00e3o do Yellowbook \u00e9 um guia de conduta m\u00e9dica para casos de emerg\u00eancia, abordando os principais temas, procedimentos e prescri\u00e7\u00f5es do dia-a-dia numa emerg\u00eancia.&hellip;&nbsp;<a href=\"https:\/\/livrariadocampus.com.br\/loja\/produto\/yellowbook-fluxos-e-condutas-emergencia-2019\/\" class=\"\" rel=\"bookmark\">Continue a ler &raquo;<span class=\"screen-reader-text\">yellowbook &#8211; Fluxos e Condutas: Emerg\u00eancia  2019<\/span><\/a><\/p>\n","protected":false},"featured_media":5531,"template":"","meta":{"neve_meta_sidebar":"","neve_meta_container":"","neve_meta_enable_content_width":"off","neve_meta_content_width":0,"neve_meta_title_alignment":"","neve_meta_author_avatar":"","neve_post_elements_order":"","neve_meta_disable_header":"","neve_meta_disable_footer":"","neve_meta_disable_title":"","_joinchat":[]},"product_brand":[],"product_cat":[15,58,104,60],"product_tag":[],"class_list":{"0":"post-5400","1":"product","2":"type-product","3":"status-publish","4":"has-post-thumbnail","6":"product_cat-outros","7":"product_cat-clinica-medica","8":"product_cat-clinica-medica-semiologia","9":"product_cat-geriatria-e-gerotologia","11":"first","12":"outofstock","13":"shipping-taxable","14":"product-type-simple"},"jetpack_sharing_enabled":true,"_links":{"self":[{"href":"https:\/\/livrariadocampus.com.br\/loja\/wp-json\/wp\/v2\/product\/5400","targetHints":{"allow":["GET"]}}],"collection":[{"href":"https:\/\/livrariadocampus.com.br\/loja\/wp-json\/wp\/v2\/product"}],"about":[{"href":"https:\/\/livrariadocampus.com.br\/loja\/wp-json\/wp\/v2\/types\/product"}],"wp:featuredmedia":[{"embeddable":true,"href":"https:\/\/livrariadocampus.com.br\/loja\/wp-json\/wp\/v2\/media\/5531"}],"wp:attachment":[{"href":"https:\/\/livrariadocampus.com.br\/loja\/wp-json\/wp\/v2\/media?parent=5400"}],"wp:term":[{"taxonomy":"product_brand","embeddable":true,"href":"https:\/\/livrariadocampus.com.br\/loja\/wp-json\/wp\/v2\/product_brand?post=5400"},{"taxonomy":"product_cat","embeddable":true,"href":"https:\/\/livrariadocampus.com.br\/loja\/wp-json\/wp\/v2\/product_cat?post=5400"},{"taxonomy":"product_tag","embeddable":true,"href":"https:\/\/livrariadocampus.com.br\/loja\/wp-json\/wp\/v2\/product_tag?post=5400"}],"curies":[{"name":"wp","href":"https:\/\/api.w.org\/{rel}","templated":true}]}}