{"id":5398,"date":"2020-08-12T14:13:43","date_gmt":"2020-08-12T17:13:43","guid":{"rendered":"https:\/\/www.livrariadocampus.com.br\/?post_type=product&#038;p=5398"},"modified":"2024-09-24T17:54:46","modified_gmt":"2024-09-24T20:54:46","slug":"manual-da-residencia-de-medicina-intensiva-oliveira-2020","status":"publish","type":"product","link":"https:\/\/livrariadocampus.com.br\/loja\/produto\/manual-da-residencia-de-medicina-intensiva-oliveira-2020\/","title":{"rendered":"Manual da Resid\u00eancia de Medicina Intensiva  Oliveira,   2020 PROMO\u00c7\u00c3O"},"content":{"rendered":"<p>_ Texto claro e objetivo, ideal para consulta r\u00e1pida. _ Cont\u00e9m informa\u00e7\u00f5es b\u00e1sicas sobre doses, dilui\u00e7\u00f5es, indica\u00e7\u00f5es, efeitos colaterais, crit\u00e9rios diagn\u00f3sticos e tratamento das situa\u00e7\u00f5es mais frequentes do dia a dia do intensivista. _ Recomendado para todos os profissionais que trabalham com pacientes graves, no pronto-socorro, em UTI ou enfermaria. _ Re\u00fane as evid\u00eancias existentes sobre o manejo intensivo do paciente com o novo coronav\u00edrus (COVID-19)<\/p>\n","protected":false},"excerpt":{"rendered":"<p>_ Texto claro e objetivo, ideal para consulta r\u00e1pida. _ Cont\u00e9m informa\u00e7\u00f5es b\u00e1sicas sobre doses, dilui\u00e7\u00f5es, indica\u00e7\u00f5es, efeitos colaterais, crit\u00e9rios diagn\u00f3sticos e tratamento das situa\u00e7\u00f5es mais frequentes do dia a dia do intensivista. _ Recomendado para todos os profissionais que trabalham com pacientes graves, no pronto-socorro, em UTI ou enfermaria. _ Re\u00fane as evid\u00eancias existentes&hellip;&nbsp;<a href=\"https:\/\/livrariadocampus.com.br\/loja\/produto\/manual-da-residencia-de-medicina-intensiva-oliveira-2020\/\" class=\"\" rel=\"bookmark\">Continue a ler &raquo;<span class=\"screen-reader-text\">Manual da Resid\u00eancia de Medicina Intensiva  Oliveira,   2020 PROMO\u00c7\u00c3O<\/span><\/a><\/p>\n","protected":false},"featured_media":5399,"template":"","meta":{"neve_meta_sidebar":"","neve_meta_container":"","neve_meta_enable_content_width":"off","neve_meta_content_width":0,"neve_meta_title_alignment":"","neve_meta_author_avatar":"","neve_post_elements_order":"","neve_meta_disable_header":"","neve_meta_disable_footer":"","neve_meta_disable_title":"","_joinchat":[]},"product_brand":[],"product_cat":[70,65,58,104,54,55],"product_tag":[],"class_list":{"0":"post-5398","1":"product","2":"type-product","3":"status-publish","4":"has-post-thumbnail","6":"product_cat-anestesiologia","7":"product_cat-cardiologia","8":"product_cat-clinica-medica","9":"product_cat-clinica-medica-semiologia","10":"product_cat-emergencias-e-pronto-socorro","11":"product_cat-terapia-intensiva-adulto-e-pediatrico","13":"first","14":"instock","15":"shipping-taxable","16":"purchasable","17":"product-type-simple"},"jetpack_sharing_enabled":true,"_links":{"self":[{"href":"https:\/\/livrariadocampus.com.br\/loja\/wp-json\/wp\/v2\/product\/5398","targetHints":{"allow":["GET"]}}],"collection":[{"href":"https:\/\/livrariadocampus.com.br\/loja\/wp-json\/wp\/v2\/product"}],"about":[{"href":"https:\/\/livrariadocampus.com.br\/loja\/wp-json\/wp\/v2\/types\/product"}],"wp:featuredmedia":[{"embeddable":true,"href":"https:\/\/livrariadocampus.com.br\/loja\/wp-json\/wp\/v2\/media\/5399"}],"wp:attachment":[{"href":"https:\/\/livrariadocampus.com.br\/loja\/wp-json\/wp\/v2\/media?parent=5398"}],"wp:term":[{"taxonomy":"product_brand","embeddable":true,"href":"https:\/\/livrariadocampus.com.br\/loja\/wp-json\/wp\/v2\/product_brand?post=5398"},{"taxonomy":"product_cat","embeddable":true,"href":"https:\/\/livrariadocampus.com.br\/loja\/wp-json\/wp\/v2\/product_cat?post=5398"},{"taxonomy":"product_tag","embeddable":true,"href":"https:\/\/livrariadocampus.com.br\/loja\/wp-json\/wp\/v2\/product_tag?post=5398"}],"curies":[{"name":"wp","href":"https:\/\/api.w.org\/{rel}","templated":true}]}}