{"id":5376,"date":"2020-08-11T15:07:32","date_gmt":"2020-08-11T18:07:32","guid":{"rendered":"https:\/\/www.livrariadocampus.com.br\/?post_type=product&#038;p=5376"},"modified":"2023-06-13T10:29:23","modified_gmt":"2023-06-13T13:29:23","slug":"clinica-medica-barros-portugues-2019","status":"publish","type":"product","link":"https:\/\/livrariadocampus.com.br\/loja\/produto\/clinica-medica-barros-portugues-2019\/","title":{"rendered":"Cl\u00ednica M\u00e9dica Barros (Portugu\u00eas)  2019"},"content":{"rendered":"<p>Cl\u00ednica m\u00e9dica: consulta r\u00e1pida, consagrada refer\u00eancia da \u00e1rea, chega \u00e0 sua 5\u00aa edi\u00e7\u00e3o em novo formato e amplamente atualizada! O objetivo original permanece \u2013 o de ser uma obra com informa\u00e7\u00e3o consistente com as melhores fontes, cr\u00edtica e did\u00e1tica, de modo a ser a fiel companheira dos profissionais que a utilizam no seu dia a dia. Com conte\u00fado organizado por especialidades, esta nova edi\u00e7\u00e3o traz novos cap\u00edtulos sobre Avalia\u00e7\u00e3o por imagem \u00e0 beira do leito, Avalia\u00e7\u00e3o diagn\u00f3stica por imagem, Dor: diagn\u00f3stico e manejo nas situa\u00e7\u00f5es agudas e cr\u00f4nicas e Perioperat\u00f3rio<\/p>\n","protected":false},"excerpt":{"rendered":"<p>Cl\u00ednica m\u00e9dica: consulta r\u00e1pida, consagrada refer\u00eancia da \u00e1rea, chega \u00e0 sua 5\u00aa edi\u00e7\u00e3o em novo formato e amplamente atualizada! O objetivo original permanece \u2013 o de ser uma obra com informa\u00e7\u00e3o consistente com as melhores fontes, cr\u00edtica e did\u00e1tica, de modo a ser a fiel companheira dos profissionais que a utilizam no seu dia a&hellip;&nbsp;<a href=\"https:\/\/livrariadocampus.com.br\/loja\/produto\/clinica-medica-barros-portugues-2019\/\" class=\"\" rel=\"bookmark\">Continue a ler &raquo;<span class=\"screen-reader-text\">Cl\u00ednica M\u00e9dica Barros (Portugu\u00eas)  2019<\/span><\/a><\/p>\n","protected":false},"featured_media":5377,"template":"","meta":{"neve_meta_sidebar":"","neve_meta_container":"","neve_meta_enable_content_width":"off","neve_meta_content_width":0,"neve_meta_title_alignment":"","neve_meta_author_avatar":"","neve_post_elements_order":"","neve_meta_disable_header":"","neve_meta_disable_footer":"","neve_meta_disable_title":"","_joinchat":[]},"product_brand":[],"product_cat":[15,58,104,24,52],"product_tag":[],"class_list":{"0":"post-5376","1":"product","2":"type-product","3":"status-publish","4":"has-post-thumbnail","6":"product_cat-outros","7":"product_cat-clinica-medica","8":"product_cat-clinica-medica-semiologia","9":"product_cat-destaques","10":"product_cat-medicina-do-trabalho","12":"first","13":"instock","14":"sale","15":"shipping-taxable","16":"purchasable","17":"product-type-simple"},"jetpack_sharing_enabled":true,"_links":{"self":[{"href":"https:\/\/livrariadocampus.com.br\/loja\/wp-json\/wp\/v2\/product\/5376","targetHints":{"allow":["GET"]}}],"collection":[{"href":"https:\/\/livrariadocampus.com.br\/loja\/wp-json\/wp\/v2\/product"}],"about":[{"href":"https:\/\/livrariadocampus.com.br\/loja\/wp-json\/wp\/v2\/types\/product"}],"wp:featuredmedia":[{"embeddable":true,"href":"https:\/\/livrariadocampus.com.br\/loja\/wp-json\/wp\/v2\/media\/5377"}],"wp:attachment":[{"href":"https:\/\/livrariadocampus.com.br\/loja\/wp-json\/wp\/v2\/media?parent=5376"}],"wp:term":[{"taxonomy":"product_brand","embeddable":true,"href":"https:\/\/livrariadocampus.com.br\/loja\/wp-json\/wp\/v2\/product_brand?post=5376"},{"taxonomy":"product_cat","embeddable":true,"href":"https:\/\/livrariadocampus.com.br\/loja\/wp-json\/wp\/v2\/product_cat?post=5376"},{"taxonomy":"product_tag","embeddable":true,"href":"https:\/\/livrariadocampus.com.br\/loja\/wp-json\/wp\/v2\/product_tag?post=5376"}],"curies":[{"name":"wp","href":"https:\/\/api.w.org\/{rel}","templated":true}]}}