{"id":5348,"date":"2020-08-07T17:28:47","date_gmt":"2020-08-07T20:28:47","guid":{"rendered":"https:\/\/www.livrariadocampus.com.br\/?post_type=product&#038;p=5348"},"modified":"2023-06-13T10:38:29","modified_gmt":"2023-06-13T13:38:29","slug":"gerenciamento-em-enfermagem-portugues-capa-2016","status":"publish","type":"product","link":"https:\/\/livrariadocampus.com.br\/loja\/produto\/gerenciamento-em-enfermagem-portugues-capa-2016\/","title":{"rendered":"Gerenciamento em Enfermagem (Portugu\u00eas) Capa  2023"},"content":{"rendered":"<p>Coordenado pela Professora Paulina Kurcgant, este livro foi escrito\u00a0integralmente por docentes do Departamento de Orienta\u00e7\u00e3o Profissional\u00a0da Escola de Enfermagem da Universidade de S\u00e3o Paulo (USP),\u00a0comprometidos com as possibilidades e os desafios que se apresentam\u00a0na forma\u00e7\u00e3o dos enfermeiros e no exerc\u00edcio da Enfermagem.Gerenciamento em Enfermagem conduz o leitor a refletir e revisitar\u00a0a sua pr\u00e1tica profissional, objetivando avan\u00e7ar nas concep\u00e7\u00f5es frente\u00a0ao gerenciamento em sa\u00fade e em enfermagem, assim como discutir as\u00a0in\u00fameras quest\u00f5es de ordem t\u00e9cnica, pol\u00edtica e \u00e9tica, que permeiam o\u00a0processo de trabalho gerencial.Nesta 3\u00aa edi\u00e7\u00e3o, com texto reformulado e atualizado, al\u00e9m de um novo\u00a0cap\u00edtulo, Responsabilidade Civil do Enfermeiro na Assist\u00eancia e na\u00a0Gest\u00e3o, os temas fundamentais das organiza\u00e7\u00f5es de sa\u00fade s\u00e3o abordados\u00a0de maneira did\u00e1tica e contam com novas figuras esquem\u00e1ticas\u00a0que auxiliam no aprendizado<\/p>\n","protected":false},"excerpt":{"rendered":"<p>Coordenado pela Professora Paulina Kurcgant, este livro foi escrito\u00a0integralmente por docentes do Departamento de Orienta\u00e7\u00e3o Profissional\u00a0da Escola de Enfermagem da Universidade de S\u00e3o Paulo (USP),\u00a0comprometidos com as possibilidades e os desafios que se apresentam\u00a0na forma\u00e7\u00e3o dos enfermeiros e no exerc\u00edcio da Enfermagem.Gerenciamento em Enfermagem conduz o leitor a refletir e revisitar\u00a0a sua pr\u00e1tica profissional, objetivando&hellip;&nbsp;<a href=\"https:\/\/livrariadocampus.com.br\/loja\/produto\/gerenciamento-em-enfermagem-portugues-capa-2016\/\" class=\"\" rel=\"bookmark\">Continue a ler &raquo;<span class=\"screen-reader-text\">Gerenciamento em Enfermagem (Portugu\u00eas) Capa  2023<\/span><\/a><\/p>\n","protected":false},"featured_media":5349,"template":"","meta":{"neve_meta_sidebar":"","neve_meta_container":"","neve_meta_enable_content_width":"off","neve_meta_content_width":0,"neve_meta_title_alignment":"","neve_meta_author_avatar":"","neve_post_elements_order":"","neve_meta_disable_header":"","neve_meta_disable_footer":"","neve_meta_disable_title":"","_joinchat":[]},"product_brand":[],"product_cat":[24,68,25],"product_tag":[],"class_list":{"0":"post-5348","1":"product","2":"type-product","3":"status-publish","4":"has-post-thumbnail","6":"product_cat-destaques","7":"product_cat-enfermagem","8":"product_cat-lancamentos","10":"first","11":"instock","12":"sale","13":"shipping-taxable","14":"purchasable","15":"product-type-simple"},"jetpack_sharing_enabled":true,"_links":{"self":[{"href":"https:\/\/livrariadocampus.com.br\/loja\/wp-json\/wp\/v2\/product\/5348","targetHints":{"allow":["GET"]}}],"collection":[{"href":"https:\/\/livrariadocampus.com.br\/loja\/wp-json\/wp\/v2\/product"}],"about":[{"href":"https:\/\/livrariadocampus.com.br\/loja\/wp-json\/wp\/v2\/types\/product"}],"wp:featuredmedia":[{"embeddable":true,"href":"https:\/\/livrariadocampus.com.br\/loja\/wp-json\/wp\/v2\/media\/5349"}],"wp:attachment":[{"href":"https:\/\/livrariadocampus.com.br\/loja\/wp-json\/wp\/v2\/media?parent=5348"}],"wp:term":[{"taxonomy":"product_brand","embeddable":true,"href":"https:\/\/livrariadocampus.com.br\/loja\/wp-json\/wp\/v2\/product_brand?post=5348"},{"taxonomy":"product_cat","embeddable":true,"href":"https:\/\/livrariadocampus.com.br\/loja\/wp-json\/wp\/v2\/product_cat?post=5348"},{"taxonomy":"product_tag","embeddable":true,"href":"https:\/\/livrariadocampus.com.br\/loja\/wp-json\/wp\/v2\/product_tag?post=5348"}],"curies":[{"name":"wp","href":"https:\/\/api.w.org\/{rel}","templated":true}]}}