{"id":5341,"date":"2020-08-07T17:01:38","date_gmt":"2020-08-07T20:01:38","guid":{"rendered":"https:\/\/www.livrariadocampus.com.br\/?post_type=product&#038;p=5341"},"modified":"2020-08-18T18:46:44","modified_gmt":"2020-08-18T21:46:44","slug":"blackbook-enfermagem-espiral-2016-por-reynaldo-gomes-de-oliveira-autor","status":"publish","type":"product","link":"https:\/\/livrariadocampus.com.br\/loja\/produto\/blackbook-enfermagem-espiral-2016-por-reynaldo-gomes-de-oliveira-autor\/","title":{"rendered":"Blackbook Enfermagem &#8211;  Espiral  2016 por Reynaldo Gomes de Oliveira (Autor)"},"content":{"rendered":"<p>Atendendo aos pedidos dos profissionais da \u00e1rea, a cole\u00e7\u00e3o Blackbook acaba de ganhar seu mais novo t\u00edtulo: o Blackbook Enfermagem. O livro foi preparado para atender as principais necessidades de consulta r\u00e1pida e d\u00favidas dos enfermeiros no dia a dia, abordando os temas mais comuns e essenciais da pr\u00e1tica profissional de maneira objetiva e did\u00e1tica. Com conte\u00fado cuidadosamente selecionado e amplamente ilustrado, o Blackbook Enfermagem tem linguagem leve e objetiva, e \u00e9 sistematizado em tabelas que facilitam a r\u00e1pida localiza\u00e7\u00e3o das informa\u00e7\u00f5es necess\u00e1rias. Escrito por profissionais brasileiros de excel\u00eancia, o livro \u00e9 100% desenvolvido para a realidade do pa\u00eds e possui volume compacto que garante sua portabilidade em pastas e bolsas de trabalho. Os milhares de profissionais da Enfermagem que j\u00e1 utilizam os outros t\u00edtulos da s\u00e9rie Blackbook v\u00e3o poder desfrutar agora de um conte\u00fado totalmente focado em sua pr\u00e1tica e pensado para facilitar seu dia a dia profissional, enquanto aqueles que ainda n\u00e3o conhecem os Blackbooks v\u00e3o descobrir uma ferramenta essencial de trabalho e ganhar um companheiro insepar\u00e1vel para consultas nos momentos mais cr\u00edticos da sua rotina. Parte I \u2013 Rotinas de enfermagem: O Blackbook Enfermagem conta com mais de 40 cap\u00edtulos cuidadosamente produzidos a partir das melhores e mais atualizadas refer\u00eancias e diretrizes dispon\u00edveis, revisados por enfermeiros especializados em cada assunto, assegurando uma abordagem \u00fatil para a pr\u00e1tica de excel\u00eancia. Os temas selecionados abrangem todos os n\u00edveis de aten\u00e7\u00e3o e complexidade do cuidado, como a Aten\u00e7\u00e3o B\u00e1sica; cuidados com pacientes cr\u00f4nicos; interven\u00e7\u00f5es b\u00e1sicas e complexas; cuidados cr\u00edticos; rotinas de centro cir\u00fargico; humaniza\u00e7\u00e3o; sistematiza\u00e7\u00e3o da Enfermagem e muitos outros. Parte II \u2013 Medicamentos: Como os demais Blackbooks, o Blackbook Enfermagem tamb\u00e9m conta com uma compila\u00e7\u00e3o completa de todos os medicamentos e informa\u00e7\u00f5es essenciais para garantir a qualidade e seguran\u00e7a do paciente no processo de prescri\u00e7\u00e3o, dispensa\u00e7\u00e3o, reconcilia\u00e7\u00e3o, preparo, administra\u00e7\u00e3o, monitoriza\u00e7\u00e3o dos efeitos desej\u00e1veis, efeitos colaterais, contraindica\u00e7\u00f5es e muitas outros dados essenciais para a pr\u00e1tica di\u00e1ria e na orienta\u00e7\u00e3o dos pacientes. S\u00e3o mais de 1.500 medicamentos, divididos em mais de 100 grupos terap\u00eauticos. \u00c9 a \u00fanica fonte no mercado que inclui todas as informa\u00e7\u00f5es relacionadas \u00e0s marcas e apresenta\u00e7\u00f5es comerciais dispon\u00edveis no mercado, junto \u00e0s informa\u00e7\u00f5es t\u00e9cnicas essenciais para o profissional apresentadas de forma pr\u00e1tica, organizada, concisa e completa<\/p>\n","protected":false},"excerpt":{"rendered":"<p>Atendendo aos pedidos dos profissionais da \u00e1rea, a cole\u00e7\u00e3o Blackbook acaba de ganhar seu mais novo t\u00edtulo: o Blackbook Enfermagem. O livro foi preparado para atender as principais necessidades de consulta r\u00e1pida e d\u00favidas dos enfermeiros no dia a dia, abordando os temas mais comuns e essenciais da pr\u00e1tica profissional de maneira objetiva e did\u00e1tica.&hellip;&nbsp;<a href=\"https:\/\/livrariadocampus.com.br\/loja\/produto\/blackbook-enfermagem-espiral-2016-por-reynaldo-gomes-de-oliveira-autor\/\" class=\"\" rel=\"bookmark\">Continue a ler &raquo;<span class=\"screen-reader-text\">Blackbook Enfermagem &#8211;  Espiral  2016 por Reynaldo Gomes de Oliveira (Autor)<\/span><\/a><\/p>\n","protected":false},"featured_media":5342,"template":"","meta":{"neve_meta_sidebar":"","neve_meta_container":"","neve_meta_enable_content_width":"off","neve_meta_content_width":0,"neve_meta_title_alignment":"","neve_meta_author_avatar":"","neve_post_elements_order":"","neve_meta_disable_header":"","neve_meta_disable_footer":"","neve_meta_disable_title":"","_joinchat":[]},"product_brand":[],"product_cat":[24,54,68],"product_tag":[],"class_list":{"0":"post-5341","1":"product","2":"type-product","3":"status-publish","4":"has-post-thumbnail","6":"product_cat-destaques","7":"product_cat-emergencias-e-pronto-socorro","8":"product_cat-enfermagem","10":"first","11":"instock","12":"sale","13":"shipping-taxable","14":"purchasable","15":"product-type-simple"},"jetpack_sharing_enabled":true,"_links":{"self":[{"href":"https:\/\/livrariadocampus.com.br\/loja\/wp-json\/wp\/v2\/product\/5341","targetHints":{"allow":["GET"]}}],"collection":[{"href":"https:\/\/livrariadocampus.com.br\/loja\/wp-json\/wp\/v2\/product"}],"about":[{"href":"https:\/\/livrariadocampus.com.br\/loja\/wp-json\/wp\/v2\/types\/product"}],"wp:featuredmedia":[{"embeddable":true,"href":"https:\/\/livrariadocampus.com.br\/loja\/wp-json\/wp\/v2\/media\/5342"}],"wp:attachment":[{"href":"https:\/\/livrariadocampus.com.br\/loja\/wp-json\/wp\/v2\/media?parent=5341"}],"wp:term":[{"taxonomy":"product_brand","embeddable":true,"href":"https:\/\/livrariadocampus.com.br\/loja\/wp-json\/wp\/v2\/product_brand?post=5341"},{"taxonomy":"product_cat","embeddable":true,"href":"https:\/\/livrariadocampus.com.br\/loja\/wp-json\/wp\/v2\/product_cat?post=5341"},{"taxonomy":"product_tag","embeddable":true,"href":"https:\/\/livrariadocampus.com.br\/loja\/wp-json\/wp\/v2\/product_tag?post=5341"}],"curies":[{"name":"wp","href":"https:\/\/api.w.org\/{rel}","templated":true}]}}