{"id":5339,"date":"2020-08-07T16:56:16","date_gmt":"2020-08-07T19:56:16","guid":{"rendered":"https:\/\/www.livrariadocampus.com.br\/?post_type=product&#038;p=5339"},"modified":"2021-10-22T13:03:40","modified_gmt":"2021-10-22T16:03:40","slug":"diagnosticos-de-enfermagem-da-nanda-i-definicoes-e-classificacao-2018-2020","status":"publish","type":"product","link":"https:\/\/livrariadocampus.com.br\/loja\/produto\/diagnosticos-de-enfermagem-da-nanda-i-definicoes-e-classificacao-2018-2020\/","title":{"rendered":"Diagn\u00f3sticos de Enfermagem da NANDA-I: Defini\u00e7\u00f5es e Classifica\u00e7\u00e3o &#8211; 2018\/2020"},"content":{"rendered":"<p>Completamente atualizada e revisada por T. Heather Herdman, PhD, RN, FNI, e Shigemi Kamitsuru, PhD, RN, FNI, a edi\u00e7\u00e3o 2018-2020 do Diagn\u00f3sticos de enfermagem da NANDA-I \u00e9 um recurso essencial para todos os estudantes de enfermagem, enfermeiros, educadores e pesquisadores. Neste livro cl\u00e1ssico e internacionalmente conhecido, os cap\u00edtulos introdut\u00f3rios trazem informa\u00e7\u00f5es necess\u00e1rias para compreender a avalia\u00e7\u00e3o do paciente, sua liga\u00e7\u00e3o com o diagn\u00f3stico e o racioc\u00ednio cl\u00ednico, assim como o prop\u00f3sito e a utiliza\u00e7\u00e3o da estrutura taxon\u00f4mica \u00e0 beira do leito. Os 244 diagn\u00f3sticos de enfermagem da NANDA-I est\u00e3o classificados em 13 dom\u00ednios e distribu\u00eddos, dentro de cada classe, pela ordem alfab\u00e9tica do foco do diagn\u00f3stico. Esta nova edi\u00e7\u00e3o possui 17 diagn\u00f3sticos novos e 72 revisados, al\u00e9m de duas novas categorias de indicadores diagn\u00f3sticos: condi\u00e7\u00f5es associadas e popula\u00e7\u00f5es em risco.<\/p>\n","protected":false},"excerpt":{"rendered":"<p>Completamente atualizada e revisada por T. Heather Herdman, PhD, RN, FNI, e Shigemi Kamitsuru, PhD, RN, FNI, a edi\u00e7\u00e3o 2018-2020 do Diagn\u00f3sticos de enfermagem da NANDA-I \u00e9 um recurso essencial para todos os estudantes de enfermagem, enfermeiros, educadores e pesquisadores. Neste livro cl\u00e1ssico e internacionalmente conhecido, os cap\u00edtulos introdut\u00f3rios trazem informa\u00e7\u00f5es necess\u00e1rias para compreender a&hellip;&nbsp;<a href=\"https:\/\/livrariadocampus.com.br\/loja\/produto\/diagnosticos-de-enfermagem-da-nanda-i-definicoes-e-classificacao-2018-2020\/\" class=\"\" rel=\"bookmark\">Continue a ler &raquo;<span class=\"screen-reader-text\">Diagn\u00f3sticos de Enfermagem da NANDA-I: Defini\u00e7\u00f5es e Classifica\u00e7\u00e3o &#8211; 2018\/2020<\/span><\/a><\/p>\n","protected":false},"featured_media":5340,"template":"","meta":{"neve_meta_sidebar":"","neve_meta_container":"","neve_meta_enable_content_width":"off","neve_meta_content_width":0,"neve_meta_title_alignment":"","neve_meta_author_avatar":"","neve_post_elements_order":"","neve_meta_disable_header":"","neve_meta_disable_footer":"","neve_meta_disable_title":"","_joinchat":[]},"product_brand":[],"product_cat":[24,68],"product_tag":[],"class_list":{"0":"post-5339","1":"product","2":"type-product","3":"status-publish","4":"has-post-thumbnail","6":"product_cat-destaques","7":"product_cat-enfermagem","9":"first","10":"instock","11":"sale","12":"shipping-taxable","13":"purchasable","14":"product-type-simple"},"jetpack_sharing_enabled":true,"_links":{"self":[{"href":"https:\/\/livrariadocampus.com.br\/loja\/wp-json\/wp\/v2\/product\/5339","targetHints":{"allow":["GET"]}}],"collection":[{"href":"https:\/\/livrariadocampus.com.br\/loja\/wp-json\/wp\/v2\/product"}],"about":[{"href":"https:\/\/livrariadocampus.com.br\/loja\/wp-json\/wp\/v2\/types\/product"}],"wp:featuredmedia":[{"embeddable":true,"href":"https:\/\/livrariadocampus.com.br\/loja\/wp-json\/wp\/v2\/media\/5340"}],"wp:attachment":[{"href":"https:\/\/livrariadocampus.com.br\/loja\/wp-json\/wp\/v2\/media?parent=5339"}],"wp:term":[{"taxonomy":"product_brand","embeddable":true,"href":"https:\/\/livrariadocampus.com.br\/loja\/wp-json\/wp\/v2\/product_brand?post=5339"},{"taxonomy":"product_cat","embeddable":true,"href":"https:\/\/livrariadocampus.com.br\/loja\/wp-json\/wp\/v2\/product_cat?post=5339"},{"taxonomy":"product_tag","embeddable":true,"href":"https:\/\/livrariadocampus.com.br\/loja\/wp-json\/wp\/v2\/product_tag?post=5339"}],"curies":[{"name":"wp","href":"https:\/\/api.w.org\/{rel}","templated":true}]}}