{"id":5335,"date":"2020-08-07T16:39:30","date_gmt":"2020-08-07T19:39:30","guid":{"rendered":"https:\/\/www.livrariadocampus.com.br\/?post_type=product&#038;p=5335"},"modified":"2024-09-27T17:20:34","modified_gmt":"2024-09-27T20:20:34","slug":"o-gato-medicina-interna-portugues-2016-por-susan-e-little","status":"publish","type":"product","link":"https:\/\/livrariadocampus.com.br\/loja\/produto\/o-gato-medicina-interna-portugues-2016-por-susan-e-little\/","title":{"rendered":"O Gato &#8211; Medicina Interna (Portugu\u00eas)  2016 por Susan E. Little FRETE GRATIS"},"content":{"rendered":"<p>Refer\u00eancia veterin\u00e1ria mais abrangente sobre medicina interna de gatos, este livro \u00e9 indispens\u00e1vel a todo m\u00e9dico-veterin\u00e1rio que busca informa\u00e7\u00f5es valiosas para um atendimento de qualidade, cada vez mais requisitado por propriet\u00e1rios desses animais de companhia.Nesta obra, a Dra. Little, em parceria com experientes colaboradores, aborda quest\u00f5es e desafios \u00fanicos com que o veterin\u00e1rio especializado em gatos se depara diariamente \u2013 entre eles, os avan\u00e7os e as aplica\u00e7\u00f5es mais recentes em diagn\u00f3stico cl\u00ednico e tratamento. Principais caracter\u00edsticas Abordagem sist\u00eamica dos avan\u00e7os mais recentes na medicina interna de gatos T\u00f3picos fundamentais exclusivos, como: mapeamento do genoma felino; condi\u00e7\u00f5es cl\u00ednicas associadas a problemas de comportamento; tratamento de gatos com doen\u00e7a coexistente e cr\u00f4nica; agentes zoon\u00f3ticos felinos e implica\u00e7\u00f5es \u00e0 sa\u00fade humana Projeto gr\u00e1fico detalhado e colorido, rico em tabelas, boxes, algoritmos e figuras para acesso r\u00e1pido e f\u00e1cil \u00e0 informa\u00e7\u00e3o\u00a0 Conte\u00fado minucioso sobre gatos criados em ambiente dom\u00e9stico e com idade avan\u00e7ada, incluindo informa\u00e7\u00f5es sobre expectativa de vida mais longa e saud\u00e1vel Alerta para os desafios da superpopula\u00e7\u00e3o, em particular o impacto que milh\u00f5es de gatos em estado semisselvagem causam \u00e0 sa\u00fade p\u00fablica e ao ambiente\u00a0 Livro endossado pela Winn Feline Foundation, internacionalmente reconhecida como um dos maiores contribuintes para o financiamento de pesquisas em prol da sa\u00fade e do bem-estar dos gatos.<\/p>\n","protected":false},"excerpt":{"rendered":"<p>Refer\u00eancia veterin\u00e1ria mais abrangente sobre medicina interna de gatos, este livro \u00e9 indispens\u00e1vel a todo m\u00e9dico-veterin\u00e1rio que busca informa\u00e7\u00f5es valiosas para um atendimento de qualidade, cada vez mais requisitado por propriet\u00e1rios desses animais de companhia.Nesta obra, a Dra. Little, em parceria com experientes colaboradores, aborda quest\u00f5es e desafios \u00fanicos com que o veterin\u00e1rio especializado em&hellip;&nbsp;<a href=\"https:\/\/livrariadocampus.com.br\/loja\/produto\/o-gato-medicina-interna-portugues-2016-por-susan-e-little\/\" class=\"\" rel=\"bookmark\">Continue a ler &raquo;<span class=\"screen-reader-text\">O Gato &#8211; Medicina Interna (Portugu\u00eas)  2016 por Susan E. Little FRETE GRATIS<\/span><\/a><\/p>\n","protected":false},"featured_media":5336,"template":"","meta":{"neve_meta_sidebar":"","neve_meta_container":"","neve_meta_enable_content_width":"off","neve_meta_content_width":0,"neve_meta_title_alignment":"","neve_meta_author_avatar":"","neve_post_elements_order":"","neve_meta_disable_header":"","neve_meta_disable_footer":"","neve_meta_disable_title":"","_joinchat":[]},"product_brand":[],"product_cat":[24,76],"product_tag":[],"class_list":{"0":"post-5335","1":"product","2":"type-product","3":"status-publish","4":"has-post-thumbnail","6":"product_cat-destaques","7":"product_cat-pediatria-neonatologia-pediatria-neonatologia","9":"first","10":"instock","11":"shipping-taxable","12":"purchasable","13":"product-type-simple"},"jetpack_sharing_enabled":true,"_links":{"self":[{"href":"https:\/\/livrariadocampus.com.br\/loja\/wp-json\/wp\/v2\/product\/5335","targetHints":{"allow":["GET"]}}],"collection":[{"href":"https:\/\/livrariadocampus.com.br\/loja\/wp-json\/wp\/v2\/product"}],"about":[{"href":"https:\/\/livrariadocampus.com.br\/loja\/wp-json\/wp\/v2\/types\/product"}],"wp:featuredmedia":[{"embeddable":true,"href":"https:\/\/livrariadocampus.com.br\/loja\/wp-json\/wp\/v2\/media\/5336"}],"wp:attachment":[{"href":"https:\/\/livrariadocampus.com.br\/loja\/wp-json\/wp\/v2\/media?parent=5335"}],"wp:term":[{"taxonomy":"product_brand","embeddable":true,"href":"https:\/\/livrariadocampus.com.br\/loja\/wp-json\/wp\/v2\/product_brand?post=5335"},{"taxonomy":"product_cat","embeddable":true,"href":"https:\/\/livrariadocampus.com.br\/loja\/wp-json\/wp\/v2\/product_cat?post=5335"},{"taxonomy":"product_tag","embeddable":true,"href":"https:\/\/livrariadocampus.com.br\/loja\/wp-json\/wp\/v2\/product_tag?post=5335"}],"curies":[{"name":"wp","href":"https:\/\/api.w.org\/{rel}","templated":true}]}}