{"id":5330,"date":"2020-08-05T17:51:58","date_gmt":"2020-08-05T20:51:58","guid":{"rendered":"https:\/\/www.livrariadocampus.com.br\/?post_type=product&#038;p=5330"},"modified":"2024-01-15T12:16:47","modified_gmt":"2024-01-15T15:16:47","slug":"manual-de-terapeutica-veterinaria-consulta-rapida-por-silvia-franco-andrade-autor","status":"publish","type":"product","link":"https:\/\/livrariadocampus.com.br\/loja\/produto\/manual-de-terapeutica-veterinaria-consulta-rapida-por-silvia-franco-andrade-autor\/","title":{"rendered":"Manual de terap\u00eautica veterin\u00e1ria: Consulta r\u00e1pida  por Silvia Franco Andrade (Autor)"},"content":{"rendered":"<p>Inicialmente elaborado para sanar uma lacuna na literatura espec\u00edfica sobre grupos farmacol\u00f3gicos, seus princ\u00edpios ativos e dosagens, o consagrado Manual de Terap\u00eautica Veterin\u00e1ria ganha agora uma vers\u00e3o pocket. Manual de Terap\u00eautica Veterin\u00e1ria | Consulta R\u00e1pida abrange os princ\u00edpios ativos de A a Z, com exemplos de nomes comerciais e suas principais caracter\u00edsticas farmacol\u00f3gicas, al\u00e9m de tabelas de doses para c\u00e3es, gatos, ruminantes, equinos, su\u00ednos, aves, coelhos, hamsteres e ferretes. Apresenta tamb\u00e9m informa\u00e7\u00f5es adicionais sobre convers\u00f5es de peso, volume e temperatura, bem como medicamentos gen\u00e9ricos da linha humana prescritos em Medicina Veterin\u00e1ria, medicamentos de uso oftalmol\u00f3gico, dermatol\u00f3gico e otol\u00f3gico e tratamentos com fluidoterapia e transfus\u00e3o sangu\u00ednea. Indicada para profissionais e estudantes de Medicina Veterin\u00e1ria, esta obra \u00e9 de f\u00e1cil compreens\u00e3o e extremamente \u00fatil em trabalho de campo e ambulat<\/p>\n","protected":false},"excerpt":{"rendered":"<p>Inicialmente elaborado para sanar uma lacuna na literatura espec\u00edfica sobre grupos farmacol\u00f3gicos, seus princ\u00edpios ativos e dosagens, o consagrado Manual de Terap\u00eautica Veterin\u00e1ria ganha agora uma vers\u00e3o pocket. Manual de Terap\u00eautica Veterin\u00e1ria | Consulta R\u00e1pida abrange os princ\u00edpios ativos de A a Z, com exemplos de nomes comerciais e suas principais caracter\u00edsticas farmacol\u00f3gicas, al\u00e9m de&hellip;&nbsp;<a href=\"https:\/\/livrariadocampus.com.br\/loja\/produto\/manual-de-terapeutica-veterinaria-consulta-rapida-por-silvia-franco-andrade-autor\/\" class=\"\" rel=\"bookmark\">Continue a ler &raquo;<span class=\"screen-reader-text\">Manual de terap\u00eautica veterin\u00e1ria: Consulta r\u00e1pida  por Silvia Franco Andrade (Autor)<\/span><\/a><\/p>\n","protected":false},"featured_media":5331,"template":"","meta":{"neve_meta_sidebar":"","neve_meta_container":"","neve_meta_enable_content_width":"off","neve_meta_content_width":0,"neve_meta_title_alignment":"","neve_meta_author_avatar":"","neve_post_elements_order":"","neve_meta_disable_header":"","neve_meta_disable_footer":"","neve_meta_disable_title":"","_joinchat":[]},"product_brand":[],"product_cat":[24,76],"product_tag":[],"class_list":{"0":"post-5330","1":"product","2":"type-product","3":"status-publish","4":"has-post-thumbnail","6":"product_cat-destaques","7":"product_cat-pediatria-neonatologia-pediatria-neonatologia","9":"first","10":"instock","11":"shipping-taxable","12":"purchasable","13":"product-type-simple"},"jetpack_sharing_enabled":true,"_links":{"self":[{"href":"https:\/\/livrariadocampus.com.br\/loja\/wp-json\/wp\/v2\/product\/5330","targetHints":{"allow":["GET"]}}],"collection":[{"href":"https:\/\/livrariadocampus.com.br\/loja\/wp-json\/wp\/v2\/product"}],"about":[{"href":"https:\/\/livrariadocampus.com.br\/loja\/wp-json\/wp\/v2\/types\/product"}],"wp:featuredmedia":[{"embeddable":true,"href":"https:\/\/livrariadocampus.com.br\/loja\/wp-json\/wp\/v2\/media\/5331"}],"wp:attachment":[{"href":"https:\/\/livrariadocampus.com.br\/loja\/wp-json\/wp\/v2\/media?parent=5330"}],"wp:term":[{"taxonomy":"product_brand","embeddable":true,"href":"https:\/\/livrariadocampus.com.br\/loja\/wp-json\/wp\/v2\/product_brand?post=5330"},{"taxonomy":"product_cat","embeddable":true,"href":"https:\/\/livrariadocampus.com.br\/loja\/wp-json\/wp\/v2\/product_cat?post=5330"},{"taxonomy":"product_tag","embeddable":true,"href":"https:\/\/livrariadocampus.com.br\/loja\/wp-json\/wp\/v2\/product_tag?post=5330"}],"curies":[{"name":"wp","href":"https:\/\/api.w.org\/{rel}","templated":true}]}}