{"id":5297,"date":"2020-07-27T15:04:43","date_gmt":"2020-07-27T18:04:43","guid":{"rendered":"https:\/\/www.livrariadocampus.com.br\/?post_type=product&#038;p=5297"},"modified":"2020-07-29T11:37:55","modified_gmt":"2020-07-29T14:37:55","slug":"semiologia-clinica-portugues-por-jose-antonio-bensenor","status":"publish","type":"product","link":"https:\/\/livrariadocampus.com.br\/loja\/produto\/semiologia-clinica-portugues-por-jose-antonio-bensenor\/","title":{"rendered":"Semiologia Cl\u00ednica (Portugu\u00eas por Jose Antonio Bensenor"},"content":{"rendered":"<p>As modifica\u00e7\u00f5es da semiologia ocorrem mais lentamente das observadas em outras \u00e1reas da medicina, mas cada acr\u00e9scimo ou retirada que a ela se faz requer not\u00e1vel discernimento. Semiologia Cl\u00ednica incorpora quinze anos de experi\u00eancias did\u00e1ticas seguida mente avaliadas com esmerado escrut\u00ednio. \u00c9 amplo na autoria, abrigando dezenas de colaboradores e compet\u00eancias, \u00c9 abrangente, abordando desde a rela\u00e7\u00e3o m\u00e9dico-paciente at\u00e9 as grandes s\u00edndromes das principais insufici\u00eancias org\u00e2nicas e, de permeio, as t\u00e9cnicas de exame f\u00edsico, a an\u00e1lise dos sintomas gerais, bem como dos sintomas e sinais espec\u00edficos. \u00c9 um texto moderno e atualizado. \u00c9 um livro que possui condutor de cunho filos\u00f3fico longamente ensaiado, testado e aprimorado, merc\u00ea da capacidade d os Editores e de seus colaboradores. N\u00e3o \u00e9 um tratado, mas tornou-se um texto alentado em decorr\u00eancia da diversidade do p\u00fablico alvo, atendendo estudantes, docentes e profissionais de todas as \u00e1reas da sa\u00fade, para estudo sistem\u00e1tico ou atualiza\u00e7\u00f5es espec\u00edficas. \u00c9 uma obra did\u00e1tica que se deve ter ao alcance na m\u00e3o<\/p>\n","protected":false},"excerpt":{"rendered":"<p>As modifica\u00e7\u00f5es da semiologia ocorrem mais lentamente das observadas em outras \u00e1reas da medicina, mas cada acr\u00e9scimo ou retirada que a ela se faz requer not\u00e1vel discernimento. Semiologia Cl\u00ednica incorpora quinze anos de experi\u00eancias did\u00e1ticas seguida mente avaliadas com esmerado escrut\u00ednio. \u00c9 amplo na autoria, abrigando dezenas de colaboradores e compet\u00eancias, \u00c9 abrangente, abordando desde&hellip;&nbsp;<a href=\"https:\/\/livrariadocampus.com.br\/loja\/produto\/semiologia-clinica-portugues-por-jose-antonio-bensenor\/\" class=\"\" rel=\"bookmark\">Continue a ler &raquo;<span class=\"screen-reader-text\">Semiologia Cl\u00ednica (Portugu\u00eas por Jose Antonio Bensenor<\/span><\/a><\/p>\n","protected":false},"featured_media":5298,"template":"","meta":{"neve_meta_sidebar":"","neve_meta_container":"","neve_meta_enable_content_width":"off","neve_meta_content_width":0,"neve_meta_title_alignment":"","neve_meta_author_avatar":"","neve_post_elements_order":"","neve_meta_disable_header":"","neve_meta_disable_footer":"","neve_meta_disable_title":"","_joinchat":[]},"product_brand":[],"product_cat":[104],"product_tag":[],"class_list":{"0":"post-5297","1":"product","2":"type-product","3":"status-publish","4":"has-post-thumbnail","6":"product_cat-clinica-medica-semiologia","8":"first","9":"instock","10":"sale","11":"featured","12":"shipping-taxable","13":"purchasable","14":"product-type-simple"},"jetpack_sharing_enabled":true,"_links":{"self":[{"href":"https:\/\/livrariadocampus.com.br\/loja\/wp-json\/wp\/v2\/product\/5297","targetHints":{"allow":["GET"]}}],"collection":[{"href":"https:\/\/livrariadocampus.com.br\/loja\/wp-json\/wp\/v2\/product"}],"about":[{"href":"https:\/\/livrariadocampus.com.br\/loja\/wp-json\/wp\/v2\/types\/product"}],"wp:featuredmedia":[{"embeddable":true,"href":"https:\/\/livrariadocampus.com.br\/loja\/wp-json\/wp\/v2\/media\/5298"}],"wp:attachment":[{"href":"https:\/\/livrariadocampus.com.br\/loja\/wp-json\/wp\/v2\/media?parent=5297"}],"wp:term":[{"taxonomy":"product_brand","embeddable":true,"href":"https:\/\/livrariadocampus.com.br\/loja\/wp-json\/wp\/v2\/product_brand?post=5297"},{"taxonomy":"product_cat","embeddable":true,"href":"https:\/\/livrariadocampus.com.br\/loja\/wp-json\/wp\/v2\/product_cat?post=5297"},{"taxonomy":"product_tag","embeddable":true,"href":"https:\/\/livrariadocampus.com.br\/loja\/wp-json\/wp\/v2\/product_tag?post=5297"}],"curies":[{"name":"wp","href":"https:\/\/api.w.org\/{rel}","templated":true}]}}