{"id":5291,"date":"2020-07-27T14:49:15","date_gmt":"2020-07-27T17:49:15","guid":{"rendered":"https:\/\/www.livrariadocampus.com.br\/?post_type=product&#038;p=5291"},"modified":"2024-10-01T16:02:05","modified_gmt":"2024-10-01T19:02:05","slug":"trabulsi-microbiologia-2015-por-flavio-alterthum-autor","status":"publish","type":"product","link":"https:\/\/livrariadocampus.com.br\/loja\/produto\/trabulsi-microbiologia-2015-por-flavio-alterthum-autor\/","title":{"rendered":"TRABULSI Microbiologia  2015 por Flavio Alterthum  PRONTA ENTREGA   ATE ACABAR ESTOQUE"},"content":{"rendered":"<p>MICROBIOLOGIA chega \u00e0 sua 6\u00aaedi\u00e7\u00e3o como livro de ado\u00e7\u00e3o e refer\u00eancia nacional no estudo b\u00e1sico da Microbiologia, o que tornou conhecido nos principais cursos das Ci\u00eancias da Sa\u00fade do pa\u00eds. A presente edi\u00e7\u00e3o foi totalmente reescrita e atualizada &#8211; estuda-se mais de duzentas variedades de bact\u00e9rias, fungos e v\u00edrus. Aborda aspectos b\u00e1sicos do conhecimento dos micro-organismos: forma, estrutura, fisiologia, crescimento, gen\u00e9tica, sistem\u00e1tica, controle tanto do ponto de vista f\u00edsico (esteriliza\u00e7\u00e3o) como qu\u00edmico (desinfec\u00e7\u00e3o). Os antimicrobianos (antibi\u00f3ticos e quimioter\u00e1picos) de a\u00e7\u00e3o antibacteriana, antif\u00fangica e antiviral s\u00e3o amplamente apresentados e discutidos. A intera\u00e7\u00e3o pat\u00f3geno\/hospedeiro \u00e9 abordada em profundidade, quer em cap\u00edtulos gerais, quer em cap\u00edtulos espec\u00edficos dos agentes infecciosos. MICROBIOLOGIA, 6\u00aaedi\u00e7\u00e3o, apresenta 99 cap\u00edtulos, sistematizados em 5 grandes partes com 3 subdivis\u00f5es. As partes s\u00e3o as que se seguem: 1 &#8211; Bacteriologia B\u00e1sica 2A &#8211; Bacteriologia M\u00e9dica Geral 2B &#8211; Bact\u00e9rias Patog\u00eanicas 3A &#8211; Micologia Geral 3B &#8211; Micologia Especial e Cl\u00ednica 4A &#8211; Virologia Geral 4B &#8211; Virologia Especial 5 &#8211; Doen\u00e7as Sexualmente Transmiss\u00edveis por Bact\u00e9rias, Fungos e V\u00edrus Seu p\u00fablico leitor \u00e9 formado pelos estudantes das faculdades brasileiras que tenham Microbiologia em sue curr\u00edculo: Medicina, Farm\u00e1cia e Bioqu\u00edmica, Biologia, Enfermagem, Nutri\u00e7\u00e3o, Odontologia, Fisioterapia, Veterin\u00e1ria, e outras mat\u00e9rias ligadas \u00e0s Ci\u00eancias da Sa\u00fade.<\/p>\n","protected":false},"excerpt":{"rendered":"<p>MICROBIOLOGIA chega \u00e0 sua 6\u00aaedi\u00e7\u00e3o como livro de ado\u00e7\u00e3o e refer\u00eancia nacional no estudo b\u00e1sico da Microbiologia, o que tornou conhecido nos principais cursos das Ci\u00eancias da Sa\u00fade do pa\u00eds. A presente edi\u00e7\u00e3o foi totalmente reescrita e atualizada &#8211; estuda-se mais de duzentas variedades de bact\u00e9rias, fungos e v\u00edrus. Aborda aspectos b\u00e1sicos do conhecimento dos&hellip;&nbsp;<a href=\"https:\/\/livrariadocampus.com.br\/loja\/produto\/trabulsi-microbiologia-2015-por-flavio-alterthum-autor\/\" class=\"\" rel=\"bookmark\">Continue a ler &raquo;<span class=\"screen-reader-text\">TRABULSI Microbiologia  2015 por Flavio Alterthum  PRONTA ENTREGA   ATE ACABAR ESTOQUE<\/span><\/a><\/p>\n","protected":false},"featured_media":5292,"template":"","meta":{"neve_meta_sidebar":"","neve_meta_container":"","neve_meta_enable_content_width":"off","neve_meta_content_width":0,"neve_meta_title_alignment":"","neve_meta_author_avatar":"","neve_post_elements_order":"","neve_meta_disable_header":"","neve_meta_disable_footer":"","neve_meta_disable_title":"","_joinchat":[]},"product_brand":[],"product_cat":[15,72,150],"product_tag":[],"class_list":{"0":"post-5291","1":"product","2":"type-product","3":"status-publish","4":"has-post-thumbnail","6":"product_cat-outros","7":"product_cat-laboratorio-clinico","8":"product_cat-microbiologia","10":"first","11":"instock","12":"featured","13":"shipping-taxable","14":"purchasable","15":"product-type-simple"},"jetpack_sharing_enabled":true,"_links":{"self":[{"href":"https:\/\/livrariadocampus.com.br\/loja\/wp-json\/wp\/v2\/product\/5291","targetHints":{"allow":["GET"]}}],"collection":[{"href":"https:\/\/livrariadocampus.com.br\/loja\/wp-json\/wp\/v2\/product"}],"about":[{"href":"https:\/\/livrariadocampus.com.br\/loja\/wp-json\/wp\/v2\/types\/product"}],"wp:featuredmedia":[{"embeddable":true,"href":"https:\/\/livrariadocampus.com.br\/loja\/wp-json\/wp\/v2\/media\/5292"}],"wp:attachment":[{"href":"https:\/\/livrariadocampus.com.br\/loja\/wp-json\/wp\/v2\/media?parent=5291"}],"wp:term":[{"taxonomy":"product_brand","embeddable":true,"href":"https:\/\/livrariadocampus.com.br\/loja\/wp-json\/wp\/v2\/product_brand?post=5291"},{"taxonomy":"product_cat","embeddable":true,"href":"https:\/\/livrariadocampus.com.br\/loja\/wp-json\/wp\/v2\/product_cat?post=5291"},{"taxonomy":"product_tag","embeddable":true,"href":"https:\/\/livrariadocampus.com.br\/loja\/wp-json\/wp\/v2\/product_tag?post=5291"}],"curies":[{"name":"wp","href":"https:\/\/api.w.org\/{rel}","templated":true}]}}