{"id":5289,"date":"2020-07-27T13:30:49","date_gmt":"2020-07-27T16:30:49","guid":{"rendered":"https:\/\/www.livrariadocampus.com.br\/?post_type=product&#038;p=5289"},"modified":"2023-06-13T10:49:04","modified_gmt":"2023-06-13T13:49:04","slug":"nfectologia-nas-emergencias-pediatricas-2018-r-silvia-regina-marques-autor-eitan-n-berezin","status":"publish","type":"product","link":"https:\/\/livrariadocampus.com.br\/loja\/produto\/nfectologia-nas-emergencias-pediatricas-2018-r-silvia-regina-marques-autor-eitan-n-berezin\/","title":{"rendered":"nfectologia nas Emerg\u00eancias Pedi\u00e1tricas 2018 \u2013r Silvia Regina Marques (Autor), Eitan N. Berezin"},"content":{"rendered":"<p>O livro tem como proposta transmitir os modernos conhecimentos de Infectologia, segundo as afec\u00e7\u00f5es de maior preval\u00eancia em Pediatria, os quadros febris, como febres sem sinais de localiza\u00e7\u00e3o e febres peri\u00f3dicas, diagn\u00f3stico diferencial das doen\u00e7as exantem\u00e1ticas, al\u00e9m das infec\u00e7\u00f5es das vias a\u00e9reas superiores e inferiores. Aborda tamb\u00e9m o manejo inicial das infec\u00e7\u00f5es graves, como, por exemplo, as s\u00edndromes \u00edctero-hemorr\u00e1gicas (febre maculosa, hantavirose, hepatites virais e leptospirose). Trata das vacinas e do isolamento e precau\u00e7\u00e3o, exigidos quando do surgimento de doen\u00e7as infectocontagiosas. \u00c9 obra, pois, absolutamente necess\u00e1ria ao Pediatra. Infectologia nas Emerg\u00eancias Pedi\u00e1tricas apresenta 2 Coordenadores, 27 Colaboradores, 14 Cap\u00edtulos, num total de 176 P\u00e1ginas. Consolida-se, assim, mais um projeto editorial da SPSP<\/p>\n","protected":false},"excerpt":{"rendered":"<p>O livro tem como proposta transmitir os modernos conhecimentos de Infectologia, segundo as afec\u00e7\u00f5es de maior preval\u00eancia em Pediatria, os quadros febris, como febres sem sinais de localiza\u00e7\u00e3o e febres peri\u00f3dicas, diagn\u00f3stico diferencial das doen\u00e7as exantem\u00e1ticas, al\u00e9m das infec\u00e7\u00f5es das vias a\u00e9reas superiores e inferiores. Aborda tamb\u00e9m o manejo inicial das infec\u00e7\u00f5es graves, como, por&hellip;&nbsp;<a href=\"https:\/\/livrariadocampus.com.br\/loja\/produto\/nfectologia-nas-emergencias-pediatricas-2018-r-silvia-regina-marques-autor-eitan-n-berezin\/\" class=\"\" rel=\"bookmark\">Continue a ler &raquo;<span class=\"screen-reader-text\">nfectologia nas Emerg\u00eancias Pedi\u00e1tricas 2018 \u2013r Silvia Regina Marques (Autor), Eitan N. Berezin<\/span><\/a><\/p>\n","protected":false},"featured_media":5290,"template":"","meta":{"neve_meta_sidebar":"","neve_meta_container":"","neve_meta_enable_content_width":"off","neve_meta_content_width":0,"neve_meta_title_alignment":"","neve_meta_author_avatar":"","neve_post_elements_order":"","neve_meta_disable_header":"","neve_meta_disable_footer":"","neve_meta_disable_title":"","_joinchat":[]},"product_brand":[],"product_cat":[55],"product_tag":[],"class_list":{"0":"post-5289","1":"product","2":"type-product","3":"status-publish","4":"has-post-thumbnail","6":"product_cat-terapia-intensiva-adulto-e-pediatrico","8":"first","9":"instock","10":"sale","11":"featured","12":"shipping-taxable","13":"purchasable","14":"product-type-simple"},"jetpack_sharing_enabled":true,"_links":{"self":[{"href":"https:\/\/livrariadocampus.com.br\/loja\/wp-json\/wp\/v2\/product\/5289","targetHints":{"allow":["GET"]}}],"collection":[{"href":"https:\/\/livrariadocampus.com.br\/loja\/wp-json\/wp\/v2\/product"}],"about":[{"href":"https:\/\/livrariadocampus.com.br\/loja\/wp-json\/wp\/v2\/types\/product"}],"wp:featuredmedia":[{"embeddable":true,"href":"https:\/\/livrariadocampus.com.br\/loja\/wp-json\/wp\/v2\/media\/5290"}],"wp:attachment":[{"href":"https:\/\/livrariadocampus.com.br\/loja\/wp-json\/wp\/v2\/media?parent=5289"}],"wp:term":[{"taxonomy":"product_brand","embeddable":true,"href":"https:\/\/livrariadocampus.com.br\/loja\/wp-json\/wp\/v2\/product_brand?post=5289"},{"taxonomy":"product_cat","embeddable":true,"href":"https:\/\/livrariadocampus.com.br\/loja\/wp-json\/wp\/v2\/product_cat?post=5289"},{"taxonomy":"product_tag","embeddable":true,"href":"https:\/\/livrariadocampus.com.br\/loja\/wp-json\/wp\/v2\/product_tag?post=5289"}],"curies":[{"name":"wp","href":"https:\/\/api.w.org\/{rel}","templated":true}]}}