{"id":5287,"date":"2020-07-27T13:13:12","date_gmt":"2020-07-27T16:13:12","guid":{"rendered":"https:\/\/www.livrariadocampus.com.br\/?post_type=product&#038;p=5287"},"modified":"2023-06-13T10:48:23","modified_gmt":"2023-06-13T13:48:23","slug":"assistencia-ao-recem-nascido-pre-termo-em-uti-neonatal-manual-de-condutas-praticas-2019-por-clea-rodrigues-leone","status":"publish","type":"product","link":"https:\/\/livrariadocampus.com.br\/loja\/produto\/assistencia-ao-recem-nascido-pre-termo-em-uti-neonatal-manual-de-condutas-praticas-2019-por-clea-rodrigues-leone\/","title":{"rendered":"Assist\u00eancia ao Rec\u00e9m-nascido Pr\u00e9-termo em UTI Neonatal: Manual de Condutas Pr\u00e1ticas  2019 por Cl\u00e9a Rodrigues Leone"},"content":{"rendered":"<p>Assist\u00eancia ao Rec\u00e9m-Nascido Pr\u00e9-Termo em UTI Neonatal &#8211; Manual de Condutas Pr\u00e1ticas tem como equipe autoral o corpo cl\u00ednico do Grupo Santa Joana.<br \/>\nSeu objetivo \u00e9 transmitir os mais atuais e recentes conhecimentos sobre a correta e ajustada conduta no ambiente das Unidades Neonatais, particularizada ao Grupo Santa Joana. Consolida sua proposta did\u00e1tica pela longa experi\u00eancia, por sinal, constru\u00edda na linha de tempo que se inicia no nascimento e termina na alta hospitalar.<br \/>\nComo se sabe, a grande miss\u00e3o da assist\u00eancia aos rec\u00e9m-nascidos pr\u00e9-termo \u00e9 preservar a sobrevida dos rec\u00e9m-nascidos cada vez mais imaturos, sempre com qualidade.<br \/>\n\u00c9 com essa perspectiva que o Grupo Santa Joana vem aprimorando suas atividades na assist\u00eancia ao rec\u00e9m-nascido pr\u00e9-termo.<br \/>\nAssist\u00eancia ao Rec\u00e9m-Nascido Pr\u00e9-Termo em UTI Neonatal &#8211; Manual de Condutas Pr\u00e1ticas apresenta 2 Coordenadoras, 54 Colaboradores, 3 partes, 29 cap\u00edtulos, em um total de 324 p\u00e1ginas.<br \/>\nSeu p\u00fablico-alvo \u00e9 formado por Neonatologistas, Perinatologistas, Intensivistas Pedi\u00e1tricos e Enfermeiros de atua\u00e7\u00e3o em Unidades Neonatai<\/p>\n","protected":false},"excerpt":{"rendered":"<p>Assist\u00eancia ao Rec\u00e9m-Nascido Pr\u00e9-Termo em UTI Neonatal &#8211; Manual de Condutas Pr\u00e1ticas tem como equipe autoral o corpo cl\u00ednico do Grupo Santa Joana. Seu objetivo \u00e9 transmitir os mais atuais e recentes conhecimentos sobre a correta e ajustada conduta no ambiente das Unidades Neonatais, particularizada ao Grupo Santa Joana. Consolida sua proposta did\u00e1tica pela longa&hellip;&nbsp;<a href=\"https:\/\/livrariadocampus.com.br\/loja\/produto\/assistencia-ao-recem-nascido-pre-termo-em-uti-neonatal-manual-de-condutas-praticas-2019-por-clea-rodrigues-leone\/\" class=\"\" rel=\"bookmark\">Continue a ler &raquo;<span class=\"screen-reader-text\">Assist\u00eancia ao Rec\u00e9m-nascido Pr\u00e9-termo em UTI Neonatal: Manual de Condutas Pr\u00e1ticas  2019 por Cl\u00e9a Rodrigues Leone<\/span><\/a><\/p>\n","protected":false},"featured_media":5288,"template":"","meta":{"neve_meta_sidebar":"","neve_meta_container":"","neve_meta_enable_content_width":"off","neve_meta_content_width":0,"neve_meta_title_alignment":"","neve_meta_author_avatar":"","neve_post_elements_order":"","neve_meta_disable_header":"","neve_meta_disable_footer":"","neve_meta_disable_title":"","_joinchat":[]},"product_brand":[],"product_cat":[56,182,55],"product_tag":[],"class_list":{"0":"post-5287","1":"product","2":"type-product","3":"status-publish","4":"has-post-thumbnail","6":"product_cat-pediatria","7":"product_cat-pediatria-neonatologia","8":"product_cat-terapia-intensiva-adulto-e-pediatrico","10":"first","11":"outofstock","12":"featured","13":"shipping-taxable","14":"product-type-simple"},"jetpack_sharing_enabled":true,"_links":{"self":[{"href":"https:\/\/livrariadocampus.com.br\/loja\/wp-json\/wp\/v2\/product\/5287","targetHints":{"allow":["GET"]}}],"collection":[{"href":"https:\/\/livrariadocampus.com.br\/loja\/wp-json\/wp\/v2\/product"}],"about":[{"href":"https:\/\/livrariadocampus.com.br\/loja\/wp-json\/wp\/v2\/types\/product"}],"wp:featuredmedia":[{"embeddable":true,"href":"https:\/\/livrariadocampus.com.br\/loja\/wp-json\/wp\/v2\/media\/5288"}],"wp:attachment":[{"href":"https:\/\/livrariadocampus.com.br\/loja\/wp-json\/wp\/v2\/media?parent=5287"}],"wp:term":[{"taxonomy":"product_brand","embeddable":true,"href":"https:\/\/livrariadocampus.com.br\/loja\/wp-json\/wp\/v2\/product_brand?post=5287"},{"taxonomy":"product_cat","embeddable":true,"href":"https:\/\/livrariadocampus.com.br\/loja\/wp-json\/wp\/v2\/product_cat?post=5287"},{"taxonomy":"product_tag","embeddable":true,"href":"https:\/\/livrariadocampus.com.br\/loja\/wp-json\/wp\/v2\/product_tag?post=5287"}],"curies":[{"name":"wp","href":"https:\/\/api.w.org\/{rel}","templated":true}]}}