{"id":5285,"date":"2020-07-27T13:04:21","date_gmt":"2020-07-27T16:04:21","guid":{"rendered":"https:\/\/www.livrariadocampus.com.br\/?post_type=product&#038;p=5285"},"modified":"2024-09-23T15:50:41","modified_gmt":"2024-09-23T18:50:41","slug":"terapia-nutricional-na-alergia-alimentar-em-pediatria-portugues-2019","status":"publish","type":"product","link":"https:\/\/livrariadocampus.com.br\/loja\/produto\/terapia-nutricional-na-alergia-alimentar-em-pediatria-portugues-2019\/","title":{"rendered":"Terapia nutricional na alergia alimentar em pediatria (Portugu\u00eas)  2019"},"content":{"rendered":"<p>Terapia Nutricional na Alergia Alimentar, chega em sua 2\u00aa edi\u00e7\u00e3o, integralmente revisto e atualizado. \u00c9 livro elaborado por equipe multidisciplinar formada por Pediatras Gerais, Pediatras que t\u00eam como subespecialidades Alergia e Imunologia, e outros profissionais, como Gastroenterologistas, Nutricionistas e Nutr\u00f3logos. A equipe, em sua maior parte, \u00e9 constitu\u00edda por Docentes do Departamento de Pediatria da Escola Paulista de Medicina da Universidade Federal de S\u00e3o Paulo, EPM\/Unifesp.Como se sabe, para o seu bom tratamento, a alergia alimentar, al\u00e9m de incluir medicamentos espec\u00edficos, exige a exclus\u00e3o de outros respons\u00e1veis pelas rea\u00e7\u00f5es. Esses alimentos devem ser substitu\u00eddos por aqueles do mesmo efeito nutricional. Com isso, pode-se assegurar, seguindo esses princ\u00edpios, o melhor controle da doen\u00e7a, a preven\u00e7\u00e3o de complica\u00e7\u00f5es a curto e a longo prazo, tais como desnutri\u00e7\u00e3o, baixa estatura, obesidade e transtorno do comportamento alimentar, dentre outros.Em s\u00edntese, o conhecimento \u00e9 a melhor maneira de se lidar com a alergia alimentar e, para isso, o correto diagn\u00f3stico sempre ser\u00e1 o m\u00e9todo de excel\u00eancia, guia e modelo para se conduzir o manejo diet\u00e9tico com efici\u00eancia.O livro apresenta 5 Editores, 20 Colaboradores, 13 Capftu-los,19 Anexos, em um total de 240 p\u00e1ginas.Seu p\u00fablico-alvo \u00e9 formado por Pediatras, Gastroenterologistas Pedi\u00e1tricos, Nutricionistas, Nutr\u00f3logos, Alergologistas e Imunologistas, enfim, todos os profissionais da Sa\u00fade envolvidos com esse tipo de afec\u00e7\u00e3o<\/p>\n","protected":false},"excerpt":{"rendered":"<p>Terapia Nutricional na Alergia Alimentar, chega em sua 2\u00aa edi\u00e7\u00e3o, integralmente revisto e atualizado. \u00c9 livro elaborado por equipe multidisciplinar formada por Pediatras Gerais, Pediatras que t\u00eam como subespecialidades Alergia e Imunologia, e outros profissionais, como Gastroenterologistas, Nutricionistas e Nutr\u00f3logos. A equipe, em sua maior parte, \u00e9 constitu\u00edda por Docentes do Departamento de Pediatria da&hellip;&nbsp;<a href=\"https:\/\/livrariadocampus.com.br\/loja\/produto\/terapia-nutricional-na-alergia-alimentar-em-pediatria-portugues-2019\/\" class=\"\" rel=\"bookmark\">Continue a ler &raquo;<span class=\"screen-reader-text\">Terapia nutricional na alergia alimentar em pediatria (Portugu\u00eas)  2019<\/span><\/a><\/p>\n","protected":false},"featured_media":5286,"template":"","meta":{"neve_meta_sidebar":"","neve_meta_container":"","neve_meta_enable_content_width":"off","neve_meta_content_width":0,"neve_meta_title_alignment":"","neve_meta_author_avatar":"","neve_post_elements_order":"","neve_meta_disable_header":"","neve_meta_disable_footer":"","neve_meta_disable_title":"","_joinchat":[]},"product_brand":[],"product_cat":[25,182,55],"product_tag":[],"class_list":{"0":"post-5285","1":"product","2":"type-product","3":"status-publish","4":"has-post-thumbnail","6":"product_cat-lancamentos","7":"product_cat-pediatria-neonatologia","8":"product_cat-terapia-intensiva-adulto-e-pediatrico","10":"first","11":"instock","12":"shipping-taxable","13":"purchasable","14":"product-type-simple"},"jetpack_sharing_enabled":true,"_links":{"self":[{"href":"https:\/\/livrariadocampus.com.br\/loja\/wp-json\/wp\/v2\/product\/5285","targetHints":{"allow":["GET"]}}],"collection":[{"href":"https:\/\/livrariadocampus.com.br\/loja\/wp-json\/wp\/v2\/product"}],"about":[{"href":"https:\/\/livrariadocampus.com.br\/loja\/wp-json\/wp\/v2\/types\/product"}],"wp:featuredmedia":[{"embeddable":true,"href":"https:\/\/livrariadocampus.com.br\/loja\/wp-json\/wp\/v2\/media\/5286"}],"wp:attachment":[{"href":"https:\/\/livrariadocampus.com.br\/loja\/wp-json\/wp\/v2\/media?parent=5285"}],"wp:term":[{"taxonomy":"product_brand","embeddable":true,"href":"https:\/\/livrariadocampus.com.br\/loja\/wp-json\/wp\/v2\/product_brand?post=5285"},{"taxonomy":"product_cat","embeddable":true,"href":"https:\/\/livrariadocampus.com.br\/loja\/wp-json\/wp\/v2\/product_cat?post=5285"},{"taxonomy":"product_tag","embeddable":true,"href":"https:\/\/livrariadocampus.com.br\/loja\/wp-json\/wp\/v2\/product_tag?post=5285"}],"curies":[{"name":"wp","href":"https:\/\/api.w.org\/{rel}","templated":true}]}}