{"id":5269,"date":"2020-07-10T18:02:11","date_gmt":"2020-07-10T21:02:11","guid":{"rendered":"https:\/\/www.livrariadocampus.com.br\/?post_type=product&#038;p=5269"},"modified":"2024-09-23T15:35:33","modified_gmt":"2024-09-23T18:35:33","slug":"greenberg-revisao-rapida-complemento-a-oitava-edicao-portugues-2018-por-leonard-i-kranzler","status":"publish","type":"product","link":"https:\/\/livrariadocampus.com.br\/loja\/produto\/greenberg-revisao-rapida-complemento-a-oitava-edicao-portugues-2018-por-leonard-i-kranzler\/","title":{"rendered":"Greenberg Revis\u00e3o R\u00e1pida: Complemento \u00e0 Oitava Edi\u00e7\u00e3o (Portugu\u00eas)  2024 por Leonard I. Kranzler"},"content":{"rendered":"<p>As duas edi\u00e7\u00f5es anteriores deste guia foram companheiros obrigat\u00f3rios que ampliaram a compreens\u00e3o do vasto conhecimento contido no lend\u00e1rio livro-texto de Greenberg. Atrav\u00e9s de repeti\u00e7\u00e3o e foco em quest\u00f5es, esta obra traz claridade para uma especialidade cuja amplitude e profundidade apresenta desafios de reten\u00e7\u00e3o e compreens\u00e3o. Auxilia os leitores a determinar se est\u00e3o assimilando dados e informa\u00e7\u00f5es essenciais, sendo assim uma eficiente ferramenta de estudo e autoavalia\u00e7\u00e3o para as necessidades do dia a dia, bem como na prepara\u00e7\u00e3o para concursos e provas de t\u00edtulo. Foi desenvolvido para auxiliar neurologistas e residentes em neurologia na prepara\u00e7\u00e3o para concursos e provas de t\u00edtulo. Fornece, ainda, todo o conhecimento exigido para examinar eficientemente, analisar, diagnosticar e tratar pacientes de neurocirurgia.<\/p>\n","protected":false},"excerpt":{"rendered":"<p>As duas edi\u00e7\u00f5es anteriores deste guia foram companheiros obrigat\u00f3rios que ampliaram a compreens\u00e3o do vasto conhecimento contido no lend\u00e1rio livro-texto de Greenberg. Atrav\u00e9s de repeti\u00e7\u00e3o e foco em quest\u00f5es, esta obra traz claridade para uma especialidade cuja amplitude e profundidade apresenta desafios de reten\u00e7\u00e3o e compreens\u00e3o. Auxilia os leitores a determinar se est\u00e3o assimilando dados&hellip;&nbsp;<a href=\"https:\/\/livrariadocampus.com.br\/loja\/produto\/greenberg-revisao-rapida-complemento-a-oitava-edicao-portugues-2018-por-leonard-i-kranzler\/\" class=\"\" rel=\"bookmark\">Continue a ler &raquo;<span class=\"screen-reader-text\">Greenberg Revis\u00e3o R\u00e1pida: Complemento \u00e0 Oitava Edi\u00e7\u00e3o (Portugu\u00eas)  2024 por Leonard I. Kranzler<\/span><\/a><\/p>\n","protected":false},"featured_media":5270,"template":"","meta":{"neve_meta_sidebar":"","neve_meta_container":"","neve_meta_enable_content_width":"off","neve_meta_content_width":0,"neve_meta_title_alignment":"","neve_meta_author_avatar":"","neve_post_elements_order":"","neve_meta_disable_header":"","neve_meta_disable_footer":"","neve_meta_disable_title":"","_joinchat":[]},"product_brand":[],"product_cat":[24,25,111,64],"product_tag":[],"class_list":{"0":"post-5269","1":"product","2":"type-product","3":"status-publish","4":"has-post-thumbnail","6":"product_cat-destaques","7":"product_cat-lancamentos","8":"product_cat-neurologia","9":"product_cat-neuroogia-e-neurocirurgia","11":"first","12":"instock","13":"shipping-taxable","14":"purchasable","15":"product-type-simple"},"jetpack_sharing_enabled":true,"_links":{"self":[{"href":"https:\/\/livrariadocampus.com.br\/loja\/wp-json\/wp\/v2\/product\/5269","targetHints":{"allow":["GET"]}}],"collection":[{"href":"https:\/\/livrariadocampus.com.br\/loja\/wp-json\/wp\/v2\/product"}],"about":[{"href":"https:\/\/livrariadocampus.com.br\/loja\/wp-json\/wp\/v2\/types\/product"}],"wp:featuredmedia":[{"embeddable":true,"href":"https:\/\/livrariadocampus.com.br\/loja\/wp-json\/wp\/v2\/media\/5270"}],"wp:attachment":[{"href":"https:\/\/livrariadocampus.com.br\/loja\/wp-json\/wp\/v2\/media?parent=5269"}],"wp:term":[{"taxonomy":"product_brand","embeddable":true,"href":"https:\/\/livrariadocampus.com.br\/loja\/wp-json\/wp\/v2\/product_brand?post=5269"},{"taxonomy":"product_cat","embeddable":true,"href":"https:\/\/livrariadocampus.com.br\/loja\/wp-json\/wp\/v2\/product_cat?post=5269"},{"taxonomy":"product_tag","embeddable":true,"href":"https:\/\/livrariadocampus.com.br\/loja\/wp-json\/wp\/v2\/product_tag?post=5269"}],"curies":[{"name":"wp","href":"https:\/\/api.w.org\/{rel}","templated":true}]}}