{"id":5256,"date":"2020-07-09T17:33:08","date_gmt":"2020-07-09T20:33:08","guid":{"rendered":"https:\/\/www.livrariadocampus.com.br\/?post_type=product&#038;p=5256"},"modified":"2024-09-24T16:11:07","modified_gmt":"2024-09-24T19:11:07","slug":"terapia-intensiva-pediatrica-neonatal-capa-dura-2-vols-2017","status":"publish","type":"product","link":"https:\/\/livrariadocampus.com.br\/loja\/produto\/terapia-intensiva-pediatrica-neonatal-capa-dura-2-vols-2017\/","title":{"rendered":"Terapia intensiva pedi\u00e1trica neonatal  Capa dura \u2013 2 vols  2017"},"content":{"rendered":"<p>Pedi\u00e1trica e Neonatal, ora em sua 4\u00aa edi\u00e7\u00e3o, \u00e9 livro a um s\u00f3 tempo revisto, reescrito e atualizado. Sua proposta did\u00e1tica \u00e9 trazer explica\u00e7\u00f5es consistentes e objetivas dos princ\u00edpios fisiopatol\u00f3gicos dos agravos, cujo maior efeito s\u00e3o os cuidados intensivos neonatais e pedi\u00e1tricos, bem como sobre a forma de aplica\u00e7\u00e3o desses mesmos princ\u00edpios na pr\u00e1tica cl\u00ednica. Nesta nova edi\u00e7\u00e3o, dedicou-se especial aten\u00e7\u00e3o aos tratamentos e \u00e0s tecnologias, de modo a integrar os conhecimentos m\u00e9dicos-cient\u00edficos segundo as melhores evid\u00eancias m\u00e9dicas da atualidade com a fina sensibilidade humanit\u00e1ria. Construiu-se, assim, o bin\u00f4mio tecnologia-humanismo, que reveste a excel\u00eancia do ambiente intensivista neonatal e pedi\u00e1trico. Terapia Intensiva Pedi\u00e1trica e Neonatal, 4\u00aa edi\u00e7\u00e3o, apresenta 13 Se\u00e7\u00f5es, 117 Cap\u00edtulos, 3 Editores e 160 Colaboradores, num total de 2.272 p\u00e1ginas. Essa obra \u00e9, sem sombra de d\u00favida, a mais atual e completa em l\u00edngua nacional, sendo adotada nos principais cursos e concursos, inclusive, os de titula\u00e7\u00e3o em Terapia Intensiva Pedi\u00e1trica Neonatal. \u00c9 livro, pois, de leitura ou consulta obrigat\u00f3rias para todos os interessados no estudo e pr\u00e1tica da medicina intensiva pedi\u00e1trica e neonatal. Encontra-se destinado a todos os Pediatras envolvidos com a Terapia Intensiva em Pediatria e Neonatologia.<\/p>\n","protected":false},"excerpt":{"rendered":"<p>Pedi\u00e1trica e Neonatal, ora em sua 4\u00aa edi\u00e7\u00e3o, \u00e9 livro a um s\u00f3 tempo revisto, reescrito e atualizado. Sua proposta did\u00e1tica \u00e9 trazer explica\u00e7\u00f5es consistentes e objetivas dos princ\u00edpios fisiopatol\u00f3gicos dos agravos, cujo maior efeito s\u00e3o os cuidados intensivos neonatais e pedi\u00e1tricos, bem como sobre a forma de aplica\u00e7\u00e3o desses mesmos princ\u00edpios na pr\u00e1tica cl\u00ednica.&hellip;&nbsp;<a href=\"https:\/\/livrariadocampus.com.br\/loja\/produto\/terapia-intensiva-pediatrica-neonatal-capa-dura-2-vols-2017\/\" class=\"\" rel=\"bookmark\">Continue a ler &raquo;<span class=\"screen-reader-text\">Terapia intensiva pedi\u00e1trica neonatal  Capa dura \u2013 2 vols  2017<\/span><\/a><\/p>\n","protected":false},"featured_media":5257,"template":"","meta":{"neve_meta_sidebar":"","neve_meta_container":"","neve_meta_enable_content_width":"off","neve_meta_content_width":0,"neve_meta_title_alignment":"","neve_meta_author_avatar":"","neve_post_elements_order":"","neve_meta_disable_header":"","neve_meta_disable_footer":"","neve_meta_disable_title":"","_joinchat":[]},"product_brand":[],"product_cat":[56,182,124],"product_tag":[],"class_list":{"0":"post-5256","1":"product","2":"type-product","3":"status-publish","4":"has-post-thumbnail","6":"product_cat-pediatria","7":"product_cat-pediatria-neonatologia","8":"product_cat-terapia-intensiva-medicina-de","10":"first","11":"instock","12":"shipping-taxable","13":"purchasable","14":"product-type-simple"},"jetpack_sharing_enabled":true,"_links":{"self":[{"href":"https:\/\/livrariadocampus.com.br\/loja\/wp-json\/wp\/v2\/product\/5256","targetHints":{"allow":["GET"]}}],"collection":[{"href":"https:\/\/livrariadocampus.com.br\/loja\/wp-json\/wp\/v2\/product"}],"about":[{"href":"https:\/\/livrariadocampus.com.br\/loja\/wp-json\/wp\/v2\/types\/product"}],"wp:featuredmedia":[{"embeddable":true,"href":"https:\/\/livrariadocampus.com.br\/loja\/wp-json\/wp\/v2\/media\/5257"}],"wp:attachment":[{"href":"https:\/\/livrariadocampus.com.br\/loja\/wp-json\/wp\/v2\/media?parent=5256"}],"wp:term":[{"taxonomy":"product_brand","embeddable":true,"href":"https:\/\/livrariadocampus.com.br\/loja\/wp-json\/wp\/v2\/product_brand?post=5256"},{"taxonomy":"product_cat","embeddable":true,"href":"https:\/\/livrariadocampus.com.br\/loja\/wp-json\/wp\/v2\/product_cat?post=5256"},{"taxonomy":"product_tag","embeddable":true,"href":"https:\/\/livrariadocampus.com.br\/loja\/wp-json\/wp\/v2\/product_tag?post=5256"}],"curies":[{"name":"wp","href":"https:\/\/api.w.org\/{rel}","templated":true}]}}