{"id":5253,"date":"2020-07-09T17:27:04","date_gmt":"2020-07-09T20:27:04","guid":{"rendered":"https:\/\/www.livrariadocampus.com.br\/?post_type=product&#038;p=5253"},"modified":"2023-06-13T10:54:39","modified_gmt":"2023-06-13T13:54:39","slug":"condutas-no-paciente-grave-2-vols-2016","status":"publish","type":"product","link":"https:\/\/livrariadocampus.com.br\/loja\/produto\/condutas-no-paciente-grave-2-vols-2016\/","title":{"rendered":"Condutas no Paciente Grave, 2 vols  2016"},"content":{"rendered":"<p>Em \u00b4Condutas no paciente grave\u00b4, Elias Knobel conseguiu reunir uma equipe que demonstrou que, dispondo de alta tecnologia e de recursos humanos qualificados, foi poss\u00edvel concretizar a produ\u00e7\u00e3o e a realiza\u00e7\u00e3o de publica\u00e7\u00f5es e trabalhos cient\u00edficos. \u00b4 Condutas no paciente grave\u00b4 \u00e9 um livro no qual toda esta experi\u00eancia adquirida est\u00e1 contida nas suas diversas se\u00e7\u00f5es e cap\u00edtulos, divulgando e gerando conhecimento para os profissionais de sa\u00fade<\/p>\n","protected":false},"excerpt":{"rendered":"<p>Em \u00b4Condutas no paciente grave\u00b4, Elias Knobel conseguiu reunir uma equipe que demonstrou que, dispondo de alta tecnologia e de recursos humanos qualificados, foi poss\u00edvel concretizar a produ\u00e7\u00e3o e a realiza\u00e7\u00e3o de publica\u00e7\u00f5es e trabalhos cient\u00edficos. \u00b4 Condutas no paciente grave\u00b4 \u00e9 um livro no qual toda esta experi\u00eancia adquirida est\u00e1 contida nas suas diversas&hellip;&nbsp;<a href=\"https:\/\/livrariadocampus.com.br\/loja\/produto\/condutas-no-paciente-grave-2-vols-2016\/\" class=\"\" rel=\"bookmark\">Continue a ler &raquo;<span class=\"screen-reader-text\">Condutas no Paciente Grave, 2 vols  2016<\/span><\/a><\/p>\n","protected":false},"featured_media":5255,"template":"","meta":{"neve_meta_sidebar":"","neve_meta_container":"","neve_meta_enable_content_width":"off","neve_meta_content_width":0,"neve_meta_title_alignment":"","neve_meta_author_avatar":"","neve_post_elements_order":"","neve_meta_disable_header":"","neve_meta_disable_footer":"","neve_meta_disable_title":"","_joinchat":[]},"product_brand":[],"product_cat":[54,124],"product_tag":[],"class_list":{"0":"post-5253","1":"product","2":"type-product","3":"status-publish","4":"has-post-thumbnail","6":"product_cat-emergencias-e-pronto-socorro","7":"product_cat-terapia-intensiva-medicina-de","9":"first","10":"outofstock","11":"shipping-taxable","12":"product-type-simple"},"jetpack_sharing_enabled":true,"_links":{"self":[{"href":"https:\/\/livrariadocampus.com.br\/loja\/wp-json\/wp\/v2\/product\/5253","targetHints":{"allow":["GET"]}}],"collection":[{"href":"https:\/\/livrariadocampus.com.br\/loja\/wp-json\/wp\/v2\/product"}],"about":[{"href":"https:\/\/livrariadocampus.com.br\/loja\/wp-json\/wp\/v2\/types\/product"}],"wp:featuredmedia":[{"embeddable":true,"href":"https:\/\/livrariadocampus.com.br\/loja\/wp-json\/wp\/v2\/media\/5255"}],"wp:attachment":[{"href":"https:\/\/livrariadocampus.com.br\/loja\/wp-json\/wp\/v2\/media?parent=5253"}],"wp:term":[{"taxonomy":"product_brand","embeddable":true,"href":"https:\/\/livrariadocampus.com.br\/loja\/wp-json\/wp\/v2\/product_brand?post=5253"},{"taxonomy":"product_cat","embeddable":true,"href":"https:\/\/livrariadocampus.com.br\/loja\/wp-json\/wp\/v2\/product_cat?post=5253"},{"taxonomy":"product_tag","embeddable":true,"href":"https:\/\/livrariadocampus.com.br\/loja\/wp-json\/wp\/v2\/product_tag?post=5253"}],"curies":[{"name":"wp","href":"https:\/\/api.w.org\/{rel}","templated":true}]}}