{"id":4148,"date":"2020-07-04T18:29:13","date_gmt":"2020-07-04T21:29:13","guid":{"rendered":"https:\/\/www.livrariadocampus.com.br\/produto\/dermatologia-clinica\/"},"modified":"2024-09-23T15:59:05","modified_gmt":"2024-09-23T18:59:05","slug":"dermatologia-clinica","status":"publish","type":"product","link":"https:\/\/livrariadocampus.com.br\/loja\/produto\/dermatologia-clinica\/","title":{"rendered":"Dermatologia de Sampaio e Rivitti  2018 por Evandro A. Rivitti (Autor)"},"content":{"rendered":"<p>Dermatologia de Sampaio e Rivitti chega \u00e0 4\u00aa edi\u00e7\u00e3o, confirmando sua posi\u00e7\u00e3o de obra fundamental na \u00e1rea por quase 50 anos. Somam-se \u00e0 reconhecida experi\u00eancia de seus idealizadores e colaboradores \u2013 presentes na forma\u00e7\u00e3o de gera\u00e7\u00f5es de profissionais brasileiros \u2013, um projeto gr\u00e1fico moderno e que facilita o entendimento dos conte\u00fados abordados. Mais de 1.800 figuras ilustram os 102 cap\u00edtulos da obra, contemplando assuntos tanto da \u00e1rea cl\u00ednica quanto cir\u00fargica. Informa\u00e7\u00f5es sobre anatomia e fisiologia da pele, fisiopatologia e imunologia cut\u00e2nea, gen\u00e9tica aplicada \u00e0 dermatologia, t\u00e9cnicas e exames em dermatologia fornecem a base necess\u00e1ria para a compreens\u00e3o do diagn\u00f3stico e tratamento das doen\u00e7as cut\u00e2neas e da conserva\u00e7\u00e3o da higidez da pele. Completam a obra cap\u00edtulos sobre terap\u00eauticas t\u00f3pica, sist\u00eamica e espec\u00edfica para feridas cut\u00e2neas, procedimentos e cirurgia dermatol\u00f3gica.<\/p>\n","protected":false},"excerpt":{"rendered":"<p>Dermatologia de Sampaio e Rivitti chega \u00e0 4\u00aa edi\u00e7\u00e3o, confirmando sua posi\u00e7\u00e3o de obra fundamental na \u00e1rea por quase 50 anos. Somam-se \u00e0 reconhecida experi\u00eancia de seus idealizadores e colaboradores \u2013 presentes na forma\u00e7\u00e3o de gera\u00e7\u00f5es de profissionais brasileiros \u2013, um projeto gr\u00e1fico moderno e que facilita o entendimento dos conte\u00fados abordados. Mais de 1.800&hellip;&nbsp;<a href=\"https:\/\/livrariadocampus.com.br\/loja\/produto\/dermatologia-clinica\/\" class=\"\" rel=\"bookmark\">Continue a ler &raquo;<span class=\"screen-reader-text\">Dermatologia de Sampaio e Rivitti  2018 por Evandro A. Rivitti (Autor)<\/span><\/a><\/p>\n","protected":false},"featured_media":5896,"template":"","meta":{"neve_meta_sidebar":"","neve_meta_container":"","neve_meta_enable_content_width":"off","neve_meta_content_width":0,"neve_meta_title_alignment":"","neve_meta_author_avatar":"","neve_post_elements_order":"","neve_meta_disable_header":"","neve_meta_disable_footer":"","neve_meta_disable_title":"","_joinchat":[]},"product_brand":[],"product_cat":[61],"product_tag":[],"class_list":{"0":"post-4148","1":"product","2":"type-product","3":"status-publish","4":"has-post-thumbnail","6":"product_cat-dermatologia","8":"first","9":"instock","10":"shipping-taxable","11":"purchasable","12":"product-type-simple"},"jetpack_sharing_enabled":true,"_links":{"self":[{"href":"https:\/\/livrariadocampus.com.br\/loja\/wp-json\/wp\/v2\/product\/4148","targetHints":{"allow":["GET"]}}],"collection":[{"href":"https:\/\/livrariadocampus.com.br\/loja\/wp-json\/wp\/v2\/product"}],"about":[{"href":"https:\/\/livrariadocampus.com.br\/loja\/wp-json\/wp\/v2\/types\/product"}],"wp:featuredmedia":[{"embeddable":true,"href":"https:\/\/livrariadocampus.com.br\/loja\/wp-json\/wp\/v2\/media\/5896"}],"wp:attachment":[{"href":"https:\/\/livrariadocampus.com.br\/loja\/wp-json\/wp\/v2\/media?parent=4148"}],"wp:term":[{"taxonomy":"product_brand","embeddable":true,"href":"https:\/\/livrariadocampus.com.br\/loja\/wp-json\/wp\/v2\/product_brand?post=4148"},{"taxonomy":"product_cat","embeddable":true,"href":"https:\/\/livrariadocampus.com.br\/loja\/wp-json\/wp\/v2\/product_cat?post=4148"},{"taxonomy":"product_tag","embeddable":true,"href":"https:\/\/livrariadocampus.com.br\/loja\/wp-json\/wp\/v2\/product_tag?post=4148"}],"curies":[{"name":"wp","href":"https:\/\/api.w.org\/{rel}","templated":true}]}}