{"id":3625,"date":"2020-07-04T18:28:30","date_gmt":"2020-07-04T21:28:30","guid":{"rendered":"https:\/\/www.livrariadocampus.com.br\/produto\/dermatologia-de-sampaio-e-rivitti-4ed\/"},"modified":"2023-06-13T10:52:00","modified_gmt":"2023-06-13T13:52:00","slug":"dermatologia-de-sampaio-e-rivitti-4ed","status":"publish","type":"product","link":"https:\/\/livrariadocampus.com.br\/loja\/produto\/dermatologia-de-sampaio-e-rivitti-4ed\/","title":{"rendered":"MANUAL DE DERMATOLOGIA DE SAMPAIO E RIVITTI 2018"},"content":{"rendered":"<p>H\u00e1 mais de 40 anos Sampaio e Rivitti s\u00e3o refer\u00eancia no estudo e na pesquisa de muitos estudantes de medicina e residentes em dermatologia. Com base nas experi\u00eancias ao longo de suas trajet\u00f3rias e considerando a import\u00e2ncia do cl\u00e1ssico Dermatologia \u2013 3\u00aa edi\u00e7\u00e3o, observou-se a necessidade de se ter um livro com conte\u00fado mais objetivo e formato mais acess\u00edvel para que os aspectos mais atuais da Dermatologia pudessem ser relatos. Nesse \u00a0sentido, este Manual de Dermatologia de Sampaio e Rivitti foi concebido com o objetivo ser uma base de consulta para estudantes de medicina e residentes de Dermatologia, cl\u00ednicos de diferentes especialidades m\u00e9dicas, bem como dermatologistas, trazendo o que h\u00e1 de mais recente na parte terap\u00eautica t\u00f3pica e sist\u00eamica das doen\u00e7as dermatol\u00f3gicas.<\/p>\n","protected":false},"excerpt":{"rendered":"<p>H\u00e1 mais de 40 anos Sampaio e Rivitti s\u00e3o refer\u00eancia no estudo e na pesquisa de muitos estudantes de medicina e residentes em dermatologia. Com base nas experi\u00eancias ao longo de suas trajet\u00f3rias e considerando a import\u00e2ncia do cl\u00e1ssico Dermatologia \u2013 3\u00aa edi\u00e7\u00e3o, observou-se a necessidade de se ter um livro com conte\u00fado mais objetivo&hellip;&nbsp;<a href=\"https:\/\/livrariadocampus.com.br\/loja\/produto\/dermatologia-de-sampaio-e-rivitti-4ed\/\" class=\"\" rel=\"bookmark\">Continue a ler &raquo;<span class=\"screen-reader-text\">MANUAL DE DERMATOLOGIA DE SAMPAIO E RIVITTI 2018<\/span><\/a><\/p>\n","protected":false},"featured_media":5886,"template":"","meta":{"neve_meta_sidebar":"","neve_meta_container":"","neve_meta_enable_content_width":"off","neve_meta_content_width":0,"neve_meta_title_alignment":"","neve_meta_author_avatar":"","neve_post_elements_order":"","neve_meta_disable_header":"","neve_meta_disable_footer":"","neve_meta_disable_title":"","_joinchat":[]},"product_brand":[],"product_cat":[104,61],"product_tag":[],"class_list":{"0":"post-3625","1":"product","2":"type-product","3":"status-publish","4":"has-post-thumbnail","6":"product_cat-clinica-medica-semiologia","7":"product_cat-dermatologia","9":"first","10":"outofstock","11":"shipping-taxable","12":"product-type-simple"},"jetpack_sharing_enabled":true,"_links":{"self":[{"href":"https:\/\/livrariadocampus.com.br\/loja\/wp-json\/wp\/v2\/product\/3625","targetHints":{"allow":["GET"]}}],"collection":[{"href":"https:\/\/livrariadocampus.com.br\/loja\/wp-json\/wp\/v2\/product"}],"about":[{"href":"https:\/\/livrariadocampus.com.br\/loja\/wp-json\/wp\/v2\/types\/product"}],"wp:featuredmedia":[{"embeddable":true,"href":"https:\/\/livrariadocampus.com.br\/loja\/wp-json\/wp\/v2\/media\/5886"}],"wp:attachment":[{"href":"https:\/\/livrariadocampus.com.br\/loja\/wp-json\/wp\/v2\/media?parent=3625"}],"wp:term":[{"taxonomy":"product_brand","embeddable":true,"href":"https:\/\/livrariadocampus.com.br\/loja\/wp-json\/wp\/v2\/product_brand?post=3625"},{"taxonomy":"product_cat","embeddable":true,"href":"https:\/\/livrariadocampus.com.br\/loja\/wp-json\/wp\/v2\/product_cat?post=3625"},{"taxonomy":"product_tag","embeddable":true,"href":"https:\/\/livrariadocampus.com.br\/loja\/wp-json\/wp\/v2\/product_tag?post=3625"}],"curies":[{"name":"wp","href":"https:\/\/api.w.org\/{rel}","templated":true}]}}