{"id":337,"date":"2020-07-02T12:34:32","date_gmt":"2020-07-02T15:34:32","guid":{"rendered":"https:\/\/www.livrariadocampus.com.br\/produto\/a-guia-de-bolso-de-ginecologia-2-ed\/"},"modified":"2025-01-02T12:10:56","modified_gmt":"2025-01-02T15:10:56","slug":"a-guia-de-bolso-de-ginecologia-2-ed","status":"publish","type":"product","link":"https:\/\/livrariadocampus.com.br\/loja\/produto\/a-guia-de-bolso-de-ginecologia-2-ed\/","title":{"rendered":"GUIA DE BOLSO DE GINECOLOGIA 2 ED"},"content":{"rendered":"<p>Guia de Bolso de Ginecologia chega em sua 2a edi\u00e7\u00e3o, integralmente revisto e atualizado. Seu objetivo did\u00e1tico mant\u00e9m-se inalterado, ou seja, ser texto de consulta r\u00e1pida para o diagn\u00f3stico e tratamento das mais importantes doen\u00e7as ginecol\u00f3gicas. Sua linguagem \u00e9 direta e objetiva. Centra-se nas mais cr\u00edticas quest\u00f5es das consultas (ambulat\u00f3rio e consult\u00f3rio): hist\u00f3ria cl\u00ednica ou cir\u00fargica, proped\u00eautica, diagn\u00f3stico e terap\u00eautica. Observa-se, tamb\u00e9m, a descri\u00e7\u00e3o e orienta\u00e7\u00e3o dos principais procedimentos em apoio ao ginecologista para a conduta mais segura. Destaca-se o estudo de situa\u00e7\u00f5es contempor\u00e2neas, cada vez mais presentes nos Servi\u00e7os de Ginecologia, como a viol\u00eancia sexual e as disfun\u00e7\u00f5es sexuais. Isso como acr\u00e9scimo did\u00e1tico \u00e0s patologias end\u00f3crinas e tumorais, a que se soma estudo especial sobre a reprodu\u00e7\u00e3o humana. Guia de Bolso de Ginecologia apresenta 3 Editores, 4 Colaboradores, 30 cap\u00edtulos, em um total de 280 p\u00e1ginas. \u00c9 de se esperar, pois, a plena aceita\u00e7\u00e3o do volume entre o seu p\u00fablico-alvo: ginecologistas, obstetras, residentes de Ginecologia e Obstetr\u00edcia e estudantes de gradua\u00e7\u00e3o, que buscam seguir essas especialidades m\u00e9dicas.<\/p>\n","protected":false},"excerpt":{"rendered":"<p>Guia de Bolso de Ginecologia chega em sua 2a edi\u00e7\u00e3o, integralmente revisto e atualizado. Seu objetivo did\u00e1tico mant\u00e9m-se inalterado, ou seja, ser texto de consulta r\u00e1pida para o diagn\u00f3stico e tratamento das mais importantes doen\u00e7as ginecol\u00f3gicas. Sua linguagem \u00e9 direta e objetiva. Centra-se nas mais cr\u00edticas quest\u00f5es das consultas (ambulat\u00f3rio e consult\u00f3rio): hist\u00f3ria cl\u00ednica ou&hellip;&nbsp;<a href=\"https:\/\/livrariadocampus.com.br\/loja\/produto\/a-guia-de-bolso-de-ginecologia-2-ed\/\" class=\"\" rel=\"bookmark\">Continue a ler &raquo;<span class=\"screen-reader-text\">GUIA DE BOLSO DE GINECOLOGIA 2 ED<\/span><\/a><\/p>\n","protected":false},"featured_media":5927,"template":"","meta":{"neve_meta_sidebar":"","neve_meta_container":"","neve_meta_enable_content_width":"off","neve_meta_content_width":0,"neve_meta_title_alignment":"","neve_meta_author_avatar":"","neve_post_elements_order":"","neve_meta_disable_header":"","neve_meta_disable_footer":"","neve_meta_disable_title":"","_joinchat":[]},"product_brand":[],"product_cat":[15,68,145],"product_tag":[],"class_list":{"0":"post-337","1":"product","2":"type-product","3":"status-publish","4":"has-post-thumbnail","6":"product_cat-outros","7":"product_cat-enfermagem","8":"product_cat-ginecologia-obstetricia-mastol","10":"first","11":"instock","12":"shipping-taxable","13":"purchasable","14":"product-type-simple"},"jetpack_sharing_enabled":true,"_links":{"self":[{"href":"https:\/\/livrariadocampus.com.br\/loja\/wp-json\/wp\/v2\/product\/337","targetHints":{"allow":["GET"]}}],"collection":[{"href":"https:\/\/livrariadocampus.com.br\/loja\/wp-json\/wp\/v2\/product"}],"about":[{"href":"https:\/\/livrariadocampus.com.br\/loja\/wp-json\/wp\/v2\/types\/product"}],"wp:featuredmedia":[{"embeddable":true,"href":"https:\/\/livrariadocampus.com.br\/loja\/wp-json\/wp\/v2\/media\/5927"}],"wp:attachment":[{"href":"https:\/\/livrariadocampus.com.br\/loja\/wp-json\/wp\/v2\/media?parent=337"}],"wp:term":[{"taxonomy":"product_brand","embeddable":true,"href":"https:\/\/livrariadocampus.com.br\/loja\/wp-json\/wp\/v2\/product_brand?post=337"},{"taxonomy":"product_cat","embeddable":true,"href":"https:\/\/livrariadocampus.com.br\/loja\/wp-json\/wp\/v2\/product_cat?post=337"},{"taxonomy":"product_tag","embeddable":true,"href":"https:\/\/livrariadocampus.com.br\/loja\/wp-json\/wp\/v2\/product_tag?post=337"}],"curies":[{"name":"wp","href":"https:\/\/api.w.org\/{rel}","templated":true}]}}