{"id":264,"date":"2020-07-01T16:31:34","date_gmt":"2020-07-01T19:31:34","guid":{"rendered":"https:\/\/www.livrariadocampus.com.br\/?post_type=product&#038;p=264"},"modified":"2020-07-02T12:33:41","modified_gmt":"2020-07-02T15:33:41","slug":"manual-de-cardiologia-manual-residentes-da-escola-paulista-de-med-2018","status":"publish","type":"product","link":"https:\/\/livrariadocampus.com.br\/loja\/produto\/manual-de-cardiologia-manual-residentes-da-escola-paulista-de-med-2018\/","title":{"rendered":"AMEREPAM &#8211; MANUAL CARDIOLOGIA-MAN.RESIDENTE 3\/18"},"content":{"rendered":"<p>Manual de Cardiologia, agora em sua terceira edi\u00e7\u00e3o, revisada e atualizada, tem o objetivo de servir como um guia de leitura pr\u00e1tica, com o aux\u00edlio de tabelas e fluxogramas, linguagem clara e conte\u00fado atualizado sobre os principais assuntos em Cardiologia. Composta por 31 cap\u00edtulos escritos por residentes em Cardiologia da Escola Paulista de Medicina da Universidade Federal de S\u00e3o Paulo (EPM-Unifesp), aborda assuntos de extrema relev\u00e2ncia, desde temas b\u00e1sicos, como anamnese e exame f\u00edsico, at\u00e9 reabilita\u00e7\u00e3o cardiovascular, cardiogeriatria e doen\u00e7as valvares. Indicada para estudantes, residentes e profissionais das diversas \u00e1reas da sa\u00fade, esta obra conta com a supervis\u00e3o de um professor da mesma disciplina da institui\u00e7\u00e3o, para que o leitor tenha em m\u00e3os um guia confi\u00e1vel para consulta e estudo.140,00<\/p>\n","protected":false},"excerpt":{"rendered":"<p>Manual de Cardiologia, agora em sua terceira edi\u00e7\u00e3o, revisada e atualizada, tem o objetivo de servir como um guia de leitura pr\u00e1tica, com o aux\u00edlio de tabelas e fluxogramas, linguagem clara e conte\u00fado atualizado sobre os principais assuntos em Cardiologia. Composta por 31 cap\u00edtulos escritos por residentes em Cardiologia da Escola Paulista de Medicina da&hellip;&nbsp;<a href=\"https:\/\/livrariadocampus.com.br\/loja\/produto\/manual-de-cardiologia-manual-residentes-da-escola-paulista-de-med-2018\/\" class=\"\" rel=\"bookmark\">Continue a ler &raquo;<span class=\"screen-reader-text\">AMEREPAM &#8211; MANUAL CARDIOLOGIA-MAN.RESIDENTE 3\/18<\/span><\/a><\/p>\n","protected":false},"featured_media":265,"template":"","meta":{"neve_meta_sidebar":"","neve_meta_container":"","neve_meta_enable_content_width":"off","neve_meta_content_width":0,"neve_meta_title_alignment":"","neve_meta_author_avatar":"","neve_post_elements_order":"","neve_meta_disable_header":"","neve_meta_disable_footer":"","neve_meta_disable_title":"","_joinchat":[]},"product_brand":[],"product_cat":[65,54,25],"product_tag":[],"class_list":{"0":"post-264","1":"product","2":"type-product","3":"status-publish","4":"has-post-thumbnail","6":"product_cat-cardiologia","7":"product_cat-emergencias-e-pronto-socorro","8":"product_cat-lancamentos","10":"first","11":"instock","12":"sale","13":"shipping-taxable","14":"purchasable","15":"product-type-simple"},"jetpack_sharing_enabled":true,"_links":{"self":[{"href":"https:\/\/livrariadocampus.com.br\/loja\/wp-json\/wp\/v2\/product\/264","targetHints":{"allow":["GET"]}}],"collection":[{"href":"https:\/\/livrariadocampus.com.br\/loja\/wp-json\/wp\/v2\/product"}],"about":[{"href":"https:\/\/livrariadocampus.com.br\/loja\/wp-json\/wp\/v2\/types\/product"}],"wp:featuredmedia":[{"embeddable":true,"href":"https:\/\/livrariadocampus.com.br\/loja\/wp-json\/wp\/v2\/media\/265"}],"wp:attachment":[{"href":"https:\/\/livrariadocampus.com.br\/loja\/wp-json\/wp\/v2\/media?parent=264"}],"wp:term":[{"taxonomy":"product_brand","embeddable":true,"href":"https:\/\/livrariadocampus.com.br\/loja\/wp-json\/wp\/v2\/product_brand?post=264"},{"taxonomy":"product_cat","embeddable":true,"href":"https:\/\/livrariadocampus.com.br\/loja\/wp-json\/wp\/v2\/product_cat?post=264"},{"taxonomy":"product_tag","embeddable":true,"href":"https:\/\/livrariadocampus.com.br\/loja\/wp-json\/wp\/v2\/product_tag?post=264"}],"curies":[{"name":"wp","href":"https:\/\/api.w.org\/{rel}","templated":true}]}}