{"id":262,"date":"2020-07-01T16:23:16","date_gmt":"2020-07-01T19:23:16","guid":{"rendered":"https:\/\/www.livrariadocampus.com.br\/?post_type=product&#038;p=262"},"modified":"2020-07-02T12:33:41","modified_gmt":"2020-07-02T15:33:41","slug":"manual-de-geriatria-portugues-espiral-2019-por-lucas-porteiro-prospero","status":"publish","type":"product","link":"https:\/\/livrariadocampus.com.br\/loja\/produto\/manual-de-geriatria-portugues-espiral-2019-por-lucas-porteiro-prospero\/","title":{"rendered":"AMEREPAM &#8211; MANUAL DE GERIATRIA 2\/19"},"content":{"rendered":"<p>O grande aliado dos profissionais dedicados \u00e0 sa\u00fade do idoso. Com linguagem simples e abordando os assuntos atuais em geriatria, o livro Manual de Geriatria \u00e9 uma contribui\u00e7\u00e3o da Associa\u00e7\u00e3o dos M\u00e9dicos Residentes da Escola Paulista de Medicina (AMEREPAM).Escrito por residentes da Escola Paulista de Medicina da Universidade Federal de S\u00e3o Paulo (EPM-Unifesp) e supervisionado por professores especialistas em cada \u00e1rea, este manual traz 35 cap\u00edtulos que apresentam as intercorr\u00eancias mais comuns na pr\u00e1tica cl\u00ednica e as melhores condutas para trat\u00e1-las.Considerado refer\u00eancia em praticidade para todos os profissionais da \u00e1rea da sa\u00fade que assistem idosos, Manual de Geriatria tem como finalidade levar ao residente, de maneira f\u00e1cil e \u00e1gil, as informa\u00e7\u00f5es de maior relev\u00e2ncia para a boa pr\u00e1tica cl\u00ednica.<\/p>\n","protected":false},"excerpt":{"rendered":"<p>O grande aliado dos profissionais dedicados \u00e0 sa\u00fade do idoso. Com linguagem simples e abordando os assuntos atuais em geriatria, o livro Manual de Geriatria \u00e9 uma contribui\u00e7\u00e3o da Associa\u00e7\u00e3o dos M\u00e9dicos Residentes da Escola Paulista de Medicina (AMEREPAM).Escrito por residentes da Escola Paulista de Medicina da Universidade Federal de S\u00e3o Paulo (EPM-Unifesp) e supervisionado&hellip;&nbsp;<a href=\"https:\/\/livrariadocampus.com.br\/loja\/produto\/manual-de-geriatria-portugues-espiral-2019-por-lucas-porteiro-prospero\/\" class=\"\" rel=\"bookmark\">Continue a ler &raquo;<span class=\"screen-reader-text\">AMEREPAM &#8211; MANUAL DE GERIATRIA 2\/19<\/span><\/a><\/p>\n","protected":false},"featured_media":263,"template":"","meta":{"neve_meta_sidebar":"","neve_meta_container":"","neve_meta_enable_content_width":"off","neve_meta_content_width":0,"neve_meta_title_alignment":"","neve_meta_author_avatar":"","neve_post_elements_order":"","neve_meta_disable_header":"","neve_meta_disable_footer":"","neve_meta_disable_title":"","_joinchat":[]},"product_brand":[],"product_cat":[58,60,25],"product_tag":[],"class_list":{"0":"post-262","1":"product","2":"type-product","3":"status-publish","4":"has-post-thumbnail","6":"product_cat-clinica-medica","7":"product_cat-geriatria-e-gerotologia","8":"product_cat-lancamentos","10":"first","11":"instock","12":"sale","13":"shipping-taxable","14":"purchasable","15":"product-type-simple"},"jetpack_sharing_enabled":true,"_links":{"self":[{"href":"https:\/\/livrariadocampus.com.br\/loja\/wp-json\/wp\/v2\/product\/262","targetHints":{"allow":["GET"]}}],"collection":[{"href":"https:\/\/livrariadocampus.com.br\/loja\/wp-json\/wp\/v2\/product"}],"about":[{"href":"https:\/\/livrariadocampus.com.br\/loja\/wp-json\/wp\/v2\/types\/product"}],"wp:featuredmedia":[{"embeddable":true,"href":"https:\/\/livrariadocampus.com.br\/loja\/wp-json\/wp\/v2\/media\/263"}],"wp:attachment":[{"href":"https:\/\/livrariadocampus.com.br\/loja\/wp-json\/wp\/v2\/media?parent=262"}],"wp:term":[{"taxonomy":"product_brand","embeddable":true,"href":"https:\/\/livrariadocampus.com.br\/loja\/wp-json\/wp\/v2\/product_brand?post=262"},{"taxonomy":"product_cat","embeddable":true,"href":"https:\/\/livrariadocampus.com.br\/loja\/wp-json\/wp\/v2\/product_cat?post=262"},{"taxonomy":"product_tag","embeddable":true,"href":"https:\/\/livrariadocampus.com.br\/loja\/wp-json\/wp\/v2\/product_tag?post=262"}],"curies":[{"name":"wp","href":"https:\/\/api.w.org\/{rel}","templated":true}]}}