{"id":256,"date":"2020-07-01T15:45:07","date_gmt":"2020-07-01T18:45:07","guid":{"rendered":"https:\/\/www.livrariadocampus.com.br\/?post_type=product&#038;p=256"},"modified":"2025-01-02T12:11:12","modified_gmt":"2025-01-02T15:11:12","slug":"acupuntura-e-medicina-tradicional-chinesa-port-2019-jose-otavio-costa-auler-junior","status":"publish","type":"product","link":"https:\/\/livrariadocampus.com.br\/loja\/produto\/acupuntura-e-medicina-tradicional-chinesa-port-2019-jose-otavio-costa-auler-junior\/","title":{"rendered":"Acupuntura e Medicina Tradicional Chinesa Port. 2019  Jos\u00e9 Ot\u00e1vio Costa Auler Junior"},"content":{"rendered":"<p>A S\u00e9rie Manual do M\u00e9dico-Residente do Hospital das Cl\u00ednicas da Faculdade de Medicina da Universidade de S\u00e3o Paulo \u2015 HCFMUSP tem por objetivo difundir os conhecimentos da pr\u00e1tica e assist\u00eancia m\u00e9dica, altamente qualificadas, ora desenvolvidas no complexo HCFMUSP, por sinal, o maior da Am\u00e9rica Latina. O complexo HCFMUSP disp\u00f5e de um centro m\u00e9dico hospitalar amplo, bem estruturado e moderno, com os melhores recursos diagn\u00f3stico e terap\u00eauticos para o treinamento adequado dos residentes.<br \/>\nAssinala-se os residentes contarem permanentemente com m\u00e9dicos preceptores exclusivos, m\u00e9dicos-assistentes e docentes altamente capacitados para o ensino da Medicina em seu vi\u00e9s pr\u00e1tico \u2015 a base da resid\u00eancia m\u00e9dica.<br \/>\nA S\u00e9rie Manual do M\u00e9dico-Residente do Hospital das Cl\u00ednicas da Faculdade de Medicina da Universidade de S\u00e3o Paulo \u2015 HCFMUSP ser\u00e1 \u00fatil n\u00e3o apenas para os residentes do pr\u00f3prio HC, como ser\u00e1 tamb\u00e9m validada e seguida por outros centros acad\u00eamicos e deforma\u00e7\u00e3o profissional de Medicina nas diversas regi\u00f5es do Brasil.<br \/>\nAtualmente, os programas de resid\u00eancia m\u00e9dica dessa institui\u00e7\u00e3o abrangem quase todas as especialidades e \u00e1reas de atua\u00e7\u00e3o m\u00e9dica. Totalizam cerca de 1.600 m\u00e9dicos em treinamento.<br \/>\nO presente volume \u2015 Acupuntura e Medicina Tradicional Chinesa \u2015 traz a experi\u00eancia do corpo cl\u00ednico do Centro de Acupuntura do Instituto de Ortopedia do Hospital das Cl\u00ednicas da Faculdade de Medicina da Universidade de S\u00e3o Paulo \u2015 HCFMUSP. Descreve com detalhes os mecanismos de a\u00e7\u00e3o e t\u00e9cnicas de acupuntura nas afec\u00e7\u00f5es cl\u00ednicas e cir\u00fargicas. O grande cabedal pr\u00e1tico e de conhecimentos te\u00f3rico-conceituais de seus autores possibilitou a constru\u00e7\u00e3o de harm\u00f4nico elo entre a cultura milenar da Medicina Tradicional Chinesa com a Medicina contempor\u00e2nea ocidental. Contemplou-se, assim, invulgar tratamento de excel\u00eancia.<br \/>\nO livro \u00e9 vasto. S\u00e3o 732 p\u00e1ginas, dispostas em 58 cap\u00edtulos. Obra que se tornar\u00e1 indispens\u00e1vel n\u00e3o s\u00f3 para o M\u00e9dico-Residente, como mais al\u00e9m da academia ao alcan\u00e7ar o profissional da Sa\u00fade, que possa exercer essa t\u00e3o sedutora \u00e1rea de tratamento m\u00e9dico.<\/p>\n","protected":false},"excerpt":{"rendered":"<p>A S\u00e9rie Manual do M\u00e9dico-Residente do Hospital das Cl\u00ednicas da Faculdade de Medicina da Universidade de S\u00e3o Paulo \u2015 HCFMUSP tem por objetivo difundir os conhecimentos da pr\u00e1tica e assist\u00eancia m\u00e9dica, altamente qualificadas, ora desenvolvidas no complexo HCFMUSP, por sinal, o maior da Am\u00e9rica Latina. O complexo HCFMUSP disp\u00f5e de um centro m\u00e9dico hospitalar amplo,&hellip;&nbsp;<a href=\"https:\/\/livrariadocampus.com.br\/loja\/produto\/acupuntura-e-medicina-tradicional-chinesa-port-2019-jose-otavio-costa-auler-junior\/\" class=\"\" rel=\"bookmark\">Continue a ler &raquo;<span class=\"screen-reader-text\">Acupuntura e Medicina Tradicional Chinesa Port. 2019  Jos\u00e9 Ot\u00e1vio Costa Auler Junior<\/span><\/a><\/p>\n","protected":false},"featured_media":257,"template":"","meta":{"neve_meta_sidebar":"","neve_meta_container":"","neve_meta_enable_content_width":"off","neve_meta_content_width":0,"neve_meta_title_alignment":"","neve_meta_author_avatar":"","neve_post_elements_order":"","neve_meta_disable_header":"","neve_meta_disable_footer":"","neve_meta_disable_title":"","_joinchat":[]},"product_brand":[],"product_cat":[62,25],"product_tag":[],"class_list":{"0":"post-256","1":"product","2":"type-product","3":"status-publish","4":"has-post-thumbnail","6":"product_cat-acupunturae-med-chinesa","7":"product_cat-lancamentos","9":"first","10":"instock","11":"shipping-taxable","12":"purchasable","13":"product-type-simple"},"jetpack_sharing_enabled":true,"_links":{"self":[{"href":"https:\/\/livrariadocampus.com.br\/loja\/wp-json\/wp\/v2\/product\/256","targetHints":{"allow":["GET"]}}],"collection":[{"href":"https:\/\/livrariadocampus.com.br\/loja\/wp-json\/wp\/v2\/product"}],"about":[{"href":"https:\/\/livrariadocampus.com.br\/loja\/wp-json\/wp\/v2\/types\/product"}],"wp:featuredmedia":[{"embeddable":true,"href":"https:\/\/livrariadocampus.com.br\/loja\/wp-json\/wp\/v2\/media\/257"}],"wp:attachment":[{"href":"https:\/\/livrariadocampus.com.br\/loja\/wp-json\/wp\/v2\/media?parent=256"}],"wp:term":[{"taxonomy":"product_brand","embeddable":true,"href":"https:\/\/livrariadocampus.com.br\/loja\/wp-json\/wp\/v2\/product_brand?post=256"},{"taxonomy":"product_cat","embeddable":true,"href":"https:\/\/livrariadocampus.com.br\/loja\/wp-json\/wp\/v2\/product_cat?post=256"},{"taxonomy":"product_tag","embeddable":true,"href":"https:\/\/livrariadocampus.com.br\/loja\/wp-json\/wp\/v2\/product_tag?post=256"}],"curies":[{"name":"wp","href":"https:\/\/api.w.org\/{rel}","templated":true}]}}