{"id":248,"date":"2020-07-01T14:57:43","date_gmt":"2020-07-01T17:57:43","guid":{"rendered":"https:\/\/www.livrariadocampus.com.br\/?post_type=product&#038;p=248"},"modified":"2024-09-23T11:24:56","modified_gmt":"2024-09-23T14:24:56","slug":"geriatria-portugues-capa-dura-2019-por-wilson-jacob-filho","status":"publish","type":"product","link":"https:\/\/livrariadocampus.com.br\/loja\/produto\/geriatria-portugues-capa-dura-2019-por-wilson-jacob-filho\/","title":{"rendered":"GERIATRIA"},"content":{"rendered":"<p>Na popula\u00e7\u00e3o idosa, a fisiologia e a fisiopatologia das doen\u00e7as revelam apresenta\u00e7\u00f5es cl\u00ednicas diferentes, imprecisas e at\u00edpicas. Em virtude da complexidade do exame f\u00edsico e do diagn\u00f3stico, o cl\u00ednico e o geriatra se veem obrigados a conhecer as particularidades das doen\u00e7as do adulto e do idoso para determinar o que \u00e9 fisiol\u00f3gico e o que \u00e9 patol\u00f3gico. GERIATRIA oferece uma vis\u00e3o ampla a respeito das particularidades que envolvem o cuidado dispensado aos pacientes idosos e a suas fam\u00edlias e aponta caminhos e diretrizes que certamente ser\u00e3o de grande ajuda n\u00e3o apenas para os especialistas, mas para todos aqueles que se esfor\u00e7am para entender o processo de envelhecimento e estabelecer uma rela\u00e7\u00e3o fundamentada na considera\u00e7\u00e3o e no respeito aos pacientes idosos<\/p>\n","protected":false},"excerpt":{"rendered":"<p>Na popula\u00e7\u00e3o idosa, a fisiologia e a fisiopatologia das doen\u00e7as revelam apresenta\u00e7\u00f5es cl\u00ednicas diferentes, imprecisas e at\u00edpicas. Em virtude da complexidade do exame f\u00edsico e do diagn\u00f3stico, o cl\u00ednico e o geriatra se veem obrigados a conhecer as particularidades das doen\u00e7as do adulto e do idoso para determinar o que \u00e9 fisiol\u00f3gico e o que&hellip;&nbsp;<a href=\"https:\/\/livrariadocampus.com.br\/loja\/produto\/geriatria-portugues-capa-dura-2019-por-wilson-jacob-filho\/\" class=\"\" rel=\"bookmark\">Continue a ler &raquo;<span class=\"screen-reader-text\">GERIATRIA<\/span><\/a><\/p>\n","protected":false},"featured_media":249,"template":"","meta":{"neve_meta_sidebar":"","neve_meta_container":"","neve_meta_enable_content_width":"off","neve_meta_content_width":0,"neve_meta_title_alignment":"","neve_meta_author_avatar":"","neve_post_elements_order":"","neve_meta_disable_header":"","neve_meta_disable_footer":"","neve_meta_disable_title":"","_joinchat":[]},"product_brand":[],"product_cat":[58,60,25],"product_tag":[],"class_list":{"0":"post-248","1":"product","2":"type-product","3":"status-publish","4":"has-post-thumbnail","6":"product_cat-clinica-medica","7":"product_cat-geriatria-e-gerotologia","8":"product_cat-lancamentos","10":"first","11":"instock","12":"shipping-taxable","13":"purchasable","14":"product-type-simple"},"jetpack_sharing_enabled":true,"_links":{"self":[{"href":"https:\/\/livrariadocampus.com.br\/loja\/wp-json\/wp\/v2\/product\/248","targetHints":{"allow":["GET"]}}],"collection":[{"href":"https:\/\/livrariadocampus.com.br\/loja\/wp-json\/wp\/v2\/product"}],"about":[{"href":"https:\/\/livrariadocampus.com.br\/loja\/wp-json\/wp\/v2\/types\/product"}],"wp:featuredmedia":[{"embeddable":true,"href":"https:\/\/livrariadocampus.com.br\/loja\/wp-json\/wp\/v2\/media\/249"}],"wp:attachment":[{"href":"https:\/\/livrariadocampus.com.br\/loja\/wp-json\/wp\/v2\/media?parent=248"}],"wp:term":[{"taxonomy":"product_brand","embeddable":true,"href":"https:\/\/livrariadocampus.com.br\/loja\/wp-json\/wp\/v2\/product_brand?post=248"},{"taxonomy":"product_cat","embeddable":true,"href":"https:\/\/livrariadocampus.com.br\/loja\/wp-json\/wp\/v2\/product_cat?post=248"},{"taxonomy":"product_tag","embeddable":true,"href":"https:\/\/livrariadocampus.com.br\/loja\/wp-json\/wp\/v2\/product_tag?post=248"}],"curies":[{"name":"wp","href":"https:\/\/api.w.org\/{rel}","templated":true}]}}