{"id":244,"date":"2020-06-30T17:21:31","date_gmt":"2020-06-30T20:21:31","guid":{"rendered":"https:\/\/www.livrariadocampus.com.br\/?post_type=product&#038;p=244"},"modified":"2025-01-27T12:31:41","modified_gmt":"2025-01-27T15:31:41","slug":"nefrologia-clinica-portugues-capa-2016-por-richard-johnson","status":"publish","type":"product","link":"https:\/\/livrariadocampus.com.br\/loja\/produto\/nefrologia-clinica-portugues-capa-2016-por-richard-johnson\/","title":{"rendered":"Nefrologia cl\u00ednica (Portugu\u00eas) Capa 2016 por Richard Johnson"},"content":{"rendered":"<p>pido ao melhor conhecimento atualizado em cada uma das situa\u00e7\u00f5es cl\u00ednicas em nefrologia.Preparado pelas maiores autoridades mundiais no campo da nefrologia, o livro Nefrologia Cl\u00ednica \u2013 Abordagem Abrangente oferece ao leitor todas as ferramentas necess\u00e1rias para lidar com as situa\u00e7\u00f5es mais desafiadoras. Drs. Richard J. Johnson, John Feehally e J\u00fcrgen Floege e um time internacional de especialistas meticulosamente atualizaram essa quinta edi\u00e7\u00e3o, para que a mesma continue oferecendo a informa\u00e7\u00e3o especializada em que os leitores confiam. \u2022 Um bom conhecimento de ci\u00eancia b\u00e1sica e guias cl\u00ednicos pr\u00e1ticos auxiliam na tomada de decis\u00f5es bem embasadas e eficientes.\u2022 Novos cap\u00edtulos abordam as glomerulopatias associadas a dist\u00farbios do complemento, tratamentos intervencionistas da hipertens\u00e3o resistente, onconefrologia, epidemiologia e an\u00e1lise de fatores progn\u00f3sticos da les\u00e3o renal aguda.\u2022 As imagens colocam em evid\u00eancia t\u00f3picos-chave e detalham a patog\u00eanese de uma gama de condi\u00e7\u00f5es renais e de seu manejo cl\u00ednico.\u2022 Centenas de algoritmos coloridos fornecem refer\u00eancia r\u00e1pida e ajudam voc\u00ea a reter os conceitos principais.\u2022 Revis\u00e3o extensa dos t\u00f3picos principais mant\u00e9m voc\u00ea na vanguarda do conhecimento.\u2022 Mais de 400 NOVAS quest\u00f5es de autoavalia\u00e7\u00e3o e texto completamente acess\u00edvel est\u00e3o dispon\u00edveis on-line, em ingl\u00eas, no Expertconsult.com<\/p>\n","protected":false},"excerpt":{"rendered":"<p>pido ao melhor conhecimento atualizado em cada uma das situa\u00e7\u00f5es cl\u00ednicas em nefrologia.Preparado pelas maiores autoridades mundiais no campo da nefrologia, o livro Nefrologia Cl\u00ednica \u2013 Abordagem Abrangente oferece ao leitor todas as ferramentas necess\u00e1rias para lidar com as situa\u00e7\u00f5es mais desafiadoras. Drs. Richard J. Johnson, John Feehally e J\u00fcrgen Floege e um time internacional&hellip;&nbsp;<a href=\"https:\/\/livrariadocampus.com.br\/loja\/produto\/nefrologia-clinica-portugues-capa-2016-por-richard-johnson\/\" class=\"\" rel=\"bookmark\">Continue a ler &raquo;<span class=\"screen-reader-text\">Nefrologia cl\u00ednica (Portugu\u00eas) Capa 2016 por Richard Johnson<\/span><\/a><\/p>\n","protected":false},"featured_media":245,"template":"","meta":{"neve_meta_sidebar":"","neve_meta_container":"","neve_meta_enable_content_width":"off","neve_meta_content_width":0,"neve_meta_title_alignment":"","neve_meta_author_avatar":"","neve_post_elements_order":"","neve_meta_disable_header":"","neve_meta_disable_footer":"","neve_meta_disable_title":"","_joinchat":[]},"product_brand":[],"product_cat":[58,59],"product_tag":[],"class_list":{"0":"post-244","1":"product","2":"type-product","3":"status-publish","4":"has-post-thumbnail","6":"product_cat-clinica-medica","7":"product_cat-nefrologia","9":"first","10":"instock","11":"sale","12":"shipping-taxable","13":"purchasable","14":"product-type-simple"},"jetpack_sharing_enabled":true,"_links":{"self":[{"href":"https:\/\/livrariadocampus.com.br\/loja\/wp-json\/wp\/v2\/product\/244","targetHints":{"allow":["GET"]}}],"collection":[{"href":"https:\/\/livrariadocampus.com.br\/loja\/wp-json\/wp\/v2\/product"}],"about":[{"href":"https:\/\/livrariadocampus.com.br\/loja\/wp-json\/wp\/v2\/types\/product"}],"wp:featuredmedia":[{"embeddable":true,"href":"https:\/\/livrariadocampus.com.br\/loja\/wp-json\/wp\/v2\/media\/245"}],"wp:attachment":[{"href":"https:\/\/livrariadocampus.com.br\/loja\/wp-json\/wp\/v2\/media?parent=244"}],"wp:term":[{"taxonomy":"product_brand","embeddable":true,"href":"https:\/\/livrariadocampus.com.br\/loja\/wp-json\/wp\/v2\/product_brand?post=244"},{"taxonomy":"product_cat","embeddable":true,"href":"https:\/\/livrariadocampus.com.br\/loja\/wp-json\/wp\/v2\/product_cat?post=244"},{"taxonomy":"product_tag","embeddable":true,"href":"https:\/\/livrariadocampus.com.br\/loja\/wp-json\/wp\/v2\/product_tag?post=244"}],"curies":[{"name":"wp","href":"https:\/\/api.w.org\/{rel}","templated":true}]}}